{"id":1177,"date":"2018-12-18T14:43:36","date_gmt":"2018-12-18T17:43:36","guid":{"rendered":"http:\/\/tecin-mineria.com.ar\/?page_id=1177"},"modified":"2026-03-04T15:17:55","modified_gmt":"2026-03-04T18:17:55","slug":"servicio-de-instalacion-de-sistemas-automaticos-de-lubricacion","status":"publish","type":"page","link":"https:\/\/tecin-mineria.com.ar\/si20te17\/servicios\/servicio-de-instalacion-de-sistemas-automaticos-de-lubricacion\/","title":{"rendered":"INSTALACIO\u0301N DE SISTEMAS AUTOMA\u0301TICOS DE LUBRICACIO\u0301N"},"content":{"rendered":"<p>[vc_row el_class=&#8221;row-list-wrapper&#8221; css=&#8221;.vc_custom_1501705481095{margin-bottom: 0px !important;}&#8221;][vc_column width=&#8221;1\/2&#8243;][vc_single_image image=&#8221;2643&#8243; img_size=&#8221;large&#8221; alignment=&#8221;center&#8221; css=&#8221;.vc_custom_1772648273497{padding-bottom: 20px !important;}&#8221;][\/vc_column][vc_column width=&#8221;1\/2&#8243;][vc_column_text]<\/p>\n<div class=\"page\" title=\"Page 1\">\n<div class=\"layoutArea\">\n<div class=\"column\">\n<p>Los sistemas automa\u0301ticos de lubricacio\u0301n han sido desarrollados para prevenir las reparaciones y las interrupciones de la produccio\u0301n provocadas por averi\u0301as de la maquinaria.<\/p>\n<p>TECIN MINERI\u0301A SRL cuenta con una amplia experiencia en sistemas automa\u0301ticos de lubricacio\u0301n, por lo cual cuenta con personal altamente especializado, que puede resolver sistemas simples para una sola ma\u0301quina, como asi\u0301 tambie\u0301n departamentos de procesos completos.<\/p>\n<p>Podemos asesorarlos con soluciones a su medida que incluyen el disen\u0303o del sistema, provisio\u0301n de los componentes, instalacio\u0301n y confeccio\u0301n de planos.<\/p><\/div>\n<\/div>\n<\/div>\n<p>[\/vc_column_text][\/vc_column][\/vc_row][vc_row css=&#8221;.vc_custom_1501705499616{margin-top: 30px !important;}&#8221;][vc_column][vc_column_text]<\/p>\n<div class=\"page\" title=\"Page 1\">\n<div class=\"layoutArea\">\n<div class=\"column\">\n<p>Contamos con el respaldo de GRACO, por lo cual podemos ofrecer los ma\u0301s modernos sistemas automa\u0301ticos de lubricacio\u0301n:<\/p>\n<\/div>\n<\/div>\n<div class=\"section\">\n<div class=\"layoutArea\">\n<div class=\"column\">\n<ul>\n<li>Sistemas de un solo punto.<\/li>\n<li>Sistemas multipunto.<\/li>\n<li>Sistemas de simple li\u0301nea.<\/li>\n<li>Sistemas de doble li\u0301nea.<\/li>\n<li>Sistemas multili\u0301nea.<\/li>\n<li>Sistemas progresivos<\/li>\n<\/ul>\n<\/div>\n<\/div>\n<\/div>\n<\/div>\n<p>[\/vc_column_text][vc_btn title=&#8221;DESCARGAR FICHA&#8221; style=&#8221;custom&#8221; custom_background=&#8221;#e1332c&#8221; custom_text=&#8221;#ffffff&#8221; shape=&#8221;square&#8221; size=&#8221;sm&#8221; align=&#8221;left&#8221; i_icon_fontawesome=&#8221;fa fa-download&#8221; add_icon=&#8221;true&#8221; link=&#8221;url:https%3A%2F%2Ftecin-mineria.com.ar%2Ffichas-servicios%2FSERVICIO%2520DE%2520INSTALACI%25C3%2593N%2520DE%2520SISTEMAS%2520DE%2520LUBRICACI%25C3%2593N.pdf|title:DESCARGAR|target:%20_blank|&#8221; css=&#8221;.vc_custom_1633381362665{margin-top: 50px !important;}&#8221;][\/vc_column][\/vc_row]<\/p>\n","protected":false},"excerpt":{"rendered":"<p>[vc_row el_class=&#8221;row-list-wrapper&#8221; css=&#8221;.vc_custom_1501705481095{margin-bottom: 0px !important;}&#8221;][vc_column width=&#8221;1\/2&#8243;][vc_single_image image=&#8221;2643&#8243; img_size=&#8221;large&#8221; alignment=&#8221;center&#8221; css=&#8221;.vc_custom_1772648273497{padding-bottom: 20px !important;}&#8221;][\/vc_column][vc_column width=&#8221;1\/2&#8243;][vc_column_text] Los sistemas automa\u0301ticos de lubricacio\u0301n han sido desarrollados para prevenir las reparaciones y las interrupciones de la produccio\u0301n provocadas por averi\u0301as de la maquinaria. TECIN MINERI\u0301A SRL cuenta con una amplia experiencia en sistemas automa\u0301ticos de lubricacio\u0301n, por lo cual cuenta con<\/p>\n","protected":false},"author":4,"featured_media":0,"parent":9,"menu_order":0,"comment_status":"closed","ping_status":"closed","template":"","meta":{"footnotes":""},"class_list":["post-1177","page","type-page","status-publish","hentry"],"yoast_head":"<!-- This site is optimized with the Yoast SEO plugin v27.1.1 - https:\/\/yoast.com\/product\/yoast-seo-wordpress\/ -->\n<title>Instalacion de sistemas automaticos de lubricacion| Tecin - Miner\u00eda<\/title>\n<meta name=\"description\" content=\"Nuestros sistemas autom\u00e1ticos previenen las interrupciones de producci\u00f3n por aver\u00edas de la maquinaria. Desarrollamos soluciones a medidas para cada empresa.\" \/>\n<meta name=\"robots\" content=\"index, follow, max-snippet:-1, max-image-preview:large, max-video-preview:-1\" \/>\n<link rel=\"canonical\" href=\"https:\/\/tecin-mineria.com.ar\/si20te17\/servicios\/servicio-de-instalacion-de-sistemas-automaticos-de-lubricacion\/\" \/>\n<meta property=\"og:locale\" content=\"es_ES\" \/>\n<meta property=\"og:type\" content=\"article\" \/>\n<meta property=\"og:title\" content=\"Instalacion de sistemas automaticos de lubricacion| Tecin - Miner\u00eda\" \/>\n<meta property=\"og:description\" content=\"Nuestros sistemas autom\u00e1ticos previenen las interrupciones de producci\u00f3n por aver\u00edas de la maquinaria. Desarrollamos soluciones a medidas para cada empresa.\" \/>\n<meta property=\"og:url\" content=\"https:\/\/tecin-mineria.com.ar\/si20te17\/servicios\/servicio-de-instalacion-de-sistemas-automaticos-de-lubricacion\/\" \/>\n<meta property=\"og:site_name\" content=\"TECIN - MINERIA\" \/>\n<meta property=\"article:modified_time\" content=\"2026-03-04T18:17:55+00:00\" \/>\n<meta name=\"twitter:card\" content=\"summary_large_image\" \/>\n<meta name=\"twitter:label1\" content=\"Tiempo de lectura\" \/>\n\t<meta name=\"twitter:data1\" content=\"1 minuto\" \/>\n<script type=\"application\/ld+json\" class=\"yoast-schema-graph\">{\"@context\":\"https:\/\/schema.org\",\"@graph\":[{\"@type\":\"WebPage\",\"@id\":\"https:\/\/tecin-mineria.com.ar\/si20te17\/servicios\/servicio-de-instalacion-de-sistemas-automaticos-de-lubricacion\/\",\"url\":\"https:\/\/tecin-mineria.com.ar\/si20te17\/servicios\/servicio-de-instalacion-de-sistemas-automaticos-de-lubricacion\/\",\"name\":\"Instalacion de sistemas automaticos de lubricacion| Tecin - Miner\u00eda\",\"isPartOf\":{\"@id\":\"https:\/\/tecin-mineria.com.ar\/si20te17\/#website\"},\"datePublished\":\"2018-12-18T17:43:36+00:00\",\"dateModified\":\"2026-03-04T18:17:55+00:00\",\"description\":\"Nuestros sistemas autom\u00e1ticos previenen las interrupciones de producci\u00f3n por aver\u00edas de la maquinaria. Desarrollamos soluciones a medidas para cada empresa.\",\"breadcrumb\":{\"@id\":\"https:\/\/tecin-mineria.com.ar\/si20te17\/servicios\/servicio-de-instalacion-de-sistemas-automaticos-de-lubricacion\/#breadcrumb\"},\"inLanguage\":\"es-AR\",\"potentialAction\":[{\"@type\":\"ReadAction\",\"target\":[\"https:\/\/tecin-mineria.com.ar\/si20te17\/servicios\/servicio-de-instalacion-de-sistemas-automaticos-de-lubricacion\/\"]}]},{\"@type\":\"BreadcrumbList\",\"@id\":\"https:\/\/tecin-mineria.com.ar\/si20te17\/servicios\/servicio-de-instalacion-de-sistemas-automaticos-de-lubricacion\/#breadcrumb\",\"itemListElement\":[{\"@type\":\"ListItem\",\"position\":1,\"name\":\"Inicio\",\"item\":\"https:\/\/tecin-mineria.com.ar\/si20te17\/\"},{\"@type\":\"ListItem\",\"position\":2,\"name\":\"Servicios\",\"item\":\"https:\/\/tecin-mineria.com.ar\/si20te17\/servicios\/\"},{\"@type\":\"ListItem\",\"position\":3,\"name\":\"INSTALACIO\u0301N DE SISTEMAS AUTOMA\u0301TICOS DE LUBRICACIO\u0301N\"}]},{\"@type\":\"WebSite\",\"@id\":\"https:\/\/tecin-mineria.com.ar\/si20te17\/#website\",\"url\":\"https:\/\/tecin-mineria.com.ar\/si20te17\/\",\"name\":\"TECIN - MINERIA\",\"description\":\"SOCIOS EN LA SEGURIDAD\",\"publisher\":{\"@id\":\"https:\/\/tecin-mineria.com.ar\/si20te17\/#organization\"},\"potentialAction\":[{\"@type\":\"SearchAction\",\"target\":{\"@type\":\"EntryPoint\",\"urlTemplate\":\"https:\/\/tecin-mineria.com.ar\/si20te17\/?s={search_term_string}\"},\"query-input\":{\"@type\":\"PropertyValueSpecification\",\"valueRequired\":true,\"valueName\":\"search_term_string\"}}],\"inLanguage\":\"es-AR\"},{\"@type\":\"Organization\",\"@id\":\"https:\/\/tecin-mineria.com.ar\/si20te17\/#organization\",\"name\":\"Tecin Mineria\",\"url\":\"https:\/\/tecin-mineria.com.ar\/si20te17\/\",\"logo\":{\"@type\":\"ImageObject\",\"inLanguage\":\"es-AR\",\"@id\":\"https:\/\/tecin-mineria.com.ar\/si20te17\/#\/schema\/logo\/image\/\",\"url\":\"https:\/\/tecin-mineria.com.ar\/si20te17\/wp-content\/uploads\/2018\/12\/TECIN-Mineria-logo-3.png\",\"contentUrl\":\"https:\/\/tecin-mineria.com.ar\/si20te17\/wp-content\/uploads\/2018\/12\/TECIN-Mineria-logo-3.png\",\"width\":328,\"height\":195,\"caption\":\"Tecin Mineria\"},\"image\":{\"@id\":\"https:\/\/tecin-mineria.com.ar\/si20te17\/#\/schema\/logo\/image\/\"},\"sameAs\":[\"https:\/\/www.linkedin.com\/in\/daniel-ab\u00e9-07754027\/\"]}]}<\/script>\n<!-- \/ Yoast SEO plugin. -->","yoast_head_json":{"title":"Instalacion de sistemas automaticos de lubricacion| Tecin - Miner\u00eda","description":"Nuestros sistemas autom\u00e1ticos previenen las interrupciones de producci\u00f3n por aver\u00edas de la maquinaria. Desarrollamos soluciones a medidas para cada empresa.","robots":{"index":"index","follow":"follow","max-snippet":"max-snippet:-1","max-image-preview":"max-image-preview:large","max-video-preview":"max-video-preview:-1"},"canonical":"https:\/\/tecin-mineria.com.ar\/si20te17\/servicios\/servicio-de-instalacion-de-sistemas-automaticos-de-lubricacion\/","og_locale":"es_ES","og_type":"article","og_title":"Instalacion de sistemas automaticos de lubricacion| Tecin - Miner\u00eda","og_description":"Nuestros sistemas autom\u00e1ticos previenen las interrupciones de producci\u00f3n por aver\u00edas de la maquinaria. Desarrollamos soluciones a medidas para cada empresa.","og_url":"https:\/\/tecin-mineria.com.ar\/si20te17\/servicios\/servicio-de-instalacion-de-sistemas-automaticos-de-lubricacion\/","og_site_name":"TECIN - MINERIA","article_modified_time":"2026-03-04T18:17:55+00:00","twitter_card":"summary_large_image","twitter_misc":{"Tiempo de lectura":"1 minuto"},"schema":{"@context":"https:\/\/schema.org","@graph":[{"@type":"WebPage","@id":"https:\/\/tecin-mineria.com.ar\/si20te17\/servicios\/servicio-de-instalacion-de-sistemas-automaticos-de-lubricacion\/","url":"https:\/\/tecin-mineria.com.ar\/si20te17\/servicios\/servicio-de-instalacion-de-sistemas-automaticos-de-lubricacion\/","name":"Instalacion de sistemas automaticos de lubricacion| Tecin - Miner\u00eda","isPartOf":{"@id":"https:\/\/tecin-mineria.com.ar\/si20te17\/#website"},"datePublished":"2018-12-18T17:43:36+00:00","dateModified":"2026-03-04T18:17:55+00:00","description":"Nuestros sistemas autom\u00e1ticos previenen las interrupciones de producci\u00f3n por aver\u00edas de la maquinaria. Desarrollamos soluciones a medidas para cada empresa.","breadcrumb":{"@id":"https:\/\/tecin-mineria.com.ar\/si20te17\/servicios\/servicio-de-instalacion-de-sistemas-automaticos-de-lubricacion\/#breadcrumb"},"inLanguage":"es-AR","potentialAction":[{"@type":"ReadAction","target":["https:\/\/tecin-mineria.com.ar\/si20te17\/servicios\/servicio-de-instalacion-de-sistemas-automaticos-de-lubricacion\/"]}]},{"@type":"BreadcrumbList","@id":"https:\/\/tecin-mineria.com.ar\/si20te17\/servicios\/servicio-de-instalacion-de-sistemas-automaticos-de-lubricacion\/#breadcrumb","itemListElement":[{"@type":"ListItem","position":1,"name":"Inicio","item":"https:\/\/tecin-mineria.com.ar\/si20te17\/"},{"@type":"ListItem","position":2,"name":"Servicios","item":"https:\/\/tecin-mineria.com.ar\/si20te17\/servicios\/"},{"@type":"ListItem","position":3,"name":"INSTALACIO\u0301N DE SISTEMAS AUTOMA\u0301TICOS DE LUBRICACIO\u0301N"}]},{"@type":"WebSite","@id":"https:\/\/tecin-mineria.com.ar\/si20te17\/#website","url":"https:\/\/tecin-mineria.com.ar\/si20te17\/","name":"TECIN - MINERIA","description":"SOCIOS EN LA SEGURIDAD","publisher":{"@id":"https:\/\/tecin-mineria.com.ar\/si20te17\/#organization"},"potentialAction":[{"@type":"SearchAction","target":{"@type":"EntryPoint","urlTemplate":"https:\/\/tecin-mineria.com.ar\/si20te17\/?s={search_term_string}"},"query-input":{"@type":"PropertyValueSpecification","valueRequired":true,"valueName":"search_term_string"}}],"inLanguage":"es-AR"},{"@type":"Organization","@id":"https:\/\/tecin-mineria.com.ar\/si20te17\/#organization","name":"Tecin Mineria","url":"https:\/\/tecin-mineria.com.ar\/si20te17\/","logo":{"@type":"ImageObject","inLanguage":"es-AR","@id":"https:\/\/tecin-mineria.com.ar\/si20te17\/#\/schema\/logo\/image\/","url":"https:\/\/tecin-mineria.com.ar\/si20te17\/wp-content\/uploads\/2018\/12\/TECIN-Mineria-logo-3.png","contentUrl":"https:\/\/tecin-mineria.com.ar\/si20te17\/wp-content\/uploads\/2018\/12\/TECIN-Mineria-logo-3.png","width":328,"height":195,"caption":"Tecin Mineria"},"image":{"@id":"https:\/\/tecin-mineria.com.ar\/si20te17\/#\/schema\/logo\/image\/"},"sameAs":["https:\/\/www.linkedin.com\/in\/daniel-ab\u00e9-07754027\/"]}]}},"_links":{"self":[{"href":"https:\/\/tecin-mineria.com.ar\/si20te17\/wp-json\/wp\/v2\/pages\/1177","targetHints":{"allow":["GET"]}}],"collection":[{"href":"https:\/\/tecin-mineria.com.ar\/si20te17\/wp-json\/wp\/v2\/pages"}],"about":[{"href":"https:\/\/tecin-mineria.com.ar\/si20te17\/wp-json\/wp\/v2\/types\/page"}],"author":[{"embeddable":true,"href":"https:\/\/tecin-mineria.com.ar\/si20te17\/wp-json\/wp\/v2\/users\/4"}],"replies":[{"embeddable":true,"href":"https:\/\/tecin-mineria.com.ar\/si20te17\/wp-json\/wp\/v2\/comments?post=1177"}],"version-history":[{"count":12,"href":"https:\/\/tecin-mineria.com.ar\/si20te17\/wp-json\/wp\/v2\/pages\/1177\/revisions"}],"predecessor-version":[{"id":2644,"href":"https:\/\/tecin-mineria.com.ar\/si20te17\/wp-json\/wp\/v2\/pages\/1177\/revisions\/2644"}],"up":[{"embeddable":true,"href":"https:\/\/tecin-mineria.com.ar\/si20te17\/wp-json\/wp\/v2\/pages\/9"}],"wp:attachment":[{"href":"https:\/\/tecin-mineria.com.ar\/si20te17\/wp-json\/wp\/v2\/media?parent=1177"}],"curies":[{"name":"wp","href":"https:\/\/api.w.org\/{rel}","templated":true}]}}