{"id":1801,"date":"2021-10-04T16:15:51","date_gmt":"2021-10-04T19:15:51","guid":{"rendered":"http:\/\/nomadigc-cp707.wordpresstemporal.com\/tecin-mineria.com.ar\/?page_id=1801"},"modified":"2021-10-29T17:09:23","modified_gmt":"2021-10-29T20:09:23","slug":"politica-integrada-de-calidad-salud-y-seguridad-en-el-trabajo","status":"publish","type":"page","link":"https:\/\/tecin-mineria.com.ar\/si20te17\/politica-integrada-de-calidad-salud-y-seguridad-en-el-trabajo\/","title":{"rendered":"Pol\u00edtica Integrada de Calidad, Salud y Seguridad en el Trabajo"},"content":{"rendered":"<p>[vc_row css=&#8221;.vc_custom_1633017004643{background-color: #ffffff !important;}&#8221;][vc_column width=&#8221;4\/5&#8243; css=&#8221;.vc_custom_1635538117057{margin-top: 100px !important;}&#8221;][vc_custom_heading text=&#8221;Pol\u00edtica Integrada de Calidad, Salud y Seguridad en el Trabajo&#8221; font_container=&#8221;tag:h3|text_align:left&#8221; use_theme_fonts=&#8221;yes&#8221;][vc_separator][vc_empty_space][vc_column_text]<b>TECIN MINER\u00cdA SRL <\/b><span style=\"font-weight: 400;\">es una empresa dedicada a la comercializaci\u00f3n, instalaci\u00f3n y mantenimiento de sistemas de supresi\u00f3n de incendios para veh\u00edculos fuera de ruta, sistemas autom\u00e1ticos de lubricaci\u00f3n, herramientas manuales para la lubricaci\u00f3n, herramientas para mantenimientos industriales, rodamientos y productos complementarios.\u00a0<\/span><\/p>\n<p><span style=\"font-weight: 400;\">Dentro del marco de nuestra misi\u00f3n, visi\u00f3n y valores, las actividades de la empresa se apoyan en los siguientes principios:\u00a0<\/span><\/p>\n<p><span style=\"font-weight: 400;\">\u2022 Desarrollar y establecer una gesti\u00f3n integrada basada en la calidad de nuestros procesos, el cuidado de la seguridad y la salud ocupacional de las personas y la propiedad, con el respaldo de la Gerencia General.\u00a0<\/span><\/p>\n<p><span style=\"font-weight: 400;\">\u2022 Velar por el cumplimiento de los requisitos, las exigencias de la normativa legal y reglamentaria\u00a0<\/span><span style=\"font-weight: 400;\">aplicable vigente, y aquellos a los que la empresa adhiera voluntariamente.\u00a0<\/span><\/p>\n<p><span style=\"font-weight: 400;\">\u2022 Evaluar, analizar y satisfacer las necesidades y expectativas de las partes interesadas.\u00a0<\/span><\/p>\n<p><span style=\"font-weight: 400;\">\u2022 Favorecer la consulta y participaci\u00f3n de las partes interesadas.\u00a0<\/span><\/p>\n<p><span style=\"font-weight: 400;\">\u2022 Proporcionar un lugar de trabajo seguro, sano y libre de da\u00f1os. Previniendo posibles enfermedades y accidentes, eliminando los peligros y reduciendo los riesgos, de manera que las actividades sean realizadas con calidad y cuidando la integridad de las personas y la propiedad.\u00a0<\/span><\/p>\n<p><span style=\"font-weight: 400;\">\u2022 Desarrollar las competencias y motivar a todos los empleados con el objeto de que adquieran\u00a0<\/span><span style=\"font-weight: 400;\">responsabilidad y compromiso con el Sistema de Gesti\u00f3n Integrado.\u00a0<\/span><\/p>\n<p><span style=\"font-weight: 400;\">El cumplimiento con responsabilidad y compromiso, de cada uno de estos principios, por parte de quienes integramos <\/span><b>TECIN MINER\u00cdA\u00a0<\/b><span style=\"font-weight: 400;\">asegurar\u00e1 una cultura basada en la mejora continua del sistema de gesti\u00f3n integrado.\u00a0<\/span>[\/vc_column_text][vc_empty_space][\/vc_column][\/vc_row]<\/p>\n","protected":false},"excerpt":{"rendered":"<p>[vc_row css=&#8221;.vc_custom_1633017004643{background-color: #ffffff !important;}&#8221;][vc_column width=&#8221;4\/5&#8243; css=&#8221;.vc_custom_1635538117057{margin-top: 100px !important;}&#8221;][vc_custom_heading text=&#8221;Pol\u00edtica Integrada de Calidad, Salud y Seguridad en el Trabajo&#8221; font_container=&#8221;tag:h3|text_align:left&#8221; use_theme_fonts=&#8221;yes&#8221;][vc_separator][vc_empty_space][vc_column_text]TECIN MINER\u00cdA SRL es una empresa dedicada a la comercializaci\u00f3n, instalaci\u00f3n y mantenimiento de sistemas de supresi\u00f3n de incendios para veh\u00edculos fuera de ruta, sistemas autom\u00e1ticos de lubricaci\u00f3n, herramientas manuales para la lubricaci\u00f3n, herramientas para mantenimientos<\/p>\n","protected":false},"author":6,"featured_media":0,"parent":0,"menu_order":0,"comment_status":"closed","ping_status":"closed","template":"tpl-visual_composer.php","meta":{"footnotes":""},"class_list":["post-1801","page","type-page","status-publish","hentry"],"yoast_head":"<!-- This site is optimized with the Yoast SEO plugin v27.1.1 - https:\/\/yoast.com\/product\/yoast-seo-wordpress\/ -->\n<title>Pol\u00edtica Integrada de Calidad, Salud y Seguridad en el Trabajo - TECIN - MINERIA<\/title>\n<meta name=\"robots\" content=\"index, follow, max-snippet:-1, max-image-preview:large, max-video-preview:-1\" \/>\n<link rel=\"canonical\" href=\"https:\/\/tecin-mineria.com.ar\/si20te17\/politica-integrada-de-calidad-salud-y-seguridad-en-el-trabajo\/\" \/>\n<meta property=\"og:locale\" content=\"es_ES\" \/>\n<meta property=\"og:type\" content=\"article\" \/>\n<meta property=\"og:title\" content=\"Pol\u00edtica Integrada de Calidad, Salud y Seguridad en el Trabajo - TECIN - MINERIA\" \/>\n<meta property=\"og:description\" content=\"[vc_row css=&#8221;.vc_custom_1633017004643{background-color: #ffffff !important;}&#8221;][vc_column width=&#8221;4\/5&#8243; css=&#8221;.vc_custom_1635538117057{margin-top: 100px !important;}&#8221;][vc_custom_heading text=&#8221;Pol\u00edtica Integrada de Calidad, Salud y Seguridad en el Trabajo&#8221; font_container=&#8221;tag:h3|text_align:left&#8221; use_theme_fonts=&#8221;yes&#8221;][vc_separator][vc_empty_space][vc_column_text]TECIN MINER\u00cdA SRL es una empresa dedicada a la comercializaci\u00f3n, instalaci\u00f3n y mantenimiento de sistemas de supresi\u00f3n de incendios para veh\u00edculos fuera de ruta, sistemas autom\u00e1ticos de lubricaci\u00f3n, herramientas manuales para la lubricaci\u00f3n, herramientas para mantenimientos\" \/>\n<meta property=\"og:url\" content=\"https:\/\/tecin-mineria.com.ar\/si20te17\/politica-integrada-de-calidad-salud-y-seguridad-en-el-trabajo\/\" \/>\n<meta property=\"og:site_name\" content=\"TECIN - MINERIA\" \/>\n<meta property=\"article:modified_time\" content=\"2021-10-29T20:09:23+00:00\" \/>\n<meta name=\"twitter:card\" content=\"summary_large_image\" \/>\n<meta name=\"twitter:label1\" content=\"Tiempo de lectura\" \/>\n\t<meta name=\"twitter:data1\" content=\"2 minutos\" \/>\n<script type=\"application\/ld+json\" class=\"yoast-schema-graph\">{\"@context\":\"https:\/\/schema.org\",\"@graph\":[{\"@type\":\"WebPage\",\"@id\":\"https:\/\/tecin-mineria.com.ar\/si20te17\/politica-integrada-de-calidad-salud-y-seguridad-en-el-trabajo\/\",\"url\":\"https:\/\/tecin-mineria.com.ar\/si20te17\/politica-integrada-de-calidad-salud-y-seguridad-en-el-trabajo\/\",\"name\":\"Pol\u00edtica Integrada de Calidad, Salud y Seguridad en el Trabajo - TECIN - MINERIA\",\"isPartOf\":{\"@id\":\"https:\/\/tecin-mineria.com.ar\/si20te17\/#website\"},\"datePublished\":\"2021-10-04T19:15:51+00:00\",\"dateModified\":\"2021-10-29T20:09:23+00:00\",\"breadcrumb\":{\"@id\":\"https:\/\/tecin-mineria.com.ar\/si20te17\/politica-integrada-de-calidad-salud-y-seguridad-en-el-trabajo\/#breadcrumb\"},\"inLanguage\":\"es-AR\",\"potentialAction\":[{\"@type\":\"ReadAction\",\"target\":[\"https:\/\/tecin-mineria.com.ar\/si20te17\/politica-integrada-de-calidad-salud-y-seguridad-en-el-trabajo\/\"]}]},{\"@type\":\"BreadcrumbList\",\"@id\":\"https:\/\/tecin-mineria.com.ar\/si20te17\/politica-integrada-de-calidad-salud-y-seguridad-en-el-trabajo\/#breadcrumb\",\"itemListElement\":[{\"@type\":\"ListItem\",\"position\":1,\"name\":\"Inicio\",\"item\":\"https:\/\/tecin-mineria.com.ar\/si20te17\/\"},{\"@type\":\"ListItem\",\"position\":2,\"name\":\"Pol\u00edtica Integrada de Calidad, Salud y Seguridad en el Trabajo\"}]},{\"@type\":\"WebSite\",\"@id\":\"https:\/\/tecin-mineria.com.ar\/si20te17\/#website\",\"url\":\"https:\/\/tecin-mineria.com.ar\/si20te17\/\",\"name\":\"TECIN - MINERIA\",\"description\":\"SOCIOS EN LA SEGURIDAD\",\"publisher\":{\"@id\":\"https:\/\/tecin-mineria.com.ar\/si20te17\/#organization\"},\"potentialAction\":[{\"@type\":\"SearchAction\",\"target\":{\"@type\":\"EntryPoint\",\"urlTemplate\":\"https:\/\/tecin-mineria.com.ar\/si20te17\/?s={search_term_string}\"},\"query-input\":{\"@type\":\"PropertyValueSpecification\",\"valueRequired\":true,\"valueName\":\"search_term_string\"}}],\"inLanguage\":\"es-AR\"},{\"@type\":\"Organization\",\"@id\":\"https:\/\/tecin-mineria.com.ar\/si20te17\/#organization\",\"name\":\"Tecin Mineria\",\"url\":\"https:\/\/tecin-mineria.com.ar\/si20te17\/\",\"logo\":{\"@type\":\"ImageObject\",\"inLanguage\":\"es-AR\",\"@id\":\"https:\/\/tecin-mineria.com.ar\/si20te17\/#\/schema\/logo\/image\/\",\"url\":\"https:\/\/tecin-mineria.com.ar\/si20te17\/wp-content\/uploads\/2018\/12\/TECIN-Mineria-logo-3.png\",\"contentUrl\":\"https:\/\/tecin-mineria.com.ar\/si20te17\/wp-content\/uploads\/2018\/12\/TECIN-Mineria-logo-3.png\",\"width\":328,\"height\":195,\"caption\":\"Tecin Mineria\"},\"image\":{\"@id\":\"https:\/\/tecin-mineria.com.ar\/si20te17\/#\/schema\/logo\/image\/\"},\"sameAs\":[\"https:\/\/www.linkedin.com\/in\/daniel-ab\u00e9-07754027\/\"]}]}<\/script>\n<!-- \/ Yoast SEO plugin. -->","yoast_head_json":{"title":"Pol\u00edtica Integrada de Calidad, Salud y Seguridad en el Trabajo - TECIN - MINERIA","robots":{"index":"index","follow":"follow","max-snippet":"max-snippet:-1","max-image-preview":"max-image-preview:large","max-video-preview":"max-video-preview:-1"},"canonical":"https:\/\/tecin-mineria.com.ar\/si20te17\/politica-integrada-de-calidad-salud-y-seguridad-en-el-trabajo\/","og_locale":"es_ES","og_type":"article","og_title":"Pol\u00edtica Integrada de Calidad, Salud y Seguridad en el Trabajo - TECIN - MINERIA","og_description":"[vc_row css=&#8221;.vc_custom_1633017004643{background-color: #ffffff !important;}&#8221;][vc_column width=&#8221;4\/5&#8243; css=&#8221;.vc_custom_1635538117057{margin-top: 100px !important;}&#8221;][vc_custom_heading text=&#8221;Pol\u00edtica Integrada de Calidad, Salud y Seguridad en el Trabajo&#8221; font_container=&#8221;tag:h3|text_align:left&#8221; use_theme_fonts=&#8221;yes&#8221;][vc_separator][vc_empty_space][vc_column_text]TECIN MINER\u00cdA SRL es una empresa dedicada a la comercializaci\u00f3n, instalaci\u00f3n y mantenimiento de sistemas de supresi\u00f3n de incendios para veh\u00edculos fuera de ruta, sistemas autom\u00e1ticos de lubricaci\u00f3n, herramientas manuales para la lubricaci\u00f3n, herramientas para mantenimientos","og_url":"https:\/\/tecin-mineria.com.ar\/si20te17\/politica-integrada-de-calidad-salud-y-seguridad-en-el-trabajo\/","og_site_name":"TECIN - MINERIA","article_modified_time":"2021-10-29T20:09:23+00:00","twitter_card":"summary_large_image","twitter_misc":{"Tiempo de lectura":"2 minutos"},"schema":{"@context":"https:\/\/schema.org","@graph":[{"@type":"WebPage","@id":"https:\/\/tecin-mineria.com.ar\/si20te17\/politica-integrada-de-calidad-salud-y-seguridad-en-el-trabajo\/","url":"https:\/\/tecin-mineria.com.ar\/si20te17\/politica-integrada-de-calidad-salud-y-seguridad-en-el-trabajo\/","name":"Pol\u00edtica Integrada de Calidad, Salud y Seguridad en el Trabajo - TECIN - MINERIA","isPartOf":{"@id":"https:\/\/tecin-mineria.com.ar\/si20te17\/#website"},"datePublished":"2021-10-04T19:15:51+00:00","dateModified":"2021-10-29T20:09:23+00:00","breadcrumb":{"@id":"https:\/\/tecin-mineria.com.ar\/si20te17\/politica-integrada-de-calidad-salud-y-seguridad-en-el-trabajo\/#breadcrumb"},"inLanguage":"es-AR","potentialAction":[{"@type":"ReadAction","target":["https:\/\/tecin-mineria.com.ar\/si20te17\/politica-integrada-de-calidad-salud-y-seguridad-en-el-trabajo\/"]}]},{"@type":"BreadcrumbList","@id":"https:\/\/tecin-mineria.com.ar\/si20te17\/politica-integrada-de-calidad-salud-y-seguridad-en-el-trabajo\/#breadcrumb","itemListElement":[{"@type":"ListItem","position":1,"name":"Inicio","item":"https:\/\/tecin-mineria.com.ar\/si20te17\/"},{"@type":"ListItem","position":2,"name":"Pol\u00edtica Integrada de Calidad, Salud y Seguridad en el Trabajo"}]},{"@type":"WebSite","@id":"https:\/\/tecin-mineria.com.ar\/si20te17\/#website","url":"https:\/\/tecin-mineria.com.ar\/si20te17\/","name":"TECIN - MINERIA","description":"SOCIOS EN LA SEGURIDAD","publisher":{"@id":"https:\/\/tecin-mineria.com.ar\/si20te17\/#organization"},"potentialAction":[{"@type":"SearchAction","target":{"@type":"EntryPoint","urlTemplate":"https:\/\/tecin-mineria.com.ar\/si20te17\/?s={search_term_string}"},"query-input":{"@type":"PropertyValueSpecification","valueRequired":true,"valueName":"search_term_string"}}],"inLanguage":"es-AR"},{"@type":"Organization","@id":"https:\/\/tecin-mineria.com.ar\/si20te17\/#organization","name":"Tecin Mineria","url":"https:\/\/tecin-mineria.com.ar\/si20te17\/","logo":{"@type":"ImageObject","inLanguage":"es-AR","@id":"https:\/\/tecin-mineria.com.ar\/si20te17\/#\/schema\/logo\/image\/","url":"https:\/\/tecin-mineria.com.ar\/si20te17\/wp-content\/uploads\/2018\/12\/TECIN-Mineria-logo-3.png","contentUrl":"https:\/\/tecin-mineria.com.ar\/si20te17\/wp-content\/uploads\/2018\/12\/TECIN-Mineria-logo-3.png","width":328,"height":195,"caption":"Tecin Mineria"},"image":{"@id":"https:\/\/tecin-mineria.com.ar\/si20te17\/#\/schema\/logo\/image\/"},"sameAs":["https:\/\/www.linkedin.com\/in\/daniel-ab\u00e9-07754027\/"]}]}},"_links":{"self":[{"href":"https:\/\/tecin-mineria.com.ar\/si20te17\/wp-json\/wp\/v2\/pages\/1801","targetHints":{"allow":["GET"]}}],"collection":[{"href":"https:\/\/tecin-mineria.com.ar\/si20te17\/wp-json\/wp\/v2\/pages"}],"about":[{"href":"https:\/\/tecin-mineria.com.ar\/si20te17\/wp-json\/wp\/v2\/types\/page"}],"author":[{"embeddable":true,"href":"https:\/\/tecin-mineria.com.ar\/si20te17\/wp-json\/wp\/v2\/users\/6"}],"replies":[{"embeddable":true,"href":"https:\/\/tecin-mineria.com.ar\/si20te17\/wp-json\/wp\/v2\/comments?post=1801"}],"version-history":[{"count":18,"href":"https:\/\/tecin-mineria.com.ar\/si20te17\/wp-json\/wp\/v2\/pages\/1801\/revisions"}],"predecessor-version":[{"id":2005,"href":"https:\/\/tecin-mineria.com.ar\/si20te17\/wp-json\/wp\/v2\/pages\/1801\/revisions\/2005"}],"wp:attachment":[{"href":"https:\/\/tecin-mineria.com.ar\/si20te17\/wp-json\/wp\/v2\/media?parent=1801"}],"curies":[{"name":"wp","href":"https:\/\/api.w.org\/{rel}","templated":true}]}}