{"id":2387,"date":"2025-02-10T13:52:29","date_gmt":"2025-02-10T16:52:29","guid":{"rendered":"https:\/\/tecin-mineria.com.ar\/si20te17\/?page_id=2387"},"modified":"2025-02-10T13:53:28","modified_gmt":"2025-02-10T16:53:28","slug":"valvulas-divisoras-de-flujo","status":"publish","type":"page","link":"https:\/\/tecin-mineria.com.ar\/si20te17\/valvulas-divisoras-de-flujo\/","title":{"rendered":"V\u00e1lvulas divisoras de flujo"},"content":{"rendered":"<p>[vc_row][vc_column][vc_btn title=&#8221;Volver&#8221; style=&#8221;flat&#8221; shape=&#8221;square&#8221; color=&#8221;default&#8221; size=&#8221;xs&#8221; i_icon_fontawesome=&#8221;fas fa-arrow-left&#8221; add_icon=&#8221;true&#8221; link=&#8221;url:https%3A%2F%2Ftecin-mineria.com.ar%2Fsi20te17%2Fproductos%2Flubricacion%2F|title:Sistemas%20de%20supresi%C3%B3n%20de%20incendios&#8221; css=&#8221;.vc_custom_1739206082487{background-color: #ffffff !important;}&#8221;][\/vc_column][\/vc_row][vc_row][vc_column width=&#8221;1\/2&#8243;][vc_single_image image=&#8221;2301&#8243; img_size=&#8221;full&#8221; alignment=&#8221;right&#8221; style=&#8221;vc_box_shadow_3d&#8221;][\/vc_column][vc_column width=&#8221;1\/2&#8243;][vc_column_text]<span style=\"font-weight: 400;\">La amplia l\u00ednea de v\u00e1lvulas divisoras de flujo de Graco forma parte de nuestra familia de sistemas de lubricaci\u00f3n autom\u00e1tica para veh\u00edculos pesados <\/span><span style=\"font-weight: 400;\">\u200b\u200b<\/span><span style=\"font-weight: 400;\">en carretera en \u00e1reas como tractocamiones, camiones de cemento y transportadores de residuos. Como parte de un sistema de lubricaci\u00f3n autom\u00e1tica completo para veh\u00edculos, estas v\u00e1lvulas divisoras dispensan lubricante con precisi\u00f3n desde cada salida del bloque hasta los puntos de engrase de todo el veh\u00edculo.<\/span>[\/vc_column_text][\/vc_column][\/vc_row]<\/p>\n","protected":false},"excerpt":{"rendered":"<p>[vc_row][vc_column][vc_btn title=&#8221;Volver&#8221; style=&#8221;flat&#8221; shape=&#8221;square&#8221; color=&#8221;default&#8221; size=&#8221;xs&#8221; i_icon_fontawesome=&#8221;fas fa-arrow-left&#8221; add_icon=&#8221;true&#8221; link=&#8221;url:https%3A%2F%2Ftecin-mineria.com.ar%2Fsi20te17%2Fproductos%2Flubricacion%2F|title:Sistemas%20de%20supresi%C3%B3n%20de%20incendios&#8221; css=&#8221;.vc_custom_1739206082487{background-color: #ffffff !important;}&#8221;][\/vc_column][\/vc_row][vc_row][vc_column width=&#8221;1\/2&#8243;][vc_single_image image=&#8221;2301&#8243; img_size=&#8221;full&#8221; alignment=&#8221;right&#8221; style=&#8221;vc_box_shadow_3d&#8221;][\/vc_column][vc_column width=&#8221;1\/2&#8243;][vc_column_text]La amplia l\u00ednea de v\u00e1lvulas divisoras de flujo de Graco forma parte de nuestra familia de sistemas de lubricaci\u00f3n autom\u00e1tica para veh\u00edculos pesados \u200b\u200ben carretera en \u00e1reas como tractocamiones, camiones de cemento y transportadores de residuos. Como<\/p>\n","protected":false},"author":4,"featured_media":0,"parent":0,"menu_order":0,"comment_status":"closed","ping_status":"closed","template":"","meta":{"footnotes":""},"class_list":["post-2387","page","type-page","status-publish","hentry"],"yoast_head":"<!-- This site is optimized with the Yoast SEO plugin v27.1.1 - https:\/\/yoast.com\/product\/yoast-seo-wordpress\/ -->\n<title>V\u00e1lvulas divisoras de flujo - TECIN - MINERIA<\/title>\n<meta name=\"robots\" content=\"index, follow, max-snippet:-1, max-image-preview:large, max-video-preview:-1\" \/>\n<link rel=\"canonical\" href=\"https:\/\/tecin-mineria.com.ar\/si20te17\/valvulas-divisoras-de-flujo\/\" \/>\n<meta property=\"og:locale\" content=\"es_ES\" \/>\n<meta property=\"og:type\" content=\"article\" \/>\n<meta property=\"og:title\" content=\"V\u00e1lvulas divisoras de flujo - TECIN - MINERIA\" \/>\n<meta property=\"og:description\" content=\"[vc_row][vc_column][vc_btn title=&#8221;Volver&#8221; style=&#8221;flat&#8221; shape=&#8221;square&#8221; color=&#8221;default&#8221; size=&#8221;xs&#8221; i_icon_fontawesome=&#8221;fas fa-arrow-left&#8221; add_icon=&#8221;true&#8221; link=&#8221;url:https%3A%2F%2Ftecin-mineria.com.ar%2Fsi20te17%2Fproductos%2Flubricacion%2F|title:Sistemas%20de%20supresi%C3%B3n%20de%20incendios&#8221; css=&#8221;.vc_custom_1739206082487{background-color: #ffffff !important;}&#8221;][\/vc_column][\/vc_row][vc_row][vc_column width=&#8221;1\/2&#8243;][vc_single_image image=&#8221;2301&#8243; img_size=&#8221;full&#8221; alignment=&#8221;right&#8221; style=&#8221;vc_box_shadow_3d&#8221;][\/vc_column][vc_column width=&#8221;1\/2&#8243;][vc_column_text]La amplia l\u00ednea de v\u00e1lvulas divisoras de flujo de Graco forma parte de nuestra familia de sistemas de lubricaci\u00f3n autom\u00e1tica para veh\u00edculos pesados \u200b\u200ben carretera en \u00e1reas como tractocamiones, camiones de cemento y transportadores de residuos. Como\" \/>\n<meta property=\"og:url\" content=\"https:\/\/tecin-mineria.com.ar\/si20te17\/valvulas-divisoras-de-flujo\/\" \/>\n<meta property=\"og:site_name\" content=\"TECIN - MINERIA\" \/>\n<meta property=\"article:modified_time\" content=\"2025-02-10T16:53:28+00:00\" \/>\n<meta name=\"twitter:card\" content=\"summary_large_image\" \/>\n<meta name=\"twitter:label1\" content=\"Tiempo de lectura\" \/>\n\t<meta name=\"twitter:data1\" content=\"1 minuto\" \/>\n<script type=\"application\/ld+json\" class=\"yoast-schema-graph\">{\"@context\":\"https:\/\/schema.org\",\"@graph\":[{\"@type\":\"WebPage\",\"@id\":\"https:\/\/tecin-mineria.com.ar\/si20te17\/valvulas-divisoras-de-flujo\/\",\"url\":\"https:\/\/tecin-mineria.com.ar\/si20te17\/valvulas-divisoras-de-flujo\/\",\"name\":\"V\u00e1lvulas divisoras de flujo - TECIN - MINERIA\",\"isPartOf\":{\"@id\":\"https:\/\/tecin-mineria.com.ar\/si20te17\/#website\"},\"datePublished\":\"2025-02-10T16:52:29+00:00\",\"dateModified\":\"2025-02-10T16:53:28+00:00\",\"breadcrumb\":{\"@id\":\"https:\/\/tecin-mineria.com.ar\/si20te17\/valvulas-divisoras-de-flujo\/#breadcrumb\"},\"inLanguage\":\"es-AR\",\"potentialAction\":[{\"@type\":\"ReadAction\",\"target\":[\"https:\/\/tecin-mineria.com.ar\/si20te17\/valvulas-divisoras-de-flujo\/\"]}]},{\"@type\":\"BreadcrumbList\",\"@id\":\"https:\/\/tecin-mineria.com.ar\/si20te17\/valvulas-divisoras-de-flujo\/#breadcrumb\",\"itemListElement\":[{\"@type\":\"ListItem\",\"position\":1,\"name\":\"Inicio\",\"item\":\"https:\/\/tecin-mineria.com.ar\/si20te17\/\"},{\"@type\":\"ListItem\",\"position\":2,\"name\":\"V\u00e1lvulas divisoras de flujo\"}]},{\"@type\":\"WebSite\",\"@id\":\"https:\/\/tecin-mineria.com.ar\/si20te17\/#website\",\"url\":\"https:\/\/tecin-mineria.com.ar\/si20te17\/\",\"name\":\"TECIN - MINERIA\",\"description\":\"SOCIOS EN LA SEGURIDAD\",\"publisher\":{\"@id\":\"https:\/\/tecin-mineria.com.ar\/si20te17\/#organization\"},\"potentialAction\":[{\"@type\":\"SearchAction\",\"target\":{\"@type\":\"EntryPoint\",\"urlTemplate\":\"https:\/\/tecin-mineria.com.ar\/si20te17\/?s={search_term_string}\"},\"query-input\":{\"@type\":\"PropertyValueSpecification\",\"valueRequired\":true,\"valueName\":\"search_term_string\"}}],\"inLanguage\":\"es-AR\"},{\"@type\":\"Organization\",\"@id\":\"https:\/\/tecin-mineria.com.ar\/si20te17\/#organization\",\"name\":\"Tecin Mineria\",\"url\":\"https:\/\/tecin-mineria.com.ar\/si20te17\/\",\"logo\":{\"@type\":\"ImageObject\",\"inLanguage\":\"es-AR\",\"@id\":\"https:\/\/tecin-mineria.com.ar\/si20te17\/#\/schema\/logo\/image\/\",\"url\":\"https:\/\/tecin-mineria.com.ar\/si20te17\/wp-content\/uploads\/2018\/12\/TECIN-Mineria-logo-3.png\",\"contentUrl\":\"https:\/\/tecin-mineria.com.ar\/si20te17\/wp-content\/uploads\/2018\/12\/TECIN-Mineria-logo-3.png\",\"width\":328,\"height\":195,\"caption\":\"Tecin Mineria\"},\"image\":{\"@id\":\"https:\/\/tecin-mineria.com.ar\/si20te17\/#\/schema\/logo\/image\/\"},\"sameAs\":[\"https:\/\/www.linkedin.com\/in\/daniel-ab\u00e9-07754027\/\"]}]}<\/script>\n<!-- \/ Yoast SEO plugin. -->","yoast_head_json":{"title":"V\u00e1lvulas divisoras de flujo - TECIN - MINERIA","robots":{"index":"index","follow":"follow","max-snippet":"max-snippet:-1","max-image-preview":"max-image-preview:large","max-video-preview":"max-video-preview:-1"},"canonical":"https:\/\/tecin-mineria.com.ar\/si20te17\/valvulas-divisoras-de-flujo\/","og_locale":"es_ES","og_type":"article","og_title":"V\u00e1lvulas divisoras de flujo - TECIN - MINERIA","og_description":"[vc_row][vc_column][vc_btn title=&#8221;Volver&#8221; style=&#8221;flat&#8221; shape=&#8221;square&#8221; color=&#8221;default&#8221; size=&#8221;xs&#8221; i_icon_fontawesome=&#8221;fas fa-arrow-left&#8221; add_icon=&#8221;true&#8221; link=&#8221;url:https%3A%2F%2Ftecin-mineria.com.ar%2Fsi20te17%2Fproductos%2Flubricacion%2F|title:Sistemas%20de%20supresi%C3%B3n%20de%20incendios&#8221; css=&#8221;.vc_custom_1739206082487{background-color: #ffffff !important;}&#8221;][\/vc_column][\/vc_row][vc_row][vc_column width=&#8221;1\/2&#8243;][vc_single_image image=&#8221;2301&#8243; img_size=&#8221;full&#8221; alignment=&#8221;right&#8221; style=&#8221;vc_box_shadow_3d&#8221;][\/vc_column][vc_column width=&#8221;1\/2&#8243;][vc_column_text]La amplia l\u00ednea de v\u00e1lvulas divisoras de flujo de Graco forma parte de nuestra familia de sistemas de lubricaci\u00f3n autom\u00e1tica para veh\u00edculos pesados \u200b\u200ben carretera en \u00e1reas como tractocamiones, camiones de cemento y transportadores de residuos. Como","og_url":"https:\/\/tecin-mineria.com.ar\/si20te17\/valvulas-divisoras-de-flujo\/","og_site_name":"TECIN - MINERIA","article_modified_time":"2025-02-10T16:53:28+00:00","twitter_card":"summary_large_image","twitter_misc":{"Tiempo de lectura":"1 minuto"},"schema":{"@context":"https:\/\/schema.org","@graph":[{"@type":"WebPage","@id":"https:\/\/tecin-mineria.com.ar\/si20te17\/valvulas-divisoras-de-flujo\/","url":"https:\/\/tecin-mineria.com.ar\/si20te17\/valvulas-divisoras-de-flujo\/","name":"V\u00e1lvulas divisoras de flujo - TECIN - MINERIA","isPartOf":{"@id":"https:\/\/tecin-mineria.com.ar\/si20te17\/#website"},"datePublished":"2025-02-10T16:52:29+00:00","dateModified":"2025-02-10T16:53:28+00:00","breadcrumb":{"@id":"https:\/\/tecin-mineria.com.ar\/si20te17\/valvulas-divisoras-de-flujo\/#breadcrumb"},"inLanguage":"es-AR","potentialAction":[{"@type":"ReadAction","target":["https:\/\/tecin-mineria.com.ar\/si20te17\/valvulas-divisoras-de-flujo\/"]}]},{"@type":"BreadcrumbList","@id":"https:\/\/tecin-mineria.com.ar\/si20te17\/valvulas-divisoras-de-flujo\/#breadcrumb","itemListElement":[{"@type":"ListItem","position":1,"name":"Inicio","item":"https:\/\/tecin-mineria.com.ar\/si20te17\/"},{"@type":"ListItem","position":2,"name":"V\u00e1lvulas divisoras de flujo"}]},{"@type":"WebSite","@id":"https:\/\/tecin-mineria.com.ar\/si20te17\/#website","url":"https:\/\/tecin-mineria.com.ar\/si20te17\/","name":"TECIN - MINERIA","description":"SOCIOS EN LA SEGURIDAD","publisher":{"@id":"https:\/\/tecin-mineria.com.ar\/si20te17\/#organization"},"potentialAction":[{"@type":"SearchAction","target":{"@type":"EntryPoint","urlTemplate":"https:\/\/tecin-mineria.com.ar\/si20te17\/?s={search_term_string}"},"query-input":{"@type":"PropertyValueSpecification","valueRequired":true,"valueName":"search_term_string"}}],"inLanguage":"es-AR"},{"@type":"Organization","@id":"https:\/\/tecin-mineria.com.ar\/si20te17\/#organization","name":"Tecin Mineria","url":"https:\/\/tecin-mineria.com.ar\/si20te17\/","logo":{"@type":"ImageObject","inLanguage":"es-AR","@id":"https:\/\/tecin-mineria.com.ar\/si20te17\/#\/schema\/logo\/image\/","url":"https:\/\/tecin-mineria.com.ar\/si20te17\/wp-content\/uploads\/2018\/12\/TECIN-Mineria-logo-3.png","contentUrl":"https:\/\/tecin-mineria.com.ar\/si20te17\/wp-content\/uploads\/2018\/12\/TECIN-Mineria-logo-3.png","width":328,"height":195,"caption":"Tecin Mineria"},"image":{"@id":"https:\/\/tecin-mineria.com.ar\/si20te17\/#\/schema\/logo\/image\/"},"sameAs":["https:\/\/www.linkedin.com\/in\/daniel-ab\u00e9-07754027\/"]}]}},"_links":{"self":[{"href":"https:\/\/tecin-mineria.com.ar\/si20te17\/wp-json\/wp\/v2\/pages\/2387","targetHints":{"allow":["GET"]}}],"collection":[{"href":"https:\/\/tecin-mineria.com.ar\/si20te17\/wp-json\/wp\/v2\/pages"}],"about":[{"href":"https:\/\/tecin-mineria.com.ar\/si20te17\/wp-json\/wp\/v2\/types\/page"}],"author":[{"embeddable":true,"href":"https:\/\/tecin-mineria.com.ar\/si20te17\/wp-json\/wp\/v2\/users\/4"}],"replies":[{"embeddable":true,"href":"https:\/\/tecin-mineria.com.ar\/si20te17\/wp-json\/wp\/v2\/comments?post=2387"}],"version-history":[{"count":2,"href":"https:\/\/tecin-mineria.com.ar\/si20te17\/wp-json\/wp\/v2\/pages\/2387\/revisions"}],"predecessor-version":[{"id":2390,"href":"https:\/\/tecin-mineria.com.ar\/si20te17\/wp-json\/wp\/v2\/pages\/2387\/revisions\/2390"}],"wp:attachment":[{"href":"https:\/\/tecin-mineria.com.ar\/si20te17\/wp-json\/wp\/v2\/media?parent=2387"}],"curies":[{"name":"wp","href":"https:\/\/api.w.org\/{rel}","templated":true}]}}