{"id":2407,"date":"2025-02-13T15:22:22","date_gmt":"2025-02-13T18:22:22","guid":{"rendered":"https:\/\/tecin-mineria.com.ar\/si20te17\/?page_id=2407"},"modified":"2025-02-13T16:33:29","modified_gmt":"2025-02-13T19:33:29","slug":"sistemas-de-evacuacion-para-equipos-pesados","status":"publish","type":"page","link":"https:\/\/tecin-mineria.com.ar\/si20te17\/sistemas-de-evacuacion-para-equipos-pesados\/","title":{"rendered":"SISTEMAS DE EVACUACI\u00d3N PARA EQUIPOS PESADOS"},"content":{"rendered":"<p>[vc_row el_id=&#8221;Evacuacion&#8221;][vc_column width=&#8221;5\/6&#8243; css=&#8221;.vc_custom_1739471129581{margin-bottom: 50px !important;}&#8221; offset=&#8221;vc_col-lg-offset-1&#8243;][vc_column_text css=&#8221;.vc_custom_1738958613306{margin-top: 20px !important;}&#8221; el_id=&#8221;Evacuacion&#8221;]<\/p>\n<h2 style=\"text-align: center;\"><strong>SISTEMAS DE EVACUACI\u00d3N PARA EQUIPOS PESADOS<\/strong><\/h2>\n<p>[\/vc_column_text][vc_column_text css=&#8221;.vc_custom_1739475207056{margin-top: 20px !important;}&#8221;]<\/p>\n<p style=\"text-align: center;\"><span style=\"font-weight: 400;\">Los sistemas de evacuaci\u00f3n para equipos pesados son el complemento ideal de los sistemas de supresi\u00f3n de incendio.<\/span><\/p>\n<p style=\"text-align: center;\"><span style=\"font-weight: 400;\">Dentro del an\u00e1lisis de riesgo de incendios de un equipo pesado, siempre se debe tener en cuenta las v\u00edas de evacuaci\u00f3n y que las mismas sean lo m\u00e1s r\u00e1pidas y directas posibles.<\/span><\/p>\n<p style=\"text-align: center;\"><span style=\"font-weight: 400;\">En Tecin Miner\u00eda distribuimos los sistemas de conductos verticales de evacuaci\u00f3n <\/span><b>Verti-Scape<\/b><span style=\"font-weight: 400;\"> de <\/span><b>Mining Escape Chutes<\/b><span style=\"font-weight: 400;\"> de Australia.<\/span><\/p>\n<p style=\"text-align: center;\"><span style=\"font-weight: 400;\">Los conductos de escape verticales son un m\u00e9todo de evacuaci\u00f3n r\u00e1pido, seguro y de gran aceptaci\u00f3n en los principales yacimientos mineros a lo largo del mundo.<\/span><\/p>\n<p>&nbsp;<\/p>\n<h5 style=\"text-align: center;\"><b>C\u00f3mo se fabrican los Verti-Scape<\/b><\/h5>\n<p>&nbsp;<\/p>\n<p style=\"text-align: center;\"><span style=\"font-weight: 400;\">El conducto de escape Verti-Scape se fabrica a partir de tres conductos (tubos) de tela completamente separados y claramente diferentes.<\/span><\/p>\n<p style=\"text-align: center;\"><span style=\"font-weight: 400;\">Cada tubo tiene su propia funci\u00f3n que realizar y S\u00d3LO cuando estos tres tubos se ensamblan juntos, se convierten en un conducto de escape.<\/span><\/p>\n<p>[\/vc_column_text][vc_single_image image=&#8221;2287&#8243; img_size=&#8221;full&#8221; alignment=&#8221;center&#8221; css=&#8221;.vc_custom_1738875872844{margin-top: 20px !important;margin-bottom: 20px !important;}&#8221;][vc_column_text css=&#8221;.vc_custom_1738876154754{margin-top: 20px !important;}&#8221;]<b>Capa exterior<\/b><span style=\"font-weight: 400;\">: La capa externa del conducto de escape es para proteger al evacuado del fuego y el calor irradiado. Puede soportar una temperatura constante de entre 550\u00b0C y\u00a0 600\u00b0C.\u00a0 Esta capa externa solo comenzar\u00e1 a deteriorarse a partir de los 810\u00b0C.<\/span><\/p>\n<p><b>Capa intermedia o de frenado<\/b><span style=\"font-weight: 400;\">: Es la capa que hace que el sistema funcione. Es un tubo el\u00e1stico que tiene aproximadamente 300mm de di\u00e1metro en su forma descansada, sin embargo, tiene la capacidad de expandirse a 600mm a medida que el evacuado va viajando a lo largo del conducto.<\/span><\/p>\n<p><b>Conducto de Apoyo<\/b><span style=\"font-weight: 400;\">: El conducto de apoyo le da al conducto de escape su fuerza para soportar el peso de los evacuados mientras viajan. Esta capa tiene bucles cosidos en la parte superior de los cuales se inserta un tubo laminado de acero inoxidable. La tuber\u00eda se mantiene en su lugar mediante un receso en el dispositivo de implementaci\u00f3n<\/span><\/p>\n<p>&nbsp;<\/p>\n<h5 style=\"text-align: center;\"><b>C\u00f3mo usar el conducto de escape vertical<\/b><\/h5>\n<p>[\/vc_column_text][\/vc_column][\/vc_row][vc_row content_placement=&#8221;middle&#8221;][vc_column width=&#8221;1\/2&#8243;][vc_single_image image=&#8221;2313&#8243; img_size=&#8221;500&#215;500&#8243; alignment=&#8221;center&#8221;][\/vc_column][vc_column width=&#8221;1\/2&#8243;][vc_column_text css=&#8221;.vc_custom_1738876527307{margin-top: 20px !important;margin-bottom: 40px !important;}&#8221;]<\/p>\n<ol>\n<li><span style=\"font-weight: 400;\">Si\u00e9ntese en el borde del punto de entrada con los pies y la parte inferior de las piernas en el conducto; en este punto, sentir\u00e1 que la pared interior del conducto sujeta la parte inferior de las piernas.<\/span><\/li>\n<li><span style=\"font-weight: 400;\">Expanda las piernas contra la pared interior del paraca\u00eddas; sentir\u00e1 una resistencia considerable.<\/span><\/li>\n<li><span style=\"font-weight: 400;\">Mientras sostiene el peso de su cuerpo con las manos, baje hasta el conducto, manteniendo las piernas completamente extendidas contra la pared interior del conducto.<\/span><\/li>\n<li><span style=\"font-weight: 400;\">Una vez que sus hombros est\u00e9n en el conducto, empuje sus manos y brazos contra la pared interior del conducto y doble las piernas a la altura de las caderas; esta acci\u00f3n ralentizar\u00e1 su descenso; al aplicar suficiente presi\u00f3n, puede detenerse por completo y simplemente sentarse all\u00ed.<\/span><\/li>\n<\/ol>\n<p>[\/vc_column_text][\/vc_column][\/vc_row][vc_row][vc_column width=&#8221;1\/2&#8243; css=&#8221;.vc_custom_1738959102244{margin-top: 50px !important;}&#8221;][vc_single_image image=&#8221;2290&#8243; img_size=&#8221;full&#8221; alignment=&#8221;center&#8221; css=&#8221;.vc_custom_1738876379680{margin-top: 20px !important;margin-bottom: 20px !important;}&#8221;][vc_column_text css=&#8221;.vc_custom_1738876391700{margin-top: 20px !important;}&#8221;]<\/p>\n<p style=\"text-align: center;\"><span style=\"font-weight: 400;\">Palas Hidraulicas<\/span><\/p>\n<p>[\/vc_column_text][\/vc_column][vc_column width=&#8221;1\/2&#8243; css=&#8221;.vc_custom_1738959107571{margin-top: 50px !important;}&#8221;][vc_single_image image=&#8221;2291&#8243; img_size=&#8221;full&#8221; alignment=&#8221;center&#8221; css=&#8221;.vc_custom_1738876403142{margin-top: 20px !important;margin-bottom: 20px !important;}&#8221;][vc_column_text css=&#8221;.vc_custom_1738876411402{margin-top: 20px !important;}&#8221;]<\/p>\n<p style=\"text-align: center;\"><span style=\"font-weight: 400;\">Camiones<\/span><\/p>\n<p>[\/vc_column_text][\/vc_column][\/vc_row][vc_row][vc_column width=&#8221;1\/2&#8243;][vc_single_image image=&#8221;2292&#8243; img_size=&#8221;full&#8221; alignment=&#8221;center&#8221; css=&#8221;.vc_custom_1738876456072{margin-top: 20px !important;margin-bottom: 20px !important;}&#8221;][vc_column_text css=&#8221;.vc_custom_1738876443487{margin-top: 20px !important;}&#8221;]<\/p>\n<p style=\"text-align: center;\"><span style=\"font-weight: 400;\">Cargadoras sobre Ruedas<\/span><\/p>\n<p>[\/vc_column_text][\/vc_column][vc_column width=&#8221;1\/2&#8243;][vc_single_image image=&#8221;2359&#8243; img_size=&#8221;medium&#8221; alignment=&#8221;center&#8221; css=&#8221;.vc_custom_1739038516109{margin-top: 20px !important;margin-bottom: 20px !important;}&#8221;][vc_column_text css=&#8221;.vc_custom_1738876467584{margin-top: 20px !important;}&#8221;]<\/p>\n<p style=\"text-align: center;\"><span style=\"font-weight: 400;\">Dragalinas<\/span><\/p>\n<p>[\/vc_column_text][\/vc_column][\/vc_row]<\/p>\n","protected":false},"excerpt":{"rendered":"<p>[vc_row el_id=&#8221;Evacuacion&#8221;][vc_column width=&#8221;5\/6&#8243; css=&#8221;.vc_custom_1739471129581{margin-bottom: 50px !important;}&#8221; offset=&#8221;vc_col-lg-offset-1&#8243;][vc_column_text css=&#8221;.vc_custom_1738958613306{margin-top: 20px !important;}&#8221; el_id=&#8221;Evacuacion&#8221;] SISTEMAS DE EVACUACI\u00d3N PARA EQUIPOS PESADOS [\/vc_column_text][vc_column_text css=&#8221;.vc_custom_1739475207056{margin-top: 20px !important;}&#8221;] Los sistemas de evacuaci\u00f3n para equipos pesados son el complemento ideal de los sistemas de supresi\u00f3n de incendio. Dentro del an\u00e1lisis de riesgo de incendios de un equipo pesado, siempre se debe tener en<\/p>\n","protected":false},"author":4,"featured_media":0,"parent":0,"menu_order":0,"comment_status":"closed","ping_status":"closed","template":"","meta":{"footnotes":""},"class_list":["post-2407","page","type-page","status-publish","hentry"],"yoast_head":"<!-- This site is optimized with the Yoast SEO plugin v27.1.1 - https:\/\/yoast.com\/product\/yoast-seo-wordpress\/ -->\n<title>SISTEMAS DE EVACUACI\u00d3N PARA EQUIPOS PESADOS - TECIN - MINERIA<\/title>\n<meta name=\"robots\" content=\"index, follow, max-snippet:-1, max-image-preview:large, max-video-preview:-1\" \/>\n<link rel=\"canonical\" href=\"https:\/\/tecin-mineria.com.ar\/si20te17\/sistemas-de-evacuacion-para-equipos-pesados\/\" \/>\n<meta property=\"og:locale\" content=\"es_ES\" \/>\n<meta property=\"og:type\" content=\"article\" \/>\n<meta property=\"og:title\" content=\"SISTEMAS DE EVACUACI\u00d3N PARA EQUIPOS PESADOS - TECIN - MINERIA\" \/>\n<meta property=\"og:description\" content=\"[vc_row el_id=&#8221;Evacuacion&#8221;][vc_column width=&#8221;5\/6&#8243; css=&#8221;.vc_custom_1739471129581{margin-bottom: 50px !important;}&#8221; offset=&#8221;vc_col-lg-offset-1&#8243;][vc_column_text css=&#8221;.vc_custom_1738958613306{margin-top: 20px !important;}&#8221; el_id=&#8221;Evacuacion&#8221;] SISTEMAS DE EVACUACI\u00d3N PARA EQUIPOS PESADOS [\/vc_column_text][vc_column_text css=&#8221;.vc_custom_1739475207056{margin-top: 20px !important;}&#8221;] Los sistemas de evacuaci\u00f3n para equipos pesados son el complemento ideal de los sistemas de supresi\u00f3n de incendio. Dentro del an\u00e1lisis de riesgo de incendios de un equipo pesado, siempre se debe tener en\" \/>\n<meta property=\"og:url\" content=\"https:\/\/tecin-mineria.com.ar\/si20te17\/sistemas-de-evacuacion-para-equipos-pesados\/\" \/>\n<meta property=\"og:site_name\" content=\"TECIN - MINERIA\" \/>\n<meta property=\"article:modified_time\" content=\"2025-02-13T19:33:29+00:00\" \/>\n<meta name=\"twitter:card\" content=\"summary_large_image\" \/>\n<meta name=\"twitter:label1\" content=\"Tiempo de lectura\" \/>\n\t<meta name=\"twitter:data1\" content=\"1 minuto\" \/>\n<script type=\"application\/ld+json\" class=\"yoast-schema-graph\">{\"@context\":\"https:\/\/schema.org\",\"@graph\":[{\"@type\":\"WebPage\",\"@id\":\"https:\/\/tecin-mineria.com.ar\/si20te17\/sistemas-de-evacuacion-para-equipos-pesados\/\",\"url\":\"https:\/\/tecin-mineria.com.ar\/si20te17\/sistemas-de-evacuacion-para-equipos-pesados\/\",\"name\":\"SISTEMAS DE EVACUACI\u00d3N PARA EQUIPOS PESADOS - TECIN - MINERIA\",\"isPartOf\":{\"@id\":\"https:\/\/tecin-mineria.com.ar\/si20te17\/#website\"},\"datePublished\":\"2025-02-13T18:22:22+00:00\",\"dateModified\":\"2025-02-13T19:33:29+00:00\",\"breadcrumb\":{\"@id\":\"https:\/\/tecin-mineria.com.ar\/si20te17\/sistemas-de-evacuacion-para-equipos-pesados\/#breadcrumb\"},\"inLanguage\":\"es-AR\",\"potentialAction\":[{\"@type\":\"ReadAction\",\"target\":[\"https:\/\/tecin-mineria.com.ar\/si20te17\/sistemas-de-evacuacion-para-equipos-pesados\/\"]}]},{\"@type\":\"BreadcrumbList\",\"@id\":\"https:\/\/tecin-mineria.com.ar\/si20te17\/sistemas-de-evacuacion-para-equipos-pesados\/#breadcrumb\",\"itemListElement\":[{\"@type\":\"ListItem\",\"position\":1,\"name\":\"Inicio\",\"item\":\"https:\/\/tecin-mineria.com.ar\/si20te17\/\"},{\"@type\":\"ListItem\",\"position\":2,\"name\":\"SISTEMAS DE EVACUACI\u00d3N PARA EQUIPOS PESADOS\"}]},{\"@type\":\"WebSite\",\"@id\":\"https:\/\/tecin-mineria.com.ar\/si20te17\/#website\",\"url\":\"https:\/\/tecin-mineria.com.ar\/si20te17\/\",\"name\":\"TECIN - MINERIA\",\"description\":\"SOCIOS EN LA SEGURIDAD\",\"publisher\":{\"@id\":\"https:\/\/tecin-mineria.com.ar\/si20te17\/#organization\"},\"potentialAction\":[{\"@type\":\"SearchAction\",\"target\":{\"@type\":\"EntryPoint\",\"urlTemplate\":\"https:\/\/tecin-mineria.com.ar\/si20te17\/?s={search_term_string}\"},\"query-input\":{\"@type\":\"PropertyValueSpecification\",\"valueRequired\":true,\"valueName\":\"search_term_string\"}}],\"inLanguage\":\"es-AR\"},{\"@type\":\"Organization\",\"@id\":\"https:\/\/tecin-mineria.com.ar\/si20te17\/#organization\",\"name\":\"Tecin Mineria\",\"url\":\"https:\/\/tecin-mineria.com.ar\/si20te17\/\",\"logo\":{\"@type\":\"ImageObject\",\"inLanguage\":\"es-AR\",\"@id\":\"https:\/\/tecin-mineria.com.ar\/si20te17\/#\/schema\/logo\/image\/\",\"url\":\"https:\/\/tecin-mineria.com.ar\/si20te17\/wp-content\/uploads\/2018\/12\/TECIN-Mineria-logo-3.png\",\"contentUrl\":\"https:\/\/tecin-mineria.com.ar\/si20te17\/wp-content\/uploads\/2018\/12\/TECIN-Mineria-logo-3.png\",\"width\":328,\"height\":195,\"caption\":\"Tecin Mineria\"},\"image\":{\"@id\":\"https:\/\/tecin-mineria.com.ar\/si20te17\/#\/schema\/logo\/image\/\"},\"sameAs\":[\"https:\/\/www.linkedin.com\/in\/daniel-ab\u00e9-07754027\/\"]}]}<\/script>\n<!-- \/ Yoast SEO plugin. -->","yoast_head_json":{"title":"SISTEMAS DE EVACUACI\u00d3N PARA EQUIPOS PESADOS - TECIN - MINERIA","robots":{"index":"index","follow":"follow","max-snippet":"max-snippet:-1","max-image-preview":"max-image-preview:large","max-video-preview":"max-video-preview:-1"},"canonical":"https:\/\/tecin-mineria.com.ar\/si20te17\/sistemas-de-evacuacion-para-equipos-pesados\/","og_locale":"es_ES","og_type":"article","og_title":"SISTEMAS DE EVACUACI\u00d3N PARA EQUIPOS PESADOS - TECIN - MINERIA","og_description":"[vc_row el_id=&#8221;Evacuacion&#8221;][vc_column width=&#8221;5\/6&#8243; css=&#8221;.vc_custom_1739471129581{margin-bottom: 50px !important;}&#8221; offset=&#8221;vc_col-lg-offset-1&#8243;][vc_column_text css=&#8221;.vc_custom_1738958613306{margin-top: 20px !important;}&#8221; el_id=&#8221;Evacuacion&#8221;] SISTEMAS DE EVACUACI\u00d3N PARA EQUIPOS PESADOS [\/vc_column_text][vc_column_text css=&#8221;.vc_custom_1739475207056{margin-top: 20px !important;}&#8221;] Los sistemas de evacuaci\u00f3n para equipos pesados son el complemento ideal de los sistemas de supresi\u00f3n de incendio. Dentro del an\u00e1lisis de riesgo de incendios de un equipo pesado, siempre se debe tener en","og_url":"https:\/\/tecin-mineria.com.ar\/si20te17\/sistemas-de-evacuacion-para-equipos-pesados\/","og_site_name":"TECIN - MINERIA","article_modified_time":"2025-02-13T19:33:29+00:00","twitter_card":"summary_large_image","twitter_misc":{"Tiempo de lectura":"1 minuto"},"schema":{"@context":"https:\/\/schema.org","@graph":[{"@type":"WebPage","@id":"https:\/\/tecin-mineria.com.ar\/si20te17\/sistemas-de-evacuacion-para-equipos-pesados\/","url":"https:\/\/tecin-mineria.com.ar\/si20te17\/sistemas-de-evacuacion-para-equipos-pesados\/","name":"SISTEMAS DE EVACUACI\u00d3N PARA EQUIPOS PESADOS - TECIN - MINERIA","isPartOf":{"@id":"https:\/\/tecin-mineria.com.ar\/si20te17\/#website"},"datePublished":"2025-02-13T18:22:22+00:00","dateModified":"2025-02-13T19:33:29+00:00","breadcrumb":{"@id":"https:\/\/tecin-mineria.com.ar\/si20te17\/sistemas-de-evacuacion-para-equipos-pesados\/#breadcrumb"},"inLanguage":"es-AR","potentialAction":[{"@type":"ReadAction","target":["https:\/\/tecin-mineria.com.ar\/si20te17\/sistemas-de-evacuacion-para-equipos-pesados\/"]}]},{"@type":"BreadcrumbList","@id":"https:\/\/tecin-mineria.com.ar\/si20te17\/sistemas-de-evacuacion-para-equipos-pesados\/#breadcrumb","itemListElement":[{"@type":"ListItem","position":1,"name":"Inicio","item":"https:\/\/tecin-mineria.com.ar\/si20te17\/"},{"@type":"ListItem","position":2,"name":"SISTEMAS DE EVACUACI\u00d3N PARA EQUIPOS PESADOS"}]},{"@type":"WebSite","@id":"https:\/\/tecin-mineria.com.ar\/si20te17\/#website","url":"https:\/\/tecin-mineria.com.ar\/si20te17\/","name":"TECIN - MINERIA","description":"SOCIOS EN LA SEGURIDAD","publisher":{"@id":"https:\/\/tecin-mineria.com.ar\/si20te17\/#organization"},"potentialAction":[{"@type":"SearchAction","target":{"@type":"EntryPoint","urlTemplate":"https:\/\/tecin-mineria.com.ar\/si20te17\/?s={search_term_string}"},"query-input":{"@type":"PropertyValueSpecification","valueRequired":true,"valueName":"search_term_string"}}],"inLanguage":"es-AR"},{"@type":"Organization","@id":"https:\/\/tecin-mineria.com.ar\/si20te17\/#organization","name":"Tecin Mineria","url":"https:\/\/tecin-mineria.com.ar\/si20te17\/","logo":{"@type":"ImageObject","inLanguage":"es-AR","@id":"https:\/\/tecin-mineria.com.ar\/si20te17\/#\/schema\/logo\/image\/","url":"https:\/\/tecin-mineria.com.ar\/si20te17\/wp-content\/uploads\/2018\/12\/TECIN-Mineria-logo-3.png","contentUrl":"https:\/\/tecin-mineria.com.ar\/si20te17\/wp-content\/uploads\/2018\/12\/TECIN-Mineria-logo-3.png","width":328,"height":195,"caption":"Tecin Mineria"},"image":{"@id":"https:\/\/tecin-mineria.com.ar\/si20te17\/#\/schema\/logo\/image\/"},"sameAs":["https:\/\/www.linkedin.com\/in\/daniel-ab\u00e9-07754027\/"]}]}},"_links":{"self":[{"href":"https:\/\/tecin-mineria.com.ar\/si20te17\/wp-json\/wp\/v2\/pages\/2407","targetHints":{"allow":["GET"]}}],"collection":[{"href":"https:\/\/tecin-mineria.com.ar\/si20te17\/wp-json\/wp\/v2\/pages"}],"about":[{"href":"https:\/\/tecin-mineria.com.ar\/si20te17\/wp-json\/wp\/v2\/types\/page"}],"author":[{"embeddable":true,"href":"https:\/\/tecin-mineria.com.ar\/si20te17\/wp-json\/wp\/v2\/users\/4"}],"replies":[{"embeddable":true,"href":"https:\/\/tecin-mineria.com.ar\/si20te17\/wp-json\/wp\/v2\/comments?post=2407"}],"version-history":[{"count":6,"href":"https:\/\/tecin-mineria.com.ar\/si20te17\/wp-json\/wp\/v2\/pages\/2407\/revisions"}],"predecessor-version":[{"id":2445,"href":"https:\/\/tecin-mineria.com.ar\/si20te17\/wp-json\/wp\/v2\/pages\/2407\/revisions\/2445"}],"wp:attachment":[{"href":"https:\/\/tecin-mineria.com.ar\/si20te17\/wp-json\/wp\/v2\/media?parent=2407"}],"curies":[{"name":"wp","href":"https:\/\/api.w.org\/{rel}","templated":true}]}}