{"id":2571,"date":"2026-03-03T10:49:52","date_gmt":"2026-03-03T13:49:52","guid":{"rendered":"https:\/\/tecin-mineria.com.ar\/si20te17\/?page_id=2571"},"modified":"2026-03-03T12:47:05","modified_gmt":"2026-03-03T15:47:05","slug":"sistemas-de-supresion-de-incendios","status":"publish","type":"page","link":"https:\/\/tecin-mineria.com.ar\/si20te17\/productos\/sistemas-de-supresion-de-incendios\/","title":{"rendered":"Sistemas de supresi\u00f3n de incendios"},"content":{"rendered":"<p>[vc_row gap=&#8221;30&#8243; content_placement=&#8221;middle&#8221; container=&#8221;1&#8243; css=&#8221;.vc_custom_1738958196941{margin-top: 70px !important;margin-bottom: 70px !important;}&#8221;][vc_column width=&#8221;1\/2&#8243;][vc_single_image image=&#8221;2278&#8243; img_size=&#8221;full&#8221; alignment=&#8221;center&#8221; style=&#8221;vc_box_shadow_3d&#8221;][\/vc_column][vc_column width=&#8221;1\/2&#8243;][vc_column_text]<\/p>\n<p style=\"text-align: left;\"><span style=\"font-weight: 400;\">En <strong>Tecin Miner\u00eda<\/strong> hemos protegido equipos pesados con sistemas de supresi\u00f3n de incendios confiables y resistentes <strong>durante m\u00e1s de 20 a\u00f1os<\/strong>.\u00a0<\/span><\/p>\n<p style=\"text-align: left;\"><span style=\"font-weight: 400;\"><strong>Somos el principal proveedor de sistemas de supresi\u00f3n de incendios para equipos pesados en argentina<\/strong>, lo que nos permite ofrecer soluciones confiables y de la m\u00e1s alta calidad.<\/span><\/p>\n<p style=\"text-align: left;\"><span style=\"font-weight: 400;\">A lo largo de nuestra trayectoria hemos protegido equipos pesados que se encuentran prestando servicio distintos tipos de industrias, por lo cual sabemos que no hay una soluci\u00f3n \u00fanica para todos, por lo que <strong>trabajamos con nuestros Clientes para encontrar una soluci\u00f3n de protecci\u00f3n contra incendios que satisfaga los riesgos de incendio \u00fanicos de sus m\u00e1quinas<\/strong>.<\/span><\/p>\n<p style=\"text-align: left;\"><span style=\"font-weight: 400;\">Somos distribuidores y servicio t\u00e9cnico certificado de <strong>AFEX<\/strong> y <strong>Ansul<\/strong> para la Rep\u00fablica Argentina.<\/span><\/p>\n<p>[\/vc_column_text][\/vc_column][\/vc_row][vc_row][vc_column][vc_empty_space height=&#8221;60px&#8221;][\/vc_column][\/vc_row][vc_row css=&#8221;.vc_custom_1772547644241{margin-bottom: 50px !important;padding-top: 60px !important;}&#8221;][vc_column width=&#8221;1\/3&#8243;][vc_single_image image=&#8221;2581&#8243; img_size=&#8221;full&#8221; alignment=&#8221;center&#8221; style=&#8221;vc_box_shadow&#8221;][vc_column_text css=&#8221;.vc_custom_1772547727143{margin-top: 15px !important;margin-bottom: 15px !important;}&#8221;]<\/p>\n<h6 style=\"text-align: center;\"><strong>Sistemas de Polvo Qu\u00edmico Seco<\/strong><\/h6>\n<p>[\/vc_column_text][vc_btn title=&#8221;VER M\u00c1S&#8221; style=&#8221;custom&#8221; custom_background=&#8221;#e1332c&#8221; custom_text=&#8221;#ffffff&#8221; shape=&#8221;round&#8221; align=&#8221;center&#8221; link=&#8221;url:https%3A%2F%2Ftecin-mineria.com.ar%2Fsi20te17%2Fsistemas-de-agente-quimico-seco%2F|title:SISTEMAS%20DE%20AGENTE%20QUIMICO%20SECO&#8221;][\/vc_column][vc_column width=&#8221;1\/3&#8243;][vc_single_image image=&#8221;2579&#8243; img_size=&#8221;full&#8221; alignment=&#8221;center&#8221; style=&#8221;vc_box_shadow&#8221;][vc_column_text css=&#8221;.vc_custom_1772547771676{margin-top: 15px !important;margin-bottom: 15px !important;}&#8221;]<\/p>\n<h6 style=\"text-align: center;\"><strong>Sistemas de Agente L\u00edquido<\/strong><\/h6>\n<p>[\/vc_column_text][vc_btn title=&#8221;VER M\u00c1S&#8221; style=&#8221;custom&#8221; custom_background=&#8221;#e1332c&#8221; custom_text=&#8221;#ffffff&#8221; shape=&#8221;round&#8221; align=&#8221;center&#8221; link=&#8221;url:https%3A%2F%2Ftecin-mineria.com.ar%2Fsi20te17%2Fproductos%2Fsistema-de-agente-liquido%2F|title:SISTEMA%20DE%20AGENTE%20LIQUIDO&#8221;][\/vc_column][vc_column width=&#8221;1\/3&#8243;][vc_single_image image=&#8221;2583&#8243; img_size=&#8221;full&#8221; alignment=&#8221;center&#8221; style=&#8221;vc_box_shadow&#8221;][vc_column_text css=&#8221;.vc_custom_1738875232757{margin-top: 15px !important;margin-bottom: 15px !important;}&#8221;]<\/p>\n<h6 style=\"text-align: center;\"><strong>Sistemas de Doble Agente<\/strong><\/h6>\n<p>[\/vc_column_text][vc_btn title=&#8221;VER M\u00c1S&#8221; style=&#8221;custom&#8221; custom_background=&#8221;#e1332c&#8221; custom_text=&#8221;#ffffff&#8221; shape=&#8221;round&#8221; align=&#8221;center&#8221; link=&#8221;url:https%3A%2F%2Ftecin-mineria.com.ar%2Fsi20te17%2Fsistemas-de-doble-agente%2F|title:SISTEMAS%20DE%20DOBLE%20AGENTE&#8221;][\/vc_column][\/vc_row][vc_row][vc_column][vc_empty_space height=&#8221;30px&#8221;][\/vc_column][\/vc_row][vc_row css=&#8221;.vc_custom_1544108714400{margin-bottom: 50px !important;}&#8221;][vc_column width=&#8221;1\/3&#8243;][vc_single_image image=&#8221;2578&#8243; img_size=&#8221;full&#8221; alignment=&#8221;center&#8221; style=&#8221;vc_box_shadow&#8221;][vc_column_text css=&#8221;.vc_custom_1738875245056{margin-top: 15px !important;margin-bottom: 15px !important;}&#8221;]<\/p>\n<h6 style=\"text-align: center;\"><strong>Sistemas Detecci\u00f3n y Monitoreo<\/strong><\/h6>\n<p>[\/vc_column_text][vc_btn title=&#8221;VER M\u00c1S&#8221; style=&#8221;custom&#8221; custom_background=&#8221;#e1332c&#8221; custom_text=&#8221;#ffffff&#8221; shape=&#8221;round&#8221; align=&#8221;center&#8221; link=&#8221;url:https%3A%2F%2Ftecin-mineria.com.ar%2Fsi20te17%2Fdeteccion-y-monitoreo%2F|title:DETECCION%20Y%20MONITOREO&#8221;][\/vc_column][vc_column width=&#8221;1\/3&#8243;][vc_single_image image=&#8221;2582&#8243; img_size=&#8221;full&#8221; alignment=&#8221;center&#8221; style=&#8221;vc_box_shadow&#8221;][vc_column_text css=&#8221;.vc_custom_1772547914350{margin-top: 15px !important;margin-bottom: 15px !important;}&#8221;]<\/p>\n<h6 style=\"text-align: center;\"><strong>Sistemas Compactos<\/strong><\/h6>\n<p>[\/vc_column_text][vc_btn title=&#8221;VER M\u00c1S&#8221; style=&#8221;custom&#8221; custom_background=&#8221;#e1332c&#8221; custom_text=&#8221;#ffffff&#8221; shape=&#8221;round&#8221; align=&#8221;center&#8221; link=&#8221;url:https%3A%2F%2Ftecin-mineria.com.ar%2Fsi20te17%2Fproductos%2Fsistemas-compactos%2F&#8221;][\/vc_column][vc_column width=&#8221;1\/3&#8243;][vc_single_image image=&#8221;2580&#8243; img_size=&#8221;full&#8221; alignment=&#8221;center&#8221; style=&#8221;vc_box_shadow&#8221;][vc_column_text css=&#8221;.vc_custom_1772547849268{margin-top: 15px !important;margin-bottom: 15px !important;}&#8221;]<\/p>\n<h6 style=\"text-align: center;\"><strong>Equipos Complementarios<\/strong><\/h6>\n<p>[\/vc_column_text][vc_btn title=&#8221;VER M\u00c1S&#8221; style=&#8221;custom&#8221; custom_background=&#8221;#e1332c&#8221; custom_text=&#8221;#ffffff&#8221; shape=&#8221;round&#8221; align=&#8221;center&#8221; link=&#8221;url:https%3A%2F%2Ftecin-mineria.com.ar%2Fsi20te17%2Fcomplementos-para-sistemas-de-supresion-de-incendios%2F|title:COMPLEMENTOS%20PARA%20SISTEMAS%20DE%20SUPRESION%20DE%20INCENDIOS&#8221;][\/vc_column][\/vc_row][vc_row][vc_column][vc_empty_space height=&#8221;60px&#8221;][vc_btn title=&#8221;VER TODOS LOS PRODUCTOS&#8221; style=&#8221;outline&#8221; shape=&#8221;round&#8221; color=&#8221;black&#8221; align=&#8221;center&#8221; link=&#8221;url:https%3A%2F%2Ftecin-mineria.com.ar%2Fsi20te17%2Fproductos%2F|title:Productos&#8221;][vc_empty_space height=&#8221;60px&#8221;][\/vc_column][\/vc_row]<\/p>\n","protected":false},"excerpt":{"rendered":"<p>[vc_row gap=&#8221;30&#8243; content_placement=&#8221;middle&#8221; container=&#8221;1&#8243; css=&#8221;.vc_custom_1738958196941{margin-top: 70px !important;margin-bottom: 70px !important;}&#8221;][vc_column width=&#8221;1\/2&#8243;][vc_single_image image=&#8221;2278&#8243; img_size=&#8221;full&#8221; alignment=&#8221;center&#8221; style=&#8221;vc_box_shadow_3d&#8221;][\/vc_column][vc_column width=&#8221;1\/2&#8243;][vc_column_text] En Tecin Miner\u00eda hemos protegido equipos pesados con sistemas de supresi\u00f3n de incendios confiables y resistentes durante m\u00e1s de 20 a\u00f1os.\u00a0 Somos el principal proveedor de sistemas de supresi\u00f3n de incendios para equipos pesados en argentina, lo que nos permite<\/p>\n","protected":false},"author":4,"featured_media":0,"parent":440,"menu_order":0,"comment_status":"closed","ping_status":"closed","template":"","meta":{"footnotes":""},"class_list":["post-2571","page","type-page","status-publish","hentry"],"yoast_head":"<!-- This site is optimized with the Yoast SEO plugin v27.1.1 - https:\/\/yoast.com\/product\/yoast-seo-wordpress\/ -->\n<title>Sistemas de supresi\u00f3n de incendios - TECIN - MINERIA<\/title>\n<meta name=\"robots\" content=\"index, follow, max-snippet:-1, max-image-preview:large, max-video-preview:-1\" \/>\n<link rel=\"canonical\" href=\"https:\/\/tecin-mineria.com.ar\/si20te17\/productos\/sistemas-de-supresion-de-incendios\/\" \/>\n<meta property=\"og:locale\" content=\"es_ES\" \/>\n<meta property=\"og:type\" content=\"article\" \/>\n<meta property=\"og:title\" content=\"Sistemas de supresi\u00f3n de incendios - TECIN - MINERIA\" \/>\n<meta property=\"og:description\" content=\"[vc_row gap=&#8221;30&#8243; content_placement=&#8221;middle&#8221; container=&#8221;1&#8243; css=&#8221;.vc_custom_1738958196941{margin-top: 70px !important;margin-bottom: 70px !important;}&#8221;][vc_column width=&#8221;1\/2&#8243;][vc_single_image image=&#8221;2278&#8243; img_size=&#8221;full&#8221; alignment=&#8221;center&#8221; style=&#8221;vc_box_shadow_3d&#8221;][\/vc_column][vc_column width=&#8221;1\/2&#8243;][vc_column_text] En Tecin Miner\u00eda hemos protegido equipos pesados con sistemas de supresi\u00f3n de incendios confiables y resistentes durante m\u00e1s de 20 a\u00f1os.\u00a0 Somos el principal proveedor de sistemas de supresi\u00f3n de incendios para equipos pesados en argentina, lo que nos permite\" \/>\n<meta property=\"og:url\" content=\"https:\/\/tecin-mineria.com.ar\/si20te17\/productos\/sistemas-de-supresion-de-incendios\/\" \/>\n<meta property=\"og:site_name\" content=\"TECIN - MINERIA\" \/>\n<meta property=\"article:modified_time\" content=\"2026-03-03T15:47:05+00:00\" \/>\n<meta name=\"twitter:card\" content=\"summary_large_image\" \/>\n<meta name=\"twitter:label1\" content=\"Tiempo de lectura\" \/>\n\t<meta name=\"twitter:data1\" content=\"3 minutos\" \/>\n<script type=\"application\/ld+json\" class=\"yoast-schema-graph\">{\"@context\":\"https:\/\/schema.org\",\"@graph\":[{\"@type\":\"WebPage\",\"@id\":\"https:\/\/tecin-mineria.com.ar\/si20te17\/productos\/sistemas-de-supresion-de-incendios\/\",\"url\":\"https:\/\/tecin-mineria.com.ar\/si20te17\/productos\/sistemas-de-supresion-de-incendios\/\",\"name\":\"Sistemas de supresi\u00f3n de incendios - TECIN - MINERIA\",\"isPartOf\":{\"@id\":\"https:\/\/tecin-mineria.com.ar\/si20te17\/#website\"},\"datePublished\":\"2026-03-03T13:49:52+00:00\",\"dateModified\":\"2026-03-03T15:47:05+00:00\",\"breadcrumb\":{\"@id\":\"https:\/\/tecin-mineria.com.ar\/si20te17\/productos\/sistemas-de-supresion-de-incendios\/#breadcrumb\"},\"inLanguage\":\"es-AR\",\"potentialAction\":[{\"@type\":\"ReadAction\",\"target\":[\"https:\/\/tecin-mineria.com.ar\/si20te17\/productos\/sistemas-de-supresion-de-incendios\/\"]}]},{\"@type\":\"BreadcrumbList\",\"@id\":\"https:\/\/tecin-mineria.com.ar\/si20te17\/productos\/sistemas-de-supresion-de-incendios\/#breadcrumb\",\"itemListElement\":[{\"@type\":\"ListItem\",\"position\":1,\"name\":\"Inicio\",\"item\":\"https:\/\/tecin-mineria.com.ar\/si20te17\/\"},{\"@type\":\"ListItem\",\"position\":2,\"name\":\"Productos\",\"item\":\"https:\/\/tecin-mineria.com.ar\/si20te17\/productos\/\"},{\"@type\":\"ListItem\",\"position\":3,\"name\":\"Sistemas de supresi\u00f3n de incendios\"}]},{\"@type\":\"WebSite\",\"@id\":\"https:\/\/tecin-mineria.com.ar\/si20te17\/#website\",\"url\":\"https:\/\/tecin-mineria.com.ar\/si20te17\/\",\"name\":\"TECIN - MINERIA\",\"description\":\"SOCIOS EN LA SEGURIDAD\",\"publisher\":{\"@id\":\"https:\/\/tecin-mineria.com.ar\/si20te17\/#organization\"},\"potentialAction\":[{\"@type\":\"SearchAction\",\"target\":{\"@type\":\"EntryPoint\",\"urlTemplate\":\"https:\/\/tecin-mineria.com.ar\/si20te17\/?s={search_term_string}\"},\"query-input\":{\"@type\":\"PropertyValueSpecification\",\"valueRequired\":true,\"valueName\":\"search_term_string\"}}],\"inLanguage\":\"es-AR\"},{\"@type\":\"Organization\",\"@id\":\"https:\/\/tecin-mineria.com.ar\/si20te17\/#organization\",\"name\":\"Tecin Mineria\",\"url\":\"https:\/\/tecin-mineria.com.ar\/si20te17\/\",\"logo\":{\"@type\":\"ImageObject\",\"inLanguage\":\"es-AR\",\"@id\":\"https:\/\/tecin-mineria.com.ar\/si20te17\/#\/schema\/logo\/image\/\",\"url\":\"https:\/\/tecin-mineria.com.ar\/si20te17\/wp-content\/uploads\/2018\/12\/TECIN-Mineria-logo-3.png\",\"contentUrl\":\"https:\/\/tecin-mineria.com.ar\/si20te17\/wp-content\/uploads\/2018\/12\/TECIN-Mineria-logo-3.png\",\"width\":328,\"height\":195,\"caption\":\"Tecin Mineria\"},\"image\":{\"@id\":\"https:\/\/tecin-mineria.com.ar\/si20te17\/#\/schema\/logo\/image\/\"},\"sameAs\":[\"https:\/\/www.linkedin.com\/in\/daniel-ab\u00e9-07754027\/\"]}]}<\/script>\n<!-- \/ Yoast SEO plugin. -->","yoast_head_json":{"title":"Sistemas de supresi\u00f3n de incendios - TECIN - MINERIA","robots":{"index":"index","follow":"follow","max-snippet":"max-snippet:-1","max-image-preview":"max-image-preview:large","max-video-preview":"max-video-preview:-1"},"canonical":"https:\/\/tecin-mineria.com.ar\/si20te17\/productos\/sistemas-de-supresion-de-incendios\/","og_locale":"es_ES","og_type":"article","og_title":"Sistemas de supresi\u00f3n de incendios - TECIN - MINERIA","og_description":"[vc_row gap=&#8221;30&#8243; content_placement=&#8221;middle&#8221; container=&#8221;1&#8243; css=&#8221;.vc_custom_1738958196941{margin-top: 70px !important;margin-bottom: 70px !important;}&#8221;][vc_column width=&#8221;1\/2&#8243;][vc_single_image image=&#8221;2278&#8243; img_size=&#8221;full&#8221; alignment=&#8221;center&#8221; style=&#8221;vc_box_shadow_3d&#8221;][\/vc_column][vc_column width=&#8221;1\/2&#8243;][vc_column_text] En Tecin Miner\u00eda hemos protegido equipos pesados con sistemas de supresi\u00f3n de incendios confiables y resistentes durante m\u00e1s de 20 a\u00f1os.\u00a0 Somos el principal proveedor de sistemas de supresi\u00f3n de incendios para equipos pesados en argentina, lo que nos permite","og_url":"https:\/\/tecin-mineria.com.ar\/si20te17\/productos\/sistemas-de-supresion-de-incendios\/","og_site_name":"TECIN - MINERIA","article_modified_time":"2026-03-03T15:47:05+00:00","twitter_card":"summary_large_image","twitter_misc":{"Tiempo de lectura":"3 minutos"},"schema":{"@context":"https:\/\/schema.org","@graph":[{"@type":"WebPage","@id":"https:\/\/tecin-mineria.com.ar\/si20te17\/productos\/sistemas-de-supresion-de-incendios\/","url":"https:\/\/tecin-mineria.com.ar\/si20te17\/productos\/sistemas-de-supresion-de-incendios\/","name":"Sistemas de supresi\u00f3n de incendios - TECIN - MINERIA","isPartOf":{"@id":"https:\/\/tecin-mineria.com.ar\/si20te17\/#website"},"datePublished":"2026-03-03T13:49:52+00:00","dateModified":"2026-03-03T15:47:05+00:00","breadcrumb":{"@id":"https:\/\/tecin-mineria.com.ar\/si20te17\/productos\/sistemas-de-supresion-de-incendios\/#breadcrumb"},"inLanguage":"es-AR","potentialAction":[{"@type":"ReadAction","target":["https:\/\/tecin-mineria.com.ar\/si20te17\/productos\/sistemas-de-supresion-de-incendios\/"]}]},{"@type":"BreadcrumbList","@id":"https:\/\/tecin-mineria.com.ar\/si20te17\/productos\/sistemas-de-supresion-de-incendios\/#breadcrumb","itemListElement":[{"@type":"ListItem","position":1,"name":"Inicio","item":"https:\/\/tecin-mineria.com.ar\/si20te17\/"},{"@type":"ListItem","position":2,"name":"Productos","item":"https:\/\/tecin-mineria.com.ar\/si20te17\/productos\/"},{"@type":"ListItem","position":3,"name":"Sistemas de supresi\u00f3n de incendios"}]},{"@type":"WebSite","@id":"https:\/\/tecin-mineria.com.ar\/si20te17\/#website","url":"https:\/\/tecin-mineria.com.ar\/si20te17\/","name":"TECIN - MINERIA","description":"SOCIOS EN LA SEGURIDAD","publisher":{"@id":"https:\/\/tecin-mineria.com.ar\/si20te17\/#organization"},"potentialAction":[{"@type":"SearchAction","target":{"@type":"EntryPoint","urlTemplate":"https:\/\/tecin-mineria.com.ar\/si20te17\/?s={search_term_string}"},"query-input":{"@type":"PropertyValueSpecification","valueRequired":true,"valueName":"search_term_string"}}],"inLanguage":"es-AR"},{"@type":"Organization","@id":"https:\/\/tecin-mineria.com.ar\/si20te17\/#organization","name":"Tecin Mineria","url":"https:\/\/tecin-mineria.com.ar\/si20te17\/","logo":{"@type":"ImageObject","inLanguage":"es-AR","@id":"https:\/\/tecin-mineria.com.ar\/si20te17\/#\/schema\/logo\/image\/","url":"https:\/\/tecin-mineria.com.ar\/si20te17\/wp-content\/uploads\/2018\/12\/TECIN-Mineria-logo-3.png","contentUrl":"https:\/\/tecin-mineria.com.ar\/si20te17\/wp-content\/uploads\/2018\/12\/TECIN-Mineria-logo-3.png","width":328,"height":195,"caption":"Tecin Mineria"},"image":{"@id":"https:\/\/tecin-mineria.com.ar\/si20te17\/#\/schema\/logo\/image\/"},"sameAs":["https:\/\/www.linkedin.com\/in\/daniel-ab\u00e9-07754027\/"]}]}},"_links":{"self":[{"href":"https:\/\/tecin-mineria.com.ar\/si20te17\/wp-json\/wp\/v2\/pages\/2571","targetHints":{"allow":["GET"]}}],"collection":[{"href":"https:\/\/tecin-mineria.com.ar\/si20te17\/wp-json\/wp\/v2\/pages"}],"about":[{"href":"https:\/\/tecin-mineria.com.ar\/si20te17\/wp-json\/wp\/v2\/types\/page"}],"author":[{"embeddable":true,"href":"https:\/\/tecin-mineria.com.ar\/si20te17\/wp-json\/wp\/v2\/users\/4"}],"replies":[{"embeddable":true,"href":"https:\/\/tecin-mineria.com.ar\/si20te17\/wp-json\/wp\/v2\/comments?post=2571"}],"version-history":[{"count":9,"href":"https:\/\/tecin-mineria.com.ar\/si20te17\/wp-json\/wp\/v2\/pages\/2571\/revisions"}],"predecessor-version":[{"id":2621,"href":"https:\/\/tecin-mineria.com.ar\/si20te17\/wp-json\/wp\/v2\/pages\/2571\/revisions\/2621"}],"up":[{"embeddable":true,"href":"https:\/\/tecin-mineria.com.ar\/si20te17\/wp-json\/wp\/v2\/pages\/440"}],"wp:attachment":[{"href":"https:\/\/tecin-mineria.com.ar\/si20te17\/wp-json\/wp\/v2\/media?parent=2571"}],"curies":[{"name":"wp","href":"https:\/\/api.w.org\/{rel}","templated":true}]}}