{"id":2613,"date":"2026-03-03T12:36:19","date_gmt":"2026-03-03T15:36:19","guid":{"rendered":"https:\/\/tecin-mineria.com.ar\/si20te17\/?page_id=2613"},"modified":"2026-03-03T12:38:57","modified_gmt":"2026-03-03T15:38:57","slug":"sistemas-compactos","status":"publish","type":"page","link":"https:\/\/tecin-mineria.com.ar\/si20te17\/productos\/sistemas-compactos\/","title":{"rendered":"SISTEMAS COMPACTOS"},"content":{"rendered":"<p>[vc_row][vc_column][vc_btn title=&#8221;Volver&#8221; style=&#8221;flat&#8221; shape=&#8221;square&#8221; color=&#8221;default&#8221; size=&#8221;xs&#8221; i_icon_fontawesome=&#8221;fas fa-arrow-left&#8221; add_icon=&#8221;true&#8221; link=&#8221;url:https%3A%2F%2Ftecin-mineria.com.ar%2Fsi20te17%2Fproductos%2Fsistemas-de-supresion-de-incendios%2F|title:Sistemas%20de%20supresi%C3%B3n%20de%20incendios&#8221; css=&#8221;.vc_custom_1772548385567{background-color: #ffffff !important;}&#8221;][\/vc_column][\/vc_row][vc_row][vc_column width=&#8221;1\/2&#8243;][vc_single_image image=&#8221;2582&#8243; img_size=&#8221;full&#8221;][\/vc_column][vc_column width=&#8221;1\/2&#8243;][vc_column_text]Cuando el espacio es limitado, pero no se puede comprometer la seguridad contra incendios, nuestro Sistema Compacto de Agente L\u00edquido ofrece una protecci\u00f3n inigualable.<\/p>\n<p>Dise\u00f1ado espec\u00edficamente para equipos peque\u00f1os, su dise\u00f1o eficiente lo convierte en la opci\u00f3n ideal para proteger maquinaria donde los sistemas tradicionales simplemente no caben. Con el Sistema Compacto, obtiene el rendimiento confiable de AFEX en un paquete optimizado que prioriza su seguridad operativa y tranquilidad.<\/p>\n<p>Los equipos m\u00e1s peque\u00f1os suelen trabajar en las mismas condiciones extremas que los camiones y cargadores de gran tama\u00f1o. Sin embargo, los sistemas tradicionales de extinci\u00f3n de incendios pueden ser sobredimensionados o dif\u00edciles de instalar. El Sistema Compacto soluciona este problema con un tanque que:<\/p>\n<ul>\n<li>Se monta en cualquier orientaci\u00f3n, incluso boca abajo<\/li>\n<li>Es ligero y est\u00e1 optimizado para espacios reducidos<\/li>\n<li>Utiliza nuestro confiable agente l\u00edquido, de eficacia comprobada en incendios de combustible e hidr\u00e1ulicos<\/li>\n<li>Es compatible con accionamiento autom\u00e1tico o manual<\/li>\n<\/ul>\n<p>[\/vc_column_text][\/vc_column][\/vc_row][vc_row][vc_column][vc_empty_space height=&#8221;60px&#8221;][vc_btn title=&#8221;VER TODOS LOS PRODUCTOS&#8221; style=&#8221;outline&#8221; shape=&#8221;round&#8221; color=&#8221;black&#8221; align=&#8221;center&#8221; link=&#8221;url:https%3A%2F%2Ftecin-mineria.com.ar%2Fsi20te17%2Fproductos%2F|title:Productos&#8221;][\/vc_column][\/vc_row]<\/p>\n","protected":false},"excerpt":{"rendered":"<p>[vc_row][vc_column][vc_btn title=&#8221;Volver&#8221; style=&#8221;flat&#8221; shape=&#8221;square&#8221; color=&#8221;default&#8221; size=&#8221;xs&#8221; i_icon_fontawesome=&#8221;fas fa-arrow-left&#8221; add_icon=&#8221;true&#8221; link=&#8221;url:https%3A%2F%2Ftecin-mineria.com.ar%2Fsi20te17%2Fproductos%2Fsistemas-de-supresion-de-incendios%2F|title:Sistemas%20de%20supresi%C3%B3n%20de%20incendios&#8221; css=&#8221;.vc_custom_1772548385567{background-color: #ffffff !important;}&#8221;][\/vc_column][\/vc_row][vc_row][vc_column width=&#8221;1\/2&#8243;][vc_single_image image=&#8221;2582&#8243; img_size=&#8221;full&#8221;][\/vc_column][vc_column width=&#8221;1\/2&#8243;][vc_column_text]Cuando el espacio es limitado, pero no se puede comprometer la seguridad contra incendios, nuestro Sistema Compacto de Agente L\u00edquido ofrece una protecci\u00f3n inigualable. Dise\u00f1ado espec\u00edficamente para equipos peque\u00f1os, su dise\u00f1o eficiente lo convierte en la opci\u00f3n ideal para<\/p>\n","protected":false},"author":4,"featured_media":0,"parent":440,"menu_order":0,"comment_status":"closed","ping_status":"closed","template":"","meta":{"footnotes":""},"class_list":["post-2613","page","type-page","status-publish","hentry"],"yoast_head":"<!-- This site is optimized with the Yoast SEO plugin v27.1.1 - https:\/\/yoast.com\/product\/yoast-seo-wordpress\/ -->\n<title>SISTEMAS COMPACTOS - TECIN - MINERIA<\/title>\n<meta name=\"robots\" content=\"index, follow, max-snippet:-1, max-image-preview:large, max-video-preview:-1\" \/>\n<link rel=\"canonical\" href=\"https:\/\/tecin-mineria.com.ar\/si20te17\/productos\/sistemas-compactos\/\" \/>\n<meta property=\"og:locale\" content=\"es_ES\" \/>\n<meta property=\"og:type\" content=\"article\" \/>\n<meta property=\"og:title\" content=\"SISTEMAS COMPACTOS - TECIN - MINERIA\" \/>\n<meta property=\"og:description\" content=\"[vc_row][vc_column][vc_btn title=&#8221;Volver&#8221; style=&#8221;flat&#8221; shape=&#8221;square&#8221; color=&#8221;default&#8221; size=&#8221;xs&#8221; i_icon_fontawesome=&#8221;fas fa-arrow-left&#8221; add_icon=&#8221;true&#8221; link=&#8221;url:https%3A%2F%2Ftecin-mineria.com.ar%2Fsi20te17%2Fproductos%2Fsistemas-de-supresion-de-incendios%2F|title:Sistemas%20de%20supresi%C3%B3n%20de%20incendios&#8221; css=&#8221;.vc_custom_1772548385567{background-color: #ffffff !important;}&#8221;][\/vc_column][\/vc_row][vc_row][vc_column width=&#8221;1\/2&#8243;][vc_single_image image=&#8221;2582&#8243; img_size=&#8221;full&#8221;][\/vc_column][vc_column width=&#8221;1\/2&#8243;][vc_column_text]Cuando el espacio es limitado, pero no se puede comprometer la seguridad contra incendios, nuestro Sistema Compacto de Agente L\u00edquido ofrece una protecci\u00f3n inigualable. Dise\u00f1ado espec\u00edficamente para equipos peque\u00f1os, su dise\u00f1o eficiente lo convierte en la opci\u00f3n ideal para\" \/>\n<meta property=\"og:url\" content=\"https:\/\/tecin-mineria.com.ar\/si20te17\/productos\/sistemas-compactos\/\" \/>\n<meta property=\"og:site_name\" content=\"TECIN - MINERIA\" \/>\n<meta property=\"article:modified_time\" content=\"2026-03-03T15:38:57+00:00\" \/>\n<meta name=\"twitter:card\" content=\"summary_large_image\" \/>\n<meta name=\"twitter:label1\" content=\"Tiempo de lectura\" \/>\n\t<meta name=\"twitter:data1\" content=\"2 minutos\" \/>\n<script type=\"application\/ld+json\" class=\"yoast-schema-graph\">{\"@context\":\"https:\/\/schema.org\",\"@graph\":[{\"@type\":\"WebPage\",\"@id\":\"https:\/\/tecin-mineria.com.ar\/si20te17\/productos\/sistemas-compactos\/\",\"url\":\"https:\/\/tecin-mineria.com.ar\/si20te17\/productos\/sistemas-compactos\/\",\"name\":\"SISTEMAS COMPACTOS - TECIN - MINERIA\",\"isPartOf\":{\"@id\":\"https:\/\/tecin-mineria.com.ar\/si20te17\/#website\"},\"datePublished\":\"2026-03-03T15:36:19+00:00\",\"dateModified\":\"2026-03-03T15:38:57+00:00\",\"breadcrumb\":{\"@id\":\"https:\/\/tecin-mineria.com.ar\/si20te17\/productos\/sistemas-compactos\/#breadcrumb\"},\"inLanguage\":\"es-AR\",\"potentialAction\":[{\"@type\":\"ReadAction\",\"target\":[\"https:\/\/tecin-mineria.com.ar\/si20te17\/productos\/sistemas-compactos\/\"]}]},{\"@type\":\"BreadcrumbList\",\"@id\":\"https:\/\/tecin-mineria.com.ar\/si20te17\/productos\/sistemas-compactos\/#breadcrumb\",\"itemListElement\":[{\"@type\":\"ListItem\",\"position\":1,\"name\":\"Inicio\",\"item\":\"https:\/\/tecin-mineria.com.ar\/si20te17\/\"},{\"@type\":\"ListItem\",\"position\":2,\"name\":\"Productos\",\"item\":\"https:\/\/tecin-mineria.com.ar\/si20te17\/productos\/\"},{\"@type\":\"ListItem\",\"position\":3,\"name\":\"SISTEMAS COMPACTOS\"}]},{\"@type\":\"WebSite\",\"@id\":\"https:\/\/tecin-mineria.com.ar\/si20te17\/#website\",\"url\":\"https:\/\/tecin-mineria.com.ar\/si20te17\/\",\"name\":\"TECIN - MINERIA\",\"description\":\"SOCIOS EN LA SEGURIDAD\",\"publisher\":{\"@id\":\"https:\/\/tecin-mineria.com.ar\/si20te17\/#organization\"},\"potentialAction\":[{\"@type\":\"SearchAction\",\"target\":{\"@type\":\"EntryPoint\",\"urlTemplate\":\"https:\/\/tecin-mineria.com.ar\/si20te17\/?s={search_term_string}\"},\"query-input\":{\"@type\":\"PropertyValueSpecification\",\"valueRequired\":true,\"valueName\":\"search_term_string\"}}],\"inLanguage\":\"es-AR\"},{\"@type\":\"Organization\",\"@id\":\"https:\/\/tecin-mineria.com.ar\/si20te17\/#organization\",\"name\":\"Tecin Mineria\",\"url\":\"https:\/\/tecin-mineria.com.ar\/si20te17\/\",\"logo\":{\"@type\":\"ImageObject\",\"inLanguage\":\"es-AR\",\"@id\":\"https:\/\/tecin-mineria.com.ar\/si20te17\/#\/schema\/logo\/image\/\",\"url\":\"https:\/\/tecin-mineria.com.ar\/si20te17\/wp-content\/uploads\/2018\/12\/TECIN-Mineria-logo-3.png\",\"contentUrl\":\"https:\/\/tecin-mineria.com.ar\/si20te17\/wp-content\/uploads\/2018\/12\/TECIN-Mineria-logo-3.png\",\"width\":328,\"height\":195,\"caption\":\"Tecin Mineria\"},\"image\":{\"@id\":\"https:\/\/tecin-mineria.com.ar\/si20te17\/#\/schema\/logo\/image\/\"},\"sameAs\":[\"https:\/\/www.linkedin.com\/in\/daniel-ab\u00e9-07754027\/\"]}]}<\/script>\n<!-- \/ Yoast SEO plugin. -->","yoast_head_json":{"title":"SISTEMAS COMPACTOS - TECIN - MINERIA","robots":{"index":"index","follow":"follow","max-snippet":"max-snippet:-1","max-image-preview":"max-image-preview:large","max-video-preview":"max-video-preview:-1"},"canonical":"https:\/\/tecin-mineria.com.ar\/si20te17\/productos\/sistemas-compactos\/","og_locale":"es_ES","og_type":"article","og_title":"SISTEMAS COMPACTOS - TECIN - MINERIA","og_description":"[vc_row][vc_column][vc_btn title=&#8221;Volver&#8221; style=&#8221;flat&#8221; shape=&#8221;square&#8221; color=&#8221;default&#8221; size=&#8221;xs&#8221; i_icon_fontawesome=&#8221;fas fa-arrow-left&#8221; add_icon=&#8221;true&#8221; link=&#8221;url:https%3A%2F%2Ftecin-mineria.com.ar%2Fsi20te17%2Fproductos%2Fsistemas-de-supresion-de-incendios%2F|title:Sistemas%20de%20supresi%C3%B3n%20de%20incendios&#8221; css=&#8221;.vc_custom_1772548385567{background-color: #ffffff !important;}&#8221;][\/vc_column][\/vc_row][vc_row][vc_column width=&#8221;1\/2&#8243;][vc_single_image image=&#8221;2582&#8243; img_size=&#8221;full&#8221;][\/vc_column][vc_column width=&#8221;1\/2&#8243;][vc_column_text]Cuando el espacio es limitado, pero no se puede comprometer la seguridad contra incendios, nuestro Sistema Compacto de Agente L\u00edquido ofrece una protecci\u00f3n inigualable. Dise\u00f1ado espec\u00edficamente para equipos peque\u00f1os, su dise\u00f1o eficiente lo convierte en la opci\u00f3n ideal para","og_url":"https:\/\/tecin-mineria.com.ar\/si20te17\/productos\/sistemas-compactos\/","og_site_name":"TECIN - MINERIA","article_modified_time":"2026-03-03T15:38:57+00:00","twitter_card":"summary_large_image","twitter_misc":{"Tiempo de lectura":"2 minutos"},"schema":{"@context":"https:\/\/schema.org","@graph":[{"@type":"WebPage","@id":"https:\/\/tecin-mineria.com.ar\/si20te17\/productos\/sistemas-compactos\/","url":"https:\/\/tecin-mineria.com.ar\/si20te17\/productos\/sistemas-compactos\/","name":"SISTEMAS COMPACTOS - TECIN - MINERIA","isPartOf":{"@id":"https:\/\/tecin-mineria.com.ar\/si20te17\/#website"},"datePublished":"2026-03-03T15:36:19+00:00","dateModified":"2026-03-03T15:38:57+00:00","breadcrumb":{"@id":"https:\/\/tecin-mineria.com.ar\/si20te17\/productos\/sistemas-compactos\/#breadcrumb"},"inLanguage":"es-AR","potentialAction":[{"@type":"ReadAction","target":["https:\/\/tecin-mineria.com.ar\/si20te17\/productos\/sistemas-compactos\/"]}]},{"@type":"BreadcrumbList","@id":"https:\/\/tecin-mineria.com.ar\/si20te17\/productos\/sistemas-compactos\/#breadcrumb","itemListElement":[{"@type":"ListItem","position":1,"name":"Inicio","item":"https:\/\/tecin-mineria.com.ar\/si20te17\/"},{"@type":"ListItem","position":2,"name":"Productos","item":"https:\/\/tecin-mineria.com.ar\/si20te17\/productos\/"},{"@type":"ListItem","position":3,"name":"SISTEMAS COMPACTOS"}]},{"@type":"WebSite","@id":"https:\/\/tecin-mineria.com.ar\/si20te17\/#website","url":"https:\/\/tecin-mineria.com.ar\/si20te17\/","name":"TECIN - MINERIA","description":"SOCIOS EN LA SEGURIDAD","publisher":{"@id":"https:\/\/tecin-mineria.com.ar\/si20te17\/#organization"},"potentialAction":[{"@type":"SearchAction","target":{"@type":"EntryPoint","urlTemplate":"https:\/\/tecin-mineria.com.ar\/si20te17\/?s={search_term_string}"},"query-input":{"@type":"PropertyValueSpecification","valueRequired":true,"valueName":"search_term_string"}}],"inLanguage":"es-AR"},{"@type":"Organization","@id":"https:\/\/tecin-mineria.com.ar\/si20te17\/#organization","name":"Tecin Mineria","url":"https:\/\/tecin-mineria.com.ar\/si20te17\/","logo":{"@type":"ImageObject","inLanguage":"es-AR","@id":"https:\/\/tecin-mineria.com.ar\/si20te17\/#\/schema\/logo\/image\/","url":"https:\/\/tecin-mineria.com.ar\/si20te17\/wp-content\/uploads\/2018\/12\/TECIN-Mineria-logo-3.png","contentUrl":"https:\/\/tecin-mineria.com.ar\/si20te17\/wp-content\/uploads\/2018\/12\/TECIN-Mineria-logo-3.png","width":328,"height":195,"caption":"Tecin Mineria"},"image":{"@id":"https:\/\/tecin-mineria.com.ar\/si20te17\/#\/schema\/logo\/image\/"},"sameAs":["https:\/\/www.linkedin.com\/in\/daniel-ab\u00e9-07754027\/"]}]}},"_links":{"self":[{"href":"https:\/\/tecin-mineria.com.ar\/si20te17\/wp-json\/wp\/v2\/pages\/2613","targetHints":{"allow":["GET"]}}],"collection":[{"href":"https:\/\/tecin-mineria.com.ar\/si20te17\/wp-json\/wp\/v2\/pages"}],"about":[{"href":"https:\/\/tecin-mineria.com.ar\/si20te17\/wp-json\/wp\/v2\/types\/page"}],"author":[{"embeddable":true,"href":"https:\/\/tecin-mineria.com.ar\/si20te17\/wp-json\/wp\/v2\/users\/4"}],"replies":[{"embeddable":true,"href":"https:\/\/tecin-mineria.com.ar\/si20te17\/wp-json\/wp\/v2\/comments?post=2613"}],"version-history":[{"count":3,"href":"https:\/\/tecin-mineria.com.ar\/si20te17\/wp-json\/wp\/v2\/pages\/2613\/revisions"}],"predecessor-version":[{"id":2616,"href":"https:\/\/tecin-mineria.com.ar\/si20te17\/wp-json\/wp\/v2\/pages\/2613\/revisions\/2616"}],"up":[{"embeddable":true,"href":"https:\/\/tecin-mineria.com.ar\/si20te17\/wp-json\/wp\/v2\/pages\/440"}],"wp:attachment":[{"href":"https:\/\/tecin-mineria.com.ar\/si20te17\/wp-json\/wp\/v2\/media?parent=2613"}],"curies":[{"name":"wp","href":"https:\/\/api.w.org\/{rel}","templated":true}]}}