{"id":2622,"date":"2026-03-03T12:52:43","date_gmt":"2026-03-03T15:52:43","guid":{"rendered":"https:\/\/tecin-mineria.com.ar\/si20te17\/?page_id=2622"},"modified":"2026-03-03T12:59:20","modified_gmt":"2026-03-03T15:59:20","slug":"iluminacion-para-minas","status":"publish","type":"page","link":"https:\/\/tecin-mineria.com.ar\/si20te17\/productos\/iluminacion-para-minas\/","title":{"rendered":"ILUMINACI\u00d3N PARA MINAS"},"content":{"rendered":"<p>[vc_row gap=&#8221;30&#8243; content_placement=&#8221;middle&#8221; container=&#8221;1&#8243; css=&#8221;.vc_custom_1738958196941{margin-top: 70px !important;margin-bottom: 70px !important;}&#8221;][vc_column width=&#8221;1\/2&#8243;][vc_single_image image=&#8221;2624&#8243; img_size=&#8221;full&#8221; alignment=&#8221;center&#8221;][\/vc_column][vc_column width=&#8221;1\/2&#8243;][vc_column_text]<strong>Tecin Miner\u00eda<\/strong> distribuye los productos de iluminaci\u00f3n de Phoenix. Las luces LED para miner\u00eda de alta resistencia de Phoenix est\u00e1n dise\u00f1adas para <strong>soportar las condiciones m\u00e1s adversas y proporcionar la m\u00e1xima visibilidad en las minas.<\/strong> Los operadores experimentan una mejor visibilidad y un menor tiempo de inactividad por mantenimiento con nuestras resistentes luminarias LED para miner\u00eda.<\/p>\n<p>La iluminaci\u00f3n para minas de Phoenix mejora la comodidad del operador, minimiza el deslumbramiento, previene la fatiga visual, apoya las iniciativas de seguridad y garantiza condiciones de trabajo fiables.<\/p>\n<p>\u00d3pticas especializadas crean un sistema de iluminaci\u00f3n para minas a medida que funciona excepcionalmente bien en condiciones de polvo, niebla, lluvia, nieve u otros entornos exigentes, maximizando la productividad. Las luces LED para miner\u00eda, dise\u00f1adas espec\u00edficamente para minas, mejoran la productividad y la eficiencia al ajustar el brillo y el color seg\u00fan las preferencias y el entorno.<\/p>\n<p><strong>Desde equipos hasta instalaciones, las luminarias LED sostenibles de Phoenix mejoran la visibilidad y la seguridad en toda la mina.<\/strong>[\/vc_column_text][\/vc_column][\/vc_row][vc_row][vc_column][vc_column_text]Phoenix ofrece una amplia variedad de opciones de iluminaci\u00f3n LED para minas, incluyendo <strong>luz LED de seguridad, luz LED \u00e1mbar, reflectores LED<\/strong> dise\u00f1ados espec\u00edficamente para aplicaciones mineras, <strong>luz LED a prueba de explosiones, luz antiniebla<\/strong> para minas\/construcci\u00f3n, <strong>luz antideslumbrante<\/strong> para minas\/construcci\u00f3n y <strong>luz de trabajo LED de alta resistencia.<\/strong>[\/vc_column_text][vc_empty_space height=&#8221;60px&#8221;][\/vc_column][\/vc_row][vc_row gap=&#8221;30&#8243; content_placement=&#8221;middle&#8221; container=&#8221;1&#8243; css=&#8221;.vc_custom_1738958196941{margin-top: 70px !important;margin-bottom: 70px !important;}&#8221;][vc_column width=&#8221;2\/6&#8243;][vc_single_image image=&#8221;2628&#8243; img_size=&#8221;full&#8221; alignment=&#8221;center&#8221; style=&#8221;vc_box_shadow_3d&#8221;][\/vc_column][vc_column width=&#8221;4\/6&#8243;][vc_column_text]<\/p>\n<h6><strong>Equipos de Corriente Alterna (AC)<\/strong><\/h6>\n<p>Durante d\u00e9cadas, Phoenix ha colaborado con operadores para ofrecer una iluminaci\u00f3n optimizada para dragalinas y palas.<\/p>\n<p>Las dragalinas exigen la m\u00e1xima durabilidad, junto con una iluminaci\u00f3n uniforme y consistente bajo la pluma, para una productividad y seguridad \u00f3ptimas. Nuestro reflector LED de CA de alto voltaje permite a los operadores leer la pendiente con eficacia, manteniendo los m\u00e1s altos est\u00e1ndares de seguridad.[\/vc_column_text][\/vc_column][\/vc_row][vc_row gap=&#8221;30&#8243; content_placement=&#8221;middle&#8221; container=&#8221;1&#8243; css=&#8221;.vc_custom_1738958196941{margin-top: 70px !important;margin-bottom: 70px !important;}&#8221;][vc_column][vc_empty_space height=&#8221;20px&#8221;][\/vc_column][vc_column width=&#8221;2\/6&#8243;][vc_single_image image=&#8221;2629&#8243; img_size=&#8221;full&#8221; alignment=&#8221;center&#8221; style=&#8221;vc_box_shadow_3d&#8221;][\/vc_column][vc_column width=&#8221;4\/6&#8243;][vc_column_text]<\/p>\n<h6><strong>Equipos de Corriente Continua (DC)<\/strong><\/h6>\n<p>Los equipos de miner\u00eda m\u00f3vil requieren iluminaci\u00f3n para minas que resistan impactos extremos, vibraciones, terrenos rocosos e inclemencias del tiempo.<\/p>\n<p>La luz LED para miner\u00eda de corriente continua (DC) de Phoenix, con un control excepcional del deslumbramiento, proporciona la iluminaci\u00f3n m\u00e1s confiable para camiones de carga, excavadoras, bulldozers, cargadoras de ruedas y otros equipos m\u00f3viles. Estas aplicaciones requieren una iluminaci\u00f3n constante, altos est\u00e1ndares de durabilidad para mantener una alta productividad y seguridad, y un mantenimiento m\u00ednimo.[\/vc_column_text][\/vc_column][\/vc_row][vc_row gap=&#8221;30&#8243; content_placement=&#8221;middle&#8221; container=&#8221;1&#8243; css=&#8221;.vc_custom_1738958196941{margin-top: 70px !important;margin-bottom: 70px !important;}&#8221;][vc_column][vc_empty_space height=&#8221;20px&#8221;][\/vc_column][vc_column width=&#8221;2\/6&#8243;][vc_single_image image=&#8221;2630&#8243; img_size=&#8221;full&#8221; alignment=&#8221;center&#8221; style=&#8221;vc_box_shadow_3d&#8221;][\/vc_column][vc_column width=&#8221;4\/6&#8243;][vc_column_text]<\/p>\n<h6><strong>Infraestructura<\/strong><\/h6>\n<p>Las plantas de trituraci\u00f3n y procesamiento requieren iluminaci\u00f3n que resista cualquier factor ambiental y fuertes impactos y vibraciones las 24 horas del d\u00eda, los 7 d\u00edas de la semana.<\/p>\n<p>Las \u00e1reas de lavado, almacenamiento, almacenes y otras instalaciones necesitan iluminaci\u00f3n que funcione en condiciones dif\u00edciles. [\/vc_column_text][\/vc_column][\/vc_row][vc_row][vc_column][vc_empty_space height=&#8221;60px&#8221;][vc_btn title=&#8221;VER TODOS LOS PRODUCTOS&#8221; style=&#8221;outline&#8221; shape=&#8221;round&#8221; color=&#8221;black&#8221; align=&#8221;center&#8221; link=&#8221;url:https%3A%2F%2Ftecin-mineria.com.ar%2Fsi20te17%2Fproductos%2F|title:Productos&#8221;][vc_empty_space height=&#8221;60px&#8221;][\/vc_column][\/vc_row]<\/p>\n","protected":false},"excerpt":{"rendered":"<p>[vc_row gap=&#8221;30&#8243; content_placement=&#8221;middle&#8221; container=&#8221;1&#8243; css=&#8221;.vc_custom_1738958196941{margin-top: 70px !important;margin-bottom: 70px !important;}&#8221;][vc_column width=&#8221;1\/2&#8243;][vc_single_image image=&#8221;2624&#8243; img_size=&#8221;full&#8221; alignment=&#8221;center&#8221;][\/vc_column][vc_column width=&#8221;1\/2&#8243;][vc_column_text]Tecin Miner\u00eda distribuye los productos de iluminaci\u00f3n de Phoenix. Las luces LED para miner\u00eda de alta resistencia de Phoenix est\u00e1n dise\u00f1adas para soportar las condiciones m\u00e1s adversas y proporcionar la m\u00e1xima visibilidad en las minas. Los operadores experimentan una mejor visibilidad y<\/p>\n","protected":false},"author":4,"featured_media":0,"parent":440,"menu_order":0,"comment_status":"closed","ping_status":"closed","template":"","meta":{"footnotes":""},"class_list":["post-2622","page","type-page","status-publish","hentry"],"yoast_head":"<!-- This site is optimized with the Yoast SEO plugin v27.1.1 - https:\/\/yoast.com\/product\/yoast-seo-wordpress\/ -->\n<title>ILUMINACI\u00d3N PARA MINAS - TECIN - MINERIA<\/title>\n<meta name=\"robots\" content=\"index, follow, max-snippet:-1, max-image-preview:large, max-video-preview:-1\" \/>\n<link rel=\"canonical\" href=\"https:\/\/tecin-mineria.com.ar\/si20te17\/productos\/iluminacion-para-minas\/\" \/>\n<meta property=\"og:locale\" content=\"es_ES\" \/>\n<meta property=\"og:type\" content=\"article\" \/>\n<meta property=\"og:title\" content=\"ILUMINACI\u00d3N PARA MINAS - TECIN - MINERIA\" \/>\n<meta property=\"og:description\" content=\"[vc_row gap=&#8221;30&#8243; content_placement=&#8221;middle&#8221; container=&#8221;1&#8243; css=&#8221;.vc_custom_1738958196941{margin-top: 70px !important;margin-bottom: 70px !important;}&#8221;][vc_column width=&#8221;1\/2&#8243;][vc_single_image image=&#8221;2624&#8243; img_size=&#8221;full&#8221; alignment=&#8221;center&#8221;][\/vc_column][vc_column width=&#8221;1\/2&#8243;][vc_column_text]Tecin Miner\u00eda distribuye los productos de iluminaci\u00f3n de Phoenix. Las luces LED para miner\u00eda de alta resistencia de Phoenix est\u00e1n dise\u00f1adas para soportar las condiciones m\u00e1s adversas y proporcionar la m\u00e1xima visibilidad en las minas. Los operadores experimentan una mejor visibilidad y\" \/>\n<meta property=\"og:url\" content=\"https:\/\/tecin-mineria.com.ar\/si20te17\/productos\/iluminacion-para-minas\/\" \/>\n<meta property=\"og:site_name\" content=\"TECIN - MINERIA\" \/>\n<meta property=\"article:modified_time\" content=\"2026-03-03T15:59:20+00:00\" \/>\n<meta name=\"twitter:card\" content=\"summary_large_image\" \/>\n<meta name=\"twitter:label1\" content=\"Tiempo de lectura\" \/>\n\t<meta name=\"twitter:data1\" content=\"4 minutos\" \/>\n<script type=\"application\/ld+json\" class=\"yoast-schema-graph\">{\"@context\":\"https:\/\/schema.org\",\"@graph\":[{\"@type\":\"WebPage\",\"@id\":\"https:\/\/tecin-mineria.com.ar\/si20te17\/productos\/iluminacion-para-minas\/\",\"url\":\"https:\/\/tecin-mineria.com.ar\/si20te17\/productos\/iluminacion-para-minas\/\",\"name\":\"ILUMINACI\u00d3N PARA MINAS - TECIN - MINERIA\",\"isPartOf\":{\"@id\":\"https:\/\/tecin-mineria.com.ar\/si20te17\/#website\"},\"datePublished\":\"2026-03-03T15:52:43+00:00\",\"dateModified\":\"2026-03-03T15:59:20+00:00\",\"breadcrumb\":{\"@id\":\"https:\/\/tecin-mineria.com.ar\/si20te17\/productos\/iluminacion-para-minas\/#breadcrumb\"},\"inLanguage\":\"es-AR\",\"potentialAction\":[{\"@type\":\"ReadAction\",\"target\":[\"https:\/\/tecin-mineria.com.ar\/si20te17\/productos\/iluminacion-para-minas\/\"]}]},{\"@type\":\"BreadcrumbList\",\"@id\":\"https:\/\/tecin-mineria.com.ar\/si20te17\/productos\/iluminacion-para-minas\/#breadcrumb\",\"itemListElement\":[{\"@type\":\"ListItem\",\"position\":1,\"name\":\"Inicio\",\"item\":\"https:\/\/tecin-mineria.com.ar\/si20te17\/\"},{\"@type\":\"ListItem\",\"position\":2,\"name\":\"Productos\",\"item\":\"https:\/\/tecin-mineria.com.ar\/si20te17\/productos\/\"},{\"@type\":\"ListItem\",\"position\":3,\"name\":\"ILUMINACI\u00d3N PARA MINAS\"}]},{\"@type\":\"WebSite\",\"@id\":\"https:\/\/tecin-mineria.com.ar\/si20te17\/#website\",\"url\":\"https:\/\/tecin-mineria.com.ar\/si20te17\/\",\"name\":\"TECIN - MINERIA\",\"description\":\"SOCIOS EN LA SEGURIDAD\",\"publisher\":{\"@id\":\"https:\/\/tecin-mineria.com.ar\/si20te17\/#organization\"},\"potentialAction\":[{\"@type\":\"SearchAction\",\"target\":{\"@type\":\"EntryPoint\",\"urlTemplate\":\"https:\/\/tecin-mineria.com.ar\/si20te17\/?s={search_term_string}\"},\"query-input\":{\"@type\":\"PropertyValueSpecification\",\"valueRequired\":true,\"valueName\":\"search_term_string\"}}],\"inLanguage\":\"es-AR\"},{\"@type\":\"Organization\",\"@id\":\"https:\/\/tecin-mineria.com.ar\/si20te17\/#organization\",\"name\":\"Tecin Mineria\",\"url\":\"https:\/\/tecin-mineria.com.ar\/si20te17\/\",\"logo\":{\"@type\":\"ImageObject\",\"inLanguage\":\"es-AR\",\"@id\":\"https:\/\/tecin-mineria.com.ar\/si20te17\/#\/schema\/logo\/image\/\",\"url\":\"https:\/\/tecin-mineria.com.ar\/si20te17\/wp-content\/uploads\/2018\/12\/TECIN-Mineria-logo-3.png\",\"contentUrl\":\"https:\/\/tecin-mineria.com.ar\/si20te17\/wp-content\/uploads\/2018\/12\/TECIN-Mineria-logo-3.png\",\"width\":328,\"height\":195,\"caption\":\"Tecin Mineria\"},\"image\":{\"@id\":\"https:\/\/tecin-mineria.com.ar\/si20te17\/#\/schema\/logo\/image\/\"},\"sameAs\":[\"https:\/\/www.linkedin.com\/in\/daniel-ab\u00e9-07754027\/\"]}]}<\/script>\n<!-- \/ Yoast SEO plugin. -->","yoast_head_json":{"title":"ILUMINACI\u00d3N PARA MINAS - TECIN - MINERIA","robots":{"index":"index","follow":"follow","max-snippet":"max-snippet:-1","max-image-preview":"max-image-preview:large","max-video-preview":"max-video-preview:-1"},"canonical":"https:\/\/tecin-mineria.com.ar\/si20te17\/productos\/iluminacion-para-minas\/","og_locale":"es_ES","og_type":"article","og_title":"ILUMINACI\u00d3N PARA MINAS - TECIN - MINERIA","og_description":"[vc_row gap=&#8221;30&#8243; content_placement=&#8221;middle&#8221; container=&#8221;1&#8243; css=&#8221;.vc_custom_1738958196941{margin-top: 70px !important;margin-bottom: 70px !important;}&#8221;][vc_column width=&#8221;1\/2&#8243;][vc_single_image image=&#8221;2624&#8243; img_size=&#8221;full&#8221; alignment=&#8221;center&#8221;][\/vc_column][vc_column width=&#8221;1\/2&#8243;][vc_column_text]Tecin Miner\u00eda distribuye los productos de iluminaci\u00f3n de Phoenix. Las luces LED para miner\u00eda de alta resistencia de Phoenix est\u00e1n dise\u00f1adas para soportar las condiciones m\u00e1s adversas y proporcionar la m\u00e1xima visibilidad en las minas. Los operadores experimentan una mejor visibilidad y","og_url":"https:\/\/tecin-mineria.com.ar\/si20te17\/productos\/iluminacion-para-minas\/","og_site_name":"TECIN - MINERIA","article_modified_time":"2026-03-03T15:59:20+00:00","twitter_card":"summary_large_image","twitter_misc":{"Tiempo de lectura":"4 minutos"},"schema":{"@context":"https:\/\/schema.org","@graph":[{"@type":"WebPage","@id":"https:\/\/tecin-mineria.com.ar\/si20te17\/productos\/iluminacion-para-minas\/","url":"https:\/\/tecin-mineria.com.ar\/si20te17\/productos\/iluminacion-para-minas\/","name":"ILUMINACI\u00d3N PARA MINAS - TECIN - MINERIA","isPartOf":{"@id":"https:\/\/tecin-mineria.com.ar\/si20te17\/#website"},"datePublished":"2026-03-03T15:52:43+00:00","dateModified":"2026-03-03T15:59:20+00:00","breadcrumb":{"@id":"https:\/\/tecin-mineria.com.ar\/si20te17\/productos\/iluminacion-para-minas\/#breadcrumb"},"inLanguage":"es-AR","potentialAction":[{"@type":"ReadAction","target":["https:\/\/tecin-mineria.com.ar\/si20te17\/productos\/iluminacion-para-minas\/"]}]},{"@type":"BreadcrumbList","@id":"https:\/\/tecin-mineria.com.ar\/si20te17\/productos\/iluminacion-para-minas\/#breadcrumb","itemListElement":[{"@type":"ListItem","position":1,"name":"Inicio","item":"https:\/\/tecin-mineria.com.ar\/si20te17\/"},{"@type":"ListItem","position":2,"name":"Productos","item":"https:\/\/tecin-mineria.com.ar\/si20te17\/productos\/"},{"@type":"ListItem","position":3,"name":"ILUMINACI\u00d3N PARA MINAS"}]},{"@type":"WebSite","@id":"https:\/\/tecin-mineria.com.ar\/si20te17\/#website","url":"https:\/\/tecin-mineria.com.ar\/si20te17\/","name":"TECIN - MINERIA","description":"SOCIOS EN LA SEGURIDAD","publisher":{"@id":"https:\/\/tecin-mineria.com.ar\/si20te17\/#organization"},"potentialAction":[{"@type":"SearchAction","target":{"@type":"EntryPoint","urlTemplate":"https:\/\/tecin-mineria.com.ar\/si20te17\/?s={search_term_string}"},"query-input":{"@type":"PropertyValueSpecification","valueRequired":true,"valueName":"search_term_string"}}],"inLanguage":"es-AR"},{"@type":"Organization","@id":"https:\/\/tecin-mineria.com.ar\/si20te17\/#organization","name":"Tecin Mineria","url":"https:\/\/tecin-mineria.com.ar\/si20te17\/","logo":{"@type":"ImageObject","inLanguage":"es-AR","@id":"https:\/\/tecin-mineria.com.ar\/si20te17\/#\/schema\/logo\/image\/","url":"https:\/\/tecin-mineria.com.ar\/si20te17\/wp-content\/uploads\/2018\/12\/TECIN-Mineria-logo-3.png","contentUrl":"https:\/\/tecin-mineria.com.ar\/si20te17\/wp-content\/uploads\/2018\/12\/TECIN-Mineria-logo-3.png","width":328,"height":195,"caption":"Tecin Mineria"},"image":{"@id":"https:\/\/tecin-mineria.com.ar\/si20te17\/#\/schema\/logo\/image\/"},"sameAs":["https:\/\/www.linkedin.com\/in\/daniel-ab\u00e9-07754027\/"]}]}},"_links":{"self":[{"href":"https:\/\/tecin-mineria.com.ar\/si20te17\/wp-json\/wp\/v2\/pages\/2622","targetHints":{"allow":["GET"]}}],"collection":[{"href":"https:\/\/tecin-mineria.com.ar\/si20te17\/wp-json\/wp\/v2\/pages"}],"about":[{"href":"https:\/\/tecin-mineria.com.ar\/si20te17\/wp-json\/wp\/v2\/types\/page"}],"author":[{"embeddable":true,"href":"https:\/\/tecin-mineria.com.ar\/si20te17\/wp-json\/wp\/v2\/users\/4"}],"replies":[{"embeddable":true,"href":"https:\/\/tecin-mineria.com.ar\/si20te17\/wp-json\/wp\/v2\/comments?post=2622"}],"version-history":[{"count":4,"href":"https:\/\/tecin-mineria.com.ar\/si20te17\/wp-json\/wp\/v2\/pages\/2622\/revisions"}],"predecessor-version":[{"id":2632,"href":"https:\/\/tecin-mineria.com.ar\/si20te17\/wp-json\/wp\/v2\/pages\/2622\/revisions\/2632"}],"up":[{"embeddable":true,"href":"https:\/\/tecin-mineria.com.ar\/si20te17\/wp-json\/wp\/v2\/pages\/440"}],"wp:attachment":[{"href":"https:\/\/tecin-mineria.com.ar\/si20te17\/wp-json\/wp\/v2\/media?parent=2622"}],"curies":[{"name":"wp","href":"https:\/\/api.w.org\/{rel}","templated":true}]}}