{"id":440,"date":"2017-02-20T20:06:01","date_gmt":"2017-02-20T23:06:01","guid":{"rendered":"https:\/\/tecin-mineria.com.ar\/si20te17\/?page_id=440"},"modified":"2026-03-03T12:53:02","modified_gmt":"2026-03-03T15:53:02","slug":"productos","status":"publish","type":"page","link":"https:\/\/tecin-mineria.com.ar\/si20te17\/productos\/","title":{"rendered":"Productos"},"content":{"rendered":"<p>[vc_row][vc_column][vc_empty_space height=&#8221;20px&#8221;][\/vc_column][\/vc_row][vc_row container=&#8221;1&#8243; css=&#8221;.vc_custom_1501621729975{margin-top: 100px !important;}&#8221;][vc_column css=&#8221;.vc_custom_1739207327116{margin-top: 20px !important;}&#8221;][vc_raw_html]JTNDZGl2JTIwY2xhc3MlM0QlMjJhdXRvLWNvbnRhaW5lciUyMiUzRSUwQSUyMCUyMCUyMCUyMCUyMCUyMCUyMCUyMCUzQ2RpdiUyMGNsYXNzJTNEJTIyc2VjLXRpdGxlJTIwdGV4dC1jZW50ZXIlMjIlM0UlMEElMjAlMjAlMjAlMjAlMjAlMjAlMjAlMjAlMjAlMjAlMjAlMjAlM0NoMiUzRVN1bWFtb3MlMjBwcm9kdWN0b3MuJTIwJTNDc3BhbiUyMGNsYXNzJTNEJTIydGhlbWVfY29sb3IlMjIlM0VNdWx0aXBsaWNhbW9zJTIwcmVzdWx0YWRvcy4lM0MlMkZzcGFuJTNFJTNDJTJGaDIlM0UlMEElMjAlMjAlMjAlMjAlMjAlMjAlMjAlMjAlMjAlMjAlMjAlMjAlMEElMjAlMjAlMjAlMjAlMjAlMjAlMjAlMjAlM0MlMkZkaXYlM0UlMEElM0MlMkZkaXYlM0U=[\/vc_raw_html][\/vc_column][\/vc_row][vc_row equal_height=&#8221;yes&#8221;][vc_column width=&#8221;3\/12&#8243;][\/vc_column][vc_column width=&#8221;6\/12&#8243;][vc_row_inner equal_height=&#8221;yes&#8221;][vc_column_inner width=&#8221;1\/2&#8243;][vc_single_image image=&#8221;2526&#8243; img_size=&#8221;full&#8221; alignment=&#8221;center&#8221; style=&#8221;vc_box_shadow&#8221; css=&#8221;.vc_custom_1772540461367{margin-top: 0px !important;margin-right: 0px !important;margin-bottom: 0px !important;margin-left: 0px !important;padding-top: 0px !important;padding-right: 0px !important;padding-bottom: 0px !important;padding-left: 0px !important;}&#8221;][vc_column_text css=&#8221;.vc_custom_1772544512506{padding-top: 20px !important;}&#8221;]<\/p>\n<h3 style=\"text-align: center; line-height: 26px;\"><strong>Sistemas de Supresi\u00f3n de Incendios<\/strong><\/h3>\n<p>[\/vc_column_text][vc_btn title=&#8221;VER M\u00c1S&#8221; style=&#8221;custom&#8221; custom_background=&#8221;#e1332c&#8221; custom_text=&#8221;#ffffff&#8221; shape=&#8221;round&#8221; align=&#8221;center&#8221; css=&#8221;.vc_custom_1772547587765{margin-top: 20px !important;}&#8221; link=&#8221;url:https%3A%2F%2Ftecin-mineria.com.ar%2Fsi20te17%2Fproductos%2Fsistemas-de-supresion-de-incendios%2F|title:Sistemas%20de%20supresi%C3%B3n%20de%20incendios&#8221;][vc_empty_space height=&#8221;60px&#8221;][\/vc_column_inner][vc_column_inner width=&#8221;1\/2&#8243;][vc_single_image image=&#8221;2522&#8243; img_size=&#8221;full&#8221; alignment=&#8221;center&#8221; style=&#8221;vc_box_shadow&#8221; css=&#8221;.vc_custom_1772553016329{margin-top: 0px !important;margin-right: 0px !important;margin-bottom: 0px !important;margin-left: 0px !important;padding-top: 0px !important;padding-right: 0px !important;padding-bottom: 0px !important;padding-left: 0px !important;}&#8221;][vc_column_text css=&#8221;.vc_custom_1772540892156{padding-top: 20px !important;}&#8221;]<\/p>\n<h3 style=\"text-align: center; line-height: 26px;\"><strong>Iluminaci\u00f3n<\/strong><\/h3>\n<p>[\/vc_column_text][vc_btn title=&#8221;VER M\u00c1S&#8221; style=&#8221;custom&#8221; custom_background=&#8221;#e1332c&#8221; custom_text=&#8221;#ffffff&#8221; shape=&#8221;round&#8221; align=&#8221;center&#8221; css=&#8221;.vc_custom_1772553180298{margin-top: 20px !important;}&#8221; link=&#8221;url:https%3A%2F%2Ftecin-mineria.com.ar%2Fsi20te17%2Fproductos%2Filuminacion-para-minas%2F|title:ILUMINACI%C3%93N%20PARA%20MINAS&#8221;][vc_empty_space height=&#8221;60px&#8221;][\/vc_column_inner][\/vc_row_inner][\/vc_column][vc_column width=&#8221;3\/12&#8243;][\/vc_column][\/vc_row][vc_row equal_height=&#8221;yes&#8221;][vc_column width=&#8221;1\/6&#8243;][\/vc_column][vc_column width=&#8221;4\/6&#8243;][vc_row_inner equal_height=&#8221;yes&#8221;][vc_column_inner width=&#8221;1\/3&#8243;][vc_single_image image=&#8221;2525&#8243; img_size=&#8221;full&#8221; alignment=&#8221;center&#8221; style=&#8221;vc_box_shadow&#8221; css=&#8221;.vc_custom_1772540755484{margin-top: 0px !important;margin-right: 0px !important;margin-bottom: 0px !important;margin-left: 0px !important;padding-top: 0px !important;padding-right: 0px !important;padding-bottom: 0px !important;padding-left: 0px !important;}&#8221;][vc_column_text css=&#8221;.vc_custom_1772540772577{padding-top: 20px !important;}&#8221;]<\/p>\n<h3 style=\"text-align: center; line-height: 26px;\"><strong>Sistemas Autom\u00e1ticos de Lubricaci\u00f3n<\/strong><\/h3>\n<p>[\/vc_column_text][vc_empty_space height=&#8221;60px&#8221;][\/vc_column_inner][vc_column_inner width=&#8221;1\/3&#8243;][vc_single_image image=&#8221;2523&#8243; img_size=&#8221;full&#8221; alignment=&#8221;center&#8221; style=&#8221;vc_box_shadow&#8221; css=&#8221;.vc_custom_1772540905553{margin-top: 0px !important;margin-right: 0px !important;margin-bottom: 0px !important;margin-left: 0px !important;padding-top: 0px !important;padding-right: 0px !important;padding-bottom: 0px !important;padding-left: 0px !important;}&#8221;][vc_column_text css=&#8221;.vc_custom_1772540914655{padding-top: 20px !important;}&#8221;]<\/p>\n<h3 style=\"text-align: center; line-height: 26px;\"><strong>Mantas T\u00e9rmicas<\/strong><\/h3>\n<p>[\/vc_column_text][vc_empty_space height=&#8221;60px&#8221;][\/vc_column_inner][vc_column_inner width=&#8221;1\/3&#8243;][vc_single_image image=&#8221;2524&#8243; img_size=&#8221;full&#8221; alignment=&#8221;center&#8221; style=&#8221;vc_box_shadow&#8221; css=&#8221;.vc_custom_1772540819071{margin-top: 0px !important;margin-right: 0px !important;margin-bottom: 0px !important;margin-left: 0px !important;padding-top: 0px !important;padding-right: 0px !important;padding-bottom: 0px !important;padding-left: 0px !important;}&#8221;][vc_column_text css=&#8221;.vc_custom_1772540802548{padding-top: 20px !important;}&#8221;]<\/p>\n<h3 style=\"text-align: center; line-height: 26px;\"><strong>Protectores de Mangueras<\/strong><\/h3>\n<p>[\/vc_column_text][vc_empty_space height=&#8221;60px&#8221;][\/vc_column_inner][\/vc_row_inner][\/vc_column][vc_column width=&#8221;1\/6&#8243;][\/vc_column][\/vc_row][vc_row][vc_column][vc_empty_space height=&#8221;60px&#8221;][\/vc_column][\/vc_row]<\/p>\n","protected":false},"excerpt":{"rendered":"<p>[vc_row][vc_column][vc_empty_space height=&#8221;20px&#8221;][\/vc_column][\/vc_row][vc_row container=&#8221;1&#8243; css=&#8221;.vc_custom_1501621729975{margin-top: 100px !important;}&#8221;][vc_column css=&#8221;.vc_custom_1739207327116{margin-top: 20px !important;}&#8221;][vc_raw_html]JTNDZGl2JTIwY2xhc3MlM0QlMjJhdXRvLWNvbnRhaW5lciUyMiUzRSUwQSUyMCUyMCUyMCUyMCUyMCUyMCUyMCUyMCUzQ2RpdiUyMGNsYXNzJTNEJTIyc2VjLXRpdGxlJTIwdGV4dC1jZW50ZXIlMjIlM0UlMEElMjAlMjAlMjAlMjAlMjAlMjAlMjAlMjAlMjAlMjAlMjAlMjAlM0NoMiUzRVN1bWFtb3MlMjBwcm9kdWN0b3MuJTIwJTNDc3BhbiUyMGNsYXNzJTNEJTIydGhlbWVfY29sb3IlMjIlM0VNdWx0aXBsaWNhbW9zJTIwcmVzdWx0YWRvcy4lM0MlMkZzcGFuJTNFJTNDJTJGaDIlM0UlMEElMjAlMjAlMjAlMjAlMjAlMjAlMjAlMjAlMjAlMjAlMjAlMjAlMEElMjAlMjAlMjAlMjAlMjAlMjAlMjAlMjAlM0MlMkZkaXYlM0UlMEElM0MlMkZkaXYlM0U=[\/vc_raw_html][\/vc_column][\/vc_row][vc_row equal_height=&#8221;yes&#8221;][vc_column width=&#8221;3\/12&#8243;][\/vc_column][vc_column width=&#8221;6\/12&#8243;][vc_row_inner equal_height=&#8221;yes&#8221;][vc_column_inner width=&#8221;1\/2&#8243;][vc_single_image image=&#8221;2526&#8243; img_size=&#8221;full&#8221; alignment=&#8221;center&#8221; style=&#8221;vc_box_shadow&#8221; css=&#8221;.vc_custom_1772540461367{margin-top: 0px !important;margin-right: 0px !important;margin-bottom: 0px !important;margin-left: 0px !important;padding-top: 0px !important;padding-right: 0px !important;padding-bottom: 0px !important;padding-left: 0px !important;}&#8221;][vc_column_text css=&#8221;.vc_custom_1772544512506{padding-top: 20px !important;}&#8221;] Sistemas de Supresi\u00f3n de Incendios [\/vc_column_text][vc_btn title=&#8221;VER M\u00c1S&#8221; style=&#8221;custom&#8221; custom_background=&#8221;#e1332c&#8221; custom_text=&#8221;#ffffff&#8221; shape=&#8221;round&#8221; align=&#8221;center&#8221; css=&#8221;.vc_custom_1772547587765{margin-top: 20px !important;}&#8221; link=&#8221;url:https%3A%2F%2Ftecin-mineria.com.ar%2Fsi20te17%2Fproductos%2Fsistemas-de-supresion-de-incendios%2F|title:Sistemas%20de%20supresi%C3%B3n%20de%20incendios&#8221;][vc_empty_space<\/p>\n","protected":false},"author":4,"featured_media":0,"parent":0,"menu_order":0,"comment_status":"closed","ping_status":"closed","template":"tpl-visual_composer.php","meta":{"footnotes":""},"class_list":["post-440","page","type-page","status-publish","hentry"],"yoast_head":"<!-- This site is optimized with the Yoast SEO plugin v27.1.1 - https:\/\/yoast.com\/product\/yoast-seo-wordpress\/ -->\n<title>Productos | Tecin - Miner\u00eda<\/title>\n<meta name=\"description\" content=\"Conoc\u00e9 todos nuestros productos. Supresi\u00f3n de incendios, lubricaci\u00f3n, rodamientos, productos para seguridad de veh\u00edculos y equipos.\" \/>\n<meta name=\"robots\" content=\"noindex, nofollow\" \/>\n<meta property=\"og:locale\" content=\"es_ES\" \/>\n<meta property=\"og:type\" content=\"article\" \/>\n<meta property=\"og:title\" content=\"Productos | Tecin - Miner\u00eda\" \/>\n<meta property=\"og:description\" content=\"Conoc\u00e9 todos nuestros productos. Supresi\u00f3n de incendios, lubricaci\u00f3n, rodamientos, productos para seguridad de veh\u00edculos y equipos.\" \/>\n<meta property=\"og:url\" content=\"https:\/\/tecin-mineria.com.ar\/si20te17\/productos\/\" \/>\n<meta property=\"og:site_name\" content=\"TECIN - MINERIA\" \/>\n<meta property=\"article:modified_time\" content=\"2026-03-03T15:53:02+00:00\" \/>\n<meta name=\"twitter:card\" content=\"summary_large_image\" \/>\n<meta name=\"twitter:label1\" content=\"Tiempo de lectura\" \/>\n\t<meta name=\"twitter:data1\" content=\"2 minutos\" \/>\n<script type=\"application\/ld+json\" class=\"yoast-schema-graph\">{\"@context\":\"https:\/\/schema.org\",\"@graph\":[{\"@type\":\"WebPage\",\"@id\":\"https:\/\/tecin-mineria.com.ar\/si20te17\/productos\/\",\"url\":\"https:\/\/tecin-mineria.com.ar\/si20te17\/productos\/\",\"name\":\"Productos | Tecin - Miner\u00eda\",\"isPartOf\":{\"@id\":\"https:\/\/tecin-mineria.com.ar\/si20te17\/#website\"},\"datePublished\":\"2017-02-20T23:06:01+00:00\",\"dateModified\":\"2026-03-03T15:53:02+00:00\",\"description\":\"Conoc\u00e9 todos nuestros productos. Supresi\u00f3n de incendios, lubricaci\u00f3n, rodamientos, productos para seguridad de veh\u00edculos y equipos.\",\"breadcrumb\":{\"@id\":\"https:\/\/tecin-mineria.com.ar\/si20te17\/productos\/#breadcrumb\"},\"inLanguage\":\"es-AR\",\"potentialAction\":[{\"@type\":\"ReadAction\",\"target\":[\"https:\/\/tecin-mineria.com.ar\/si20te17\/productos\/\"]}]},{\"@type\":\"BreadcrumbList\",\"@id\":\"https:\/\/tecin-mineria.com.ar\/si20te17\/productos\/#breadcrumb\",\"itemListElement\":[{\"@type\":\"ListItem\",\"position\":1,\"name\":\"Inicio\",\"item\":\"https:\/\/tecin-mineria.com.ar\/si20te17\/\"},{\"@type\":\"ListItem\",\"position\":2,\"name\":\"Productos\"}]},{\"@type\":\"WebSite\",\"@id\":\"https:\/\/tecin-mineria.com.ar\/si20te17\/#website\",\"url\":\"https:\/\/tecin-mineria.com.ar\/si20te17\/\",\"name\":\"TECIN - MINERIA\",\"description\":\"SOCIOS EN LA SEGURIDAD\",\"publisher\":{\"@id\":\"https:\/\/tecin-mineria.com.ar\/si20te17\/#organization\"},\"potentialAction\":[{\"@type\":\"SearchAction\",\"target\":{\"@type\":\"EntryPoint\",\"urlTemplate\":\"https:\/\/tecin-mineria.com.ar\/si20te17\/?s={search_term_string}\"},\"query-input\":{\"@type\":\"PropertyValueSpecification\",\"valueRequired\":true,\"valueName\":\"search_term_string\"}}],\"inLanguage\":\"es-AR\"},{\"@type\":\"Organization\",\"@id\":\"https:\/\/tecin-mineria.com.ar\/si20te17\/#organization\",\"name\":\"Tecin Mineria\",\"url\":\"https:\/\/tecin-mineria.com.ar\/si20te17\/\",\"logo\":{\"@type\":\"ImageObject\",\"inLanguage\":\"es-AR\",\"@id\":\"https:\/\/tecin-mineria.com.ar\/si20te17\/#\/schema\/logo\/image\/\",\"url\":\"https:\/\/tecin-mineria.com.ar\/si20te17\/wp-content\/uploads\/2018\/12\/TECIN-Mineria-logo-3.png\",\"contentUrl\":\"https:\/\/tecin-mineria.com.ar\/si20te17\/wp-content\/uploads\/2018\/12\/TECIN-Mineria-logo-3.png\",\"width\":328,\"height\":195,\"caption\":\"Tecin Mineria\"},\"image\":{\"@id\":\"https:\/\/tecin-mineria.com.ar\/si20te17\/#\/schema\/logo\/image\/\"},\"sameAs\":[\"https:\/\/www.linkedin.com\/in\/daniel-ab\u00e9-07754027\/\"]}]}<\/script>\n<!-- \/ Yoast SEO plugin. -->","yoast_head_json":{"title":"Productos | Tecin - Miner\u00eda","description":"Conoc\u00e9 todos nuestros productos. Supresi\u00f3n de incendios, lubricaci\u00f3n, rodamientos, productos para seguridad de veh\u00edculos y equipos.","robots":{"index":"noindex","follow":"nofollow"},"og_locale":"es_ES","og_type":"article","og_title":"Productos | Tecin - Miner\u00eda","og_description":"Conoc\u00e9 todos nuestros productos. Supresi\u00f3n de incendios, lubricaci\u00f3n, rodamientos, productos para seguridad de veh\u00edculos y equipos.","og_url":"https:\/\/tecin-mineria.com.ar\/si20te17\/productos\/","og_site_name":"TECIN - MINERIA","article_modified_time":"2026-03-03T15:53:02+00:00","twitter_card":"summary_large_image","twitter_misc":{"Tiempo de lectura":"2 minutos"},"schema":{"@context":"https:\/\/schema.org","@graph":[{"@type":"WebPage","@id":"https:\/\/tecin-mineria.com.ar\/si20te17\/productos\/","url":"https:\/\/tecin-mineria.com.ar\/si20te17\/productos\/","name":"Productos | Tecin - Miner\u00eda","isPartOf":{"@id":"https:\/\/tecin-mineria.com.ar\/si20te17\/#website"},"datePublished":"2017-02-20T23:06:01+00:00","dateModified":"2026-03-03T15:53:02+00:00","description":"Conoc\u00e9 todos nuestros productos. Supresi\u00f3n de incendios, lubricaci\u00f3n, rodamientos, productos para seguridad de veh\u00edculos y equipos.","breadcrumb":{"@id":"https:\/\/tecin-mineria.com.ar\/si20te17\/productos\/#breadcrumb"},"inLanguage":"es-AR","potentialAction":[{"@type":"ReadAction","target":["https:\/\/tecin-mineria.com.ar\/si20te17\/productos\/"]}]},{"@type":"BreadcrumbList","@id":"https:\/\/tecin-mineria.com.ar\/si20te17\/productos\/#breadcrumb","itemListElement":[{"@type":"ListItem","position":1,"name":"Inicio","item":"https:\/\/tecin-mineria.com.ar\/si20te17\/"},{"@type":"ListItem","position":2,"name":"Productos"}]},{"@type":"WebSite","@id":"https:\/\/tecin-mineria.com.ar\/si20te17\/#website","url":"https:\/\/tecin-mineria.com.ar\/si20te17\/","name":"TECIN - MINERIA","description":"SOCIOS EN LA SEGURIDAD","publisher":{"@id":"https:\/\/tecin-mineria.com.ar\/si20te17\/#organization"},"potentialAction":[{"@type":"SearchAction","target":{"@type":"EntryPoint","urlTemplate":"https:\/\/tecin-mineria.com.ar\/si20te17\/?s={search_term_string}"},"query-input":{"@type":"PropertyValueSpecification","valueRequired":true,"valueName":"search_term_string"}}],"inLanguage":"es-AR"},{"@type":"Organization","@id":"https:\/\/tecin-mineria.com.ar\/si20te17\/#organization","name":"Tecin Mineria","url":"https:\/\/tecin-mineria.com.ar\/si20te17\/","logo":{"@type":"ImageObject","inLanguage":"es-AR","@id":"https:\/\/tecin-mineria.com.ar\/si20te17\/#\/schema\/logo\/image\/","url":"https:\/\/tecin-mineria.com.ar\/si20te17\/wp-content\/uploads\/2018\/12\/TECIN-Mineria-logo-3.png","contentUrl":"https:\/\/tecin-mineria.com.ar\/si20te17\/wp-content\/uploads\/2018\/12\/TECIN-Mineria-logo-3.png","width":328,"height":195,"caption":"Tecin Mineria"},"image":{"@id":"https:\/\/tecin-mineria.com.ar\/si20te17\/#\/schema\/logo\/image\/"},"sameAs":["https:\/\/www.linkedin.com\/in\/daniel-ab\u00e9-07754027\/"]}]}},"_links":{"self":[{"href":"https:\/\/tecin-mineria.com.ar\/si20te17\/wp-json\/wp\/v2\/pages\/440","targetHints":{"allow":["GET"]}}],"collection":[{"href":"https:\/\/tecin-mineria.com.ar\/si20te17\/wp-json\/wp\/v2\/pages"}],"about":[{"href":"https:\/\/tecin-mineria.com.ar\/si20te17\/wp-json\/wp\/v2\/types\/page"}],"author":[{"embeddable":true,"href":"https:\/\/tecin-mineria.com.ar\/si20te17\/wp-json\/wp\/v2\/users\/4"}],"replies":[{"embeddable":true,"href":"https:\/\/tecin-mineria.com.ar\/si20te17\/wp-json\/wp\/v2\/comments?post=440"}],"version-history":[{"count":76,"href":"https:\/\/tecin-mineria.com.ar\/si20te17\/wp-json\/wp\/v2\/pages\/440\/revisions"}],"predecessor-version":[{"id":1281,"href":"https:\/\/tecin-mineria.com.ar\/si20te17\/wp-json\/wp\/v2\/pages\/440\/revisions\/1281"}],"wp:attachment":[{"href":"https:\/\/tecin-mineria.com.ar\/si20te17\/wp-json\/wp\/v2\/media?parent=440"}],"curies":[{"name":"wp","href":"https:\/\/api.w.org\/{rel}","templated":true}]}}