{"id":663,"date":"2017-04-24T16:08:09","date_gmt":"2017-04-24T19:08:09","guid":{"rendered":"https:\/\/tecin-mineria.com.ar\/si20te17\/?page_id=663"},"modified":"2022-08-17T12:41:07","modified_gmt":"2022-08-17T15:41:07","slug":"servicio-adecuacion-vehiculos-livianos","status":"publish","type":"page","link":"https:\/\/tecin-mineria.com.ar\/si20te17\/servicios\/servicio-adecuacion-vehiculos-livianos\/","title":{"rendered":"ADECUACION VEHICULOS LIVIANOS"},"content":{"rendered":"<p>[vc_row el_class=&#8221;row-list-wrapper&#8221; css=&#8221;.vc_custom_1501705556288{margin-bottom: 0px !important;}&#8221;][vc_column width=&#8221;1\/2&#8243;][vc_single_image image=&#8221;1272&#8243; img_size=&#8221;full&#8221; alignment=&#8221;center&#8221; css=&#8221;.vc_custom_1660748711447{padding-bottom: 20px !important;}&#8221;][\/vc_column][vc_column width=&#8221;1\/2&#8243;][vc_column_text]Los veh\u00edculos utilizados en los yacimientos mineros tienen que resistir las condiciones m\u00e1s severas, a una escala sin precedentes en cualquier otra industria.<\/p>\n<p>Estos veh\u00edculos est\u00e1n expuestos a graves accidentes, raz\u00f3n por la cual deben contar con un completo equipamiento para garantizar la seguridad de sus ocupantes.<\/p>\n<p>Cada empresa minera cuenta con sus propios procedimientos que establecen los equipamientos que deben tener los veh\u00edculos para poder ingresar a sus yacimientos, y nuestra especialidad es proveer e instalar esos equipos para cumplir con los requerimientos.[\/vc_column_text][\/vc_column][\/vc_row][vc_row css=&#8221;.vc_custom_1501705561692{margin-top: 30px !important;}&#8221;][vc_column width=&#8221;1\/2&#8243;][vc_custom_heading text=&#8221;Entre los tantos equipos que instalamos podemos mencionar:&#8221; font_container=&#8221;tag:h6|font_size:17|text_align:left&#8221; use_theme_fonts=&#8221;yes&#8221;][vc_column_text]<\/p>\n<ul>\n<li>P\u00e9rtigas.<\/li>\n<li>Barrales repetidores de luces de tr\u00e1nsito.<\/li>\n<li>Luces de trabajo.<\/li>\n<li>Alarma de retroceso.<\/li>\n<li>Pantalla de retroceso.<\/li>\n<li>Detectores de obst\u00e1culos.<\/li>\n<li>Celda anti vuelco.<\/li>\n<li>Malla de seguridad.<\/li>\n<\/ul>\n<p>[\/vc_column_text][\/vc_column][vc_column width=&#8221;1\/2&#8243;][vc_empty_space height=&#8221;35px&#8221;][vc_column_text]<\/p>\n<ul>\n<li>Cu\u00f1as.<\/li>\n<li>Porta cu\u00f1as.<\/li>\n<li>Red para contenci\u00f3n de carga.<\/li>\n<li>Cadenas para nieve.<\/li>\n<li>Kit de plan de invierno.<\/li>\n<li>Cintas reflectantes.<\/li>\n<li>N\u00famero de identificaci\u00f3n.<\/li>\n<\/ul>\n<p>[\/vc_column_text][\/vc_column][\/vc_row][vc_row][vc_column width=&#8221;1\/2&#8243;][vc_btn title=&#8221;DESCARGAR FICHA&#8221; style=&#8221;custom&#8221; custom_background=&#8221;#e1332c&#8221; custom_text=&#8221;#ffffff&#8221; shape=&#8221;square&#8221; size=&#8221;sm&#8221; align=&#8221;left&#8221; i_icon_fontawesome=&#8221;fa fa-download&#8221; add_icon=&#8221;true&#8221; link=&#8221;url:https%3A%2F%2Ftecin-mineria.com.ar%2Ffichas-servicios%2FSERVICIO%2520DE%2520ADECUACION%2520DE%2520VEHICULOS%2520LIVIANOS.pdf|title:FICHA-SERVICIO-ADECUACION-VEHICULOS-LIVIANOS|target:%20_blank|&#8221; css=&#8221;.vc_custom_1633380658259{margin-top: 50px !important;}&#8221;][\/vc_column][\/vc_row]<\/p>\n","protected":false},"excerpt":{"rendered":"<p>[vc_row el_class=&#8221;row-list-wrapper&#8221; css=&#8221;.vc_custom_1501705556288{margin-bottom: 0px !important;}&#8221;][vc_column width=&#8221;1\/2&#8243;][vc_single_image image=&#8221;1272&#8243; img_size=&#8221;full&#8221; alignment=&#8221;center&#8221; css=&#8221;.vc_custom_1660748711447{padding-bottom: 20px !important;}&#8221;][\/vc_column][vc_column width=&#8221;1\/2&#8243;][vc_column_text]Los veh\u00edculos utilizados en los yacimientos mineros tienen que resistir las condiciones m\u00e1s severas, a una escala sin precedentes en cualquier otra industria. Estos veh\u00edculos est\u00e1n expuestos a graves accidentes, raz\u00f3n por la cual deben contar con un completo equipamiento para garantizar la<\/p>\n","protected":false},"author":4,"featured_media":0,"parent":9,"menu_order":0,"comment_status":"closed","ping_status":"closed","template":"","meta":{"footnotes":""},"class_list":["post-663","page","type-page","status-publish","hentry"],"yoast_head":"<!-- This site is optimized with the Yoast SEO plugin v27.1.1 - https:\/\/yoast.com\/product\/yoast-seo-wordpress\/ -->\n<title>Servicios de Adecuaci\u00f3n de Veh\u00edculos Livianos | Tecin - Miner\u00eda<\/title>\n<meta name=\"description\" content=\"Proveemos e instalamos los equipos para la seguridad de los veh\u00edculos. Contamos con un completo equipo que garantiza la seguridad de los trabajadores\" \/>\n<meta name=\"robots\" content=\"index, follow, max-snippet:-1, max-image-preview:large, max-video-preview:-1\" \/>\n<link rel=\"canonical\" href=\"https:\/\/tecin-mineria.com.ar\/si20te17\/servicios\/servicio-adecuacion-vehiculos-livianos\/\" \/>\n<meta property=\"og:locale\" content=\"es_ES\" \/>\n<meta property=\"og:type\" content=\"article\" \/>\n<meta property=\"og:title\" content=\"Servicios de Adecuaci\u00f3n de Veh\u00edculos Livianos | Tecin - Miner\u00eda\" \/>\n<meta property=\"og:description\" content=\"Proveemos e instalamos los equipos para la seguridad de los veh\u00edculos. Contamos con un completo equipo que garantiza la seguridad de los trabajadores\" \/>\n<meta property=\"og:url\" content=\"https:\/\/tecin-mineria.com.ar\/si20te17\/servicios\/servicio-adecuacion-vehiculos-livianos\/\" \/>\n<meta property=\"og:site_name\" content=\"TECIN - MINERIA\" \/>\n<meta property=\"article:modified_time\" content=\"2022-08-17T15:41:07+00:00\" \/>\n<meta name=\"twitter:card\" content=\"summary_large_image\" \/>\n<meta name=\"twitter:label1\" content=\"Tiempo de lectura\" \/>\n\t<meta name=\"twitter:data1\" content=\"1 minuto\" \/>\n<script type=\"application\/ld+json\" class=\"yoast-schema-graph\">{\"@context\":\"https:\/\/schema.org\",\"@graph\":[{\"@type\":\"WebPage\",\"@id\":\"https:\/\/tecin-mineria.com.ar\/si20te17\/servicios\/servicio-adecuacion-vehiculos-livianos\/\",\"url\":\"https:\/\/tecin-mineria.com.ar\/si20te17\/servicios\/servicio-adecuacion-vehiculos-livianos\/\",\"name\":\"Servicios de Adecuaci\u00f3n de Veh\u00edculos Livianos | Tecin - Miner\u00eda\",\"isPartOf\":{\"@id\":\"https:\/\/tecin-mineria.com.ar\/si20te17\/#website\"},\"datePublished\":\"2017-04-24T19:08:09+00:00\",\"dateModified\":\"2022-08-17T15:41:07+00:00\",\"description\":\"Proveemos e instalamos los equipos para la seguridad de los veh\u00edculos. Contamos con un completo equipo que garantiza la seguridad de los trabajadores\",\"breadcrumb\":{\"@id\":\"https:\/\/tecin-mineria.com.ar\/si20te17\/servicios\/servicio-adecuacion-vehiculos-livianos\/#breadcrumb\"},\"inLanguage\":\"es-AR\",\"potentialAction\":[{\"@type\":\"ReadAction\",\"target\":[\"https:\/\/tecin-mineria.com.ar\/si20te17\/servicios\/servicio-adecuacion-vehiculos-livianos\/\"]}]},{\"@type\":\"BreadcrumbList\",\"@id\":\"https:\/\/tecin-mineria.com.ar\/si20te17\/servicios\/servicio-adecuacion-vehiculos-livianos\/#breadcrumb\",\"itemListElement\":[{\"@type\":\"ListItem\",\"position\":1,\"name\":\"Inicio\",\"item\":\"https:\/\/tecin-mineria.com.ar\/si20te17\/\"},{\"@type\":\"ListItem\",\"position\":2,\"name\":\"Servicios\",\"item\":\"https:\/\/tecin-mineria.com.ar\/si20te17\/servicios\/\"},{\"@type\":\"ListItem\",\"position\":3,\"name\":\"ADECUACION VEHICULOS LIVIANOS\"}]},{\"@type\":\"WebSite\",\"@id\":\"https:\/\/tecin-mineria.com.ar\/si20te17\/#website\",\"url\":\"https:\/\/tecin-mineria.com.ar\/si20te17\/\",\"name\":\"TECIN - MINERIA\",\"description\":\"SOCIOS EN LA SEGURIDAD\",\"publisher\":{\"@id\":\"https:\/\/tecin-mineria.com.ar\/si20te17\/#organization\"},\"potentialAction\":[{\"@type\":\"SearchAction\",\"target\":{\"@type\":\"EntryPoint\",\"urlTemplate\":\"https:\/\/tecin-mineria.com.ar\/si20te17\/?s={search_term_string}\"},\"query-input\":{\"@type\":\"PropertyValueSpecification\",\"valueRequired\":true,\"valueName\":\"search_term_string\"}}],\"inLanguage\":\"es-AR\"},{\"@type\":\"Organization\",\"@id\":\"https:\/\/tecin-mineria.com.ar\/si20te17\/#organization\",\"name\":\"Tecin Mineria\",\"url\":\"https:\/\/tecin-mineria.com.ar\/si20te17\/\",\"logo\":{\"@type\":\"ImageObject\",\"inLanguage\":\"es-AR\",\"@id\":\"https:\/\/tecin-mineria.com.ar\/si20te17\/#\/schema\/logo\/image\/\",\"url\":\"https:\/\/tecin-mineria.com.ar\/si20te17\/wp-content\/uploads\/2018\/12\/TECIN-Mineria-logo-3.png\",\"contentUrl\":\"https:\/\/tecin-mineria.com.ar\/si20te17\/wp-content\/uploads\/2018\/12\/TECIN-Mineria-logo-3.png\",\"width\":328,\"height\":195,\"caption\":\"Tecin Mineria\"},\"image\":{\"@id\":\"https:\/\/tecin-mineria.com.ar\/si20te17\/#\/schema\/logo\/image\/\"},\"sameAs\":[\"https:\/\/www.linkedin.com\/in\/daniel-ab\u00e9-07754027\/\"]}]}<\/script>\n<!-- \/ Yoast SEO plugin. -->","yoast_head_json":{"title":"Servicios de Adecuaci\u00f3n de Veh\u00edculos Livianos | Tecin - Miner\u00eda","description":"Proveemos e instalamos los equipos para la seguridad de los veh\u00edculos. Contamos con un completo equipo que garantiza la seguridad de los trabajadores","robots":{"index":"index","follow":"follow","max-snippet":"max-snippet:-1","max-image-preview":"max-image-preview:large","max-video-preview":"max-video-preview:-1"},"canonical":"https:\/\/tecin-mineria.com.ar\/si20te17\/servicios\/servicio-adecuacion-vehiculos-livianos\/","og_locale":"es_ES","og_type":"article","og_title":"Servicios de Adecuaci\u00f3n de Veh\u00edculos Livianos | Tecin - Miner\u00eda","og_description":"Proveemos e instalamos los equipos para la seguridad de los veh\u00edculos. Contamos con un completo equipo que garantiza la seguridad de los trabajadores","og_url":"https:\/\/tecin-mineria.com.ar\/si20te17\/servicios\/servicio-adecuacion-vehiculos-livianos\/","og_site_name":"TECIN - MINERIA","article_modified_time":"2022-08-17T15:41:07+00:00","twitter_card":"summary_large_image","twitter_misc":{"Tiempo de lectura":"1 minuto"},"schema":{"@context":"https:\/\/schema.org","@graph":[{"@type":"WebPage","@id":"https:\/\/tecin-mineria.com.ar\/si20te17\/servicios\/servicio-adecuacion-vehiculos-livianos\/","url":"https:\/\/tecin-mineria.com.ar\/si20te17\/servicios\/servicio-adecuacion-vehiculos-livianos\/","name":"Servicios de Adecuaci\u00f3n de Veh\u00edculos Livianos | Tecin - Miner\u00eda","isPartOf":{"@id":"https:\/\/tecin-mineria.com.ar\/si20te17\/#website"},"datePublished":"2017-04-24T19:08:09+00:00","dateModified":"2022-08-17T15:41:07+00:00","description":"Proveemos e instalamos los equipos para la seguridad de los veh\u00edculos. Contamos con un completo equipo que garantiza la seguridad de los trabajadores","breadcrumb":{"@id":"https:\/\/tecin-mineria.com.ar\/si20te17\/servicios\/servicio-adecuacion-vehiculos-livianos\/#breadcrumb"},"inLanguage":"es-AR","potentialAction":[{"@type":"ReadAction","target":["https:\/\/tecin-mineria.com.ar\/si20te17\/servicios\/servicio-adecuacion-vehiculos-livianos\/"]}]},{"@type":"BreadcrumbList","@id":"https:\/\/tecin-mineria.com.ar\/si20te17\/servicios\/servicio-adecuacion-vehiculos-livianos\/#breadcrumb","itemListElement":[{"@type":"ListItem","position":1,"name":"Inicio","item":"https:\/\/tecin-mineria.com.ar\/si20te17\/"},{"@type":"ListItem","position":2,"name":"Servicios","item":"https:\/\/tecin-mineria.com.ar\/si20te17\/servicios\/"},{"@type":"ListItem","position":3,"name":"ADECUACION VEHICULOS LIVIANOS"}]},{"@type":"WebSite","@id":"https:\/\/tecin-mineria.com.ar\/si20te17\/#website","url":"https:\/\/tecin-mineria.com.ar\/si20te17\/","name":"TECIN - MINERIA","description":"SOCIOS EN LA SEGURIDAD","publisher":{"@id":"https:\/\/tecin-mineria.com.ar\/si20te17\/#organization"},"potentialAction":[{"@type":"SearchAction","target":{"@type":"EntryPoint","urlTemplate":"https:\/\/tecin-mineria.com.ar\/si20te17\/?s={search_term_string}"},"query-input":{"@type":"PropertyValueSpecification","valueRequired":true,"valueName":"search_term_string"}}],"inLanguage":"es-AR"},{"@type":"Organization","@id":"https:\/\/tecin-mineria.com.ar\/si20te17\/#organization","name":"Tecin Mineria","url":"https:\/\/tecin-mineria.com.ar\/si20te17\/","logo":{"@type":"ImageObject","inLanguage":"es-AR","@id":"https:\/\/tecin-mineria.com.ar\/si20te17\/#\/schema\/logo\/image\/","url":"https:\/\/tecin-mineria.com.ar\/si20te17\/wp-content\/uploads\/2018\/12\/TECIN-Mineria-logo-3.png","contentUrl":"https:\/\/tecin-mineria.com.ar\/si20te17\/wp-content\/uploads\/2018\/12\/TECIN-Mineria-logo-3.png","width":328,"height":195,"caption":"Tecin Mineria"},"image":{"@id":"https:\/\/tecin-mineria.com.ar\/si20te17\/#\/schema\/logo\/image\/"},"sameAs":["https:\/\/www.linkedin.com\/in\/daniel-ab\u00e9-07754027\/"]}]}},"_links":{"self":[{"href":"https:\/\/tecin-mineria.com.ar\/si20te17\/wp-json\/wp\/v2\/pages\/663","targetHints":{"allow":["GET"]}}],"collection":[{"href":"https:\/\/tecin-mineria.com.ar\/si20te17\/wp-json\/wp\/v2\/pages"}],"about":[{"href":"https:\/\/tecin-mineria.com.ar\/si20te17\/wp-json\/wp\/v2\/types\/page"}],"author":[{"embeddable":true,"href":"https:\/\/tecin-mineria.com.ar\/si20te17\/wp-json\/wp\/v2\/users\/4"}],"replies":[{"embeddable":true,"href":"https:\/\/tecin-mineria.com.ar\/si20te17\/wp-json\/wp\/v2\/comments?post=663"}],"version-history":[{"count":26,"href":"https:\/\/tecin-mineria.com.ar\/si20te17\/wp-json\/wp\/v2\/pages\/663\/revisions"}],"predecessor-version":[{"id":2166,"href":"https:\/\/tecin-mineria.com.ar\/si20te17\/wp-json\/wp\/v2\/pages\/663\/revisions\/2166"}],"up":[{"embeddable":true,"href":"https:\/\/tecin-mineria.com.ar\/si20te17\/wp-json\/wp\/v2\/pages\/9"}],"wp:attachment":[{"href":"https:\/\/tecin-mineria.com.ar\/si20te17\/wp-json\/wp\/v2\/media?parent=663"}],"curies":[{"name":"wp","href":"https:\/\/api.w.org\/{rel}","templated":true}]}}