{"id":740,"date":"2017-04-25T15:34:34","date_gmt":"2017-04-25T18:34:34","guid":{"rendered":"https:\/\/tecin-mineria.com.ar\/si20te17\/?page_id=740"},"modified":"2022-08-17T12:01:24","modified_gmt":"2022-08-17T15:01:24","slug":"servicio-de-auditoria-de-riesgo-de-incendio-para-flota-de-equipos-pesados","status":"publish","type":"page","link":"https:\/\/tecin-mineria.com.ar\/si20te17\/servicios\/servicio-de-auditoria-de-riesgo-de-incendio-para-flota-de-equipos-pesados\/","title":{"rendered":"AUDITOR\u00cdA DE RIESGO DE INCENDIO PARA FLOTA DE EQUIPOS PESADOS"},"content":{"rendered":"<p>[vc_row el_class=&#8221;row-list-wrapper&#8221; css=&#8221;.vc_custom_1501705481095{margin-bottom: 0px !important;}&#8221;][vc_column width=&#8221;1\/2&#8243;][vc_single_image image=&#8221;741&#8243; img_size=&#8221;full&#8221; alignment=&#8221;center&#8221; css=&#8221;.vc_custom_1660748481986{padding-bottom: 20px !important;}&#8221;][\/vc_column][vc_column width=&#8221;1\/2&#8243;][vc_column_text]Las estad\u00edsticas demuestran que los equipos pesados se incendian con una alarmante frecuencia.<\/p>\n<p>Estos equipos son susceptibles de incendiarse por muchas razones. Los mismos son operados por lapsos prolongados de tiempo, en muchas ocasiones las 24 horas del d\u00eda y los 365 d\u00edas del a\u00f1o, utilizan l\u00edquidos inflamables en su operaci\u00f3n normal y tambi\u00e9n generan altas temperaturas que pueden encender esos l\u00edquidos inflamables y los eventuales derrames.<\/p>\n<p>Cuando los incendios ocurren, las empresas deben afrontar costosas reparaciones o bien el reemplazo de los equipos de alto valor, p\u00e9rdidas por parada de los equipos, baja en la producci\u00f3n y el riesgo de la continuidad del negocio. Mucho peor a\u00fan, la posibilidad de tener que afrontar serias lesiones del operador del equipo.[\/vc_column_text][\/vc_column][\/vc_row][vc_row css=&#8221;.vc_custom_1501705499616{margin-top: 30px !important;}&#8221;][vc_column][vc_column_text]Conscientes de esta problem\u00e1tica,<strong> TECIN MINER\u00cdA SRL <\/strong>ha desarrollado un servicio de an\u00e1lisis de riesgos para flotas de equipos pesados que se adapta a las reales necesidades de sus Clientes.<\/p>\n<p>El servicio consta de un completo an\u00e1lisis de riesgo de cada uno de los equipos que conforman la flota, considerando los posibles riesgos de incendio, las condiciones de limpieza y el nivel de mantenimiento que recibe el equipo.<\/p>\n<p>A su vez, se realiza un an\u00e1lisis de la normativa aplicable, las recomendaciones de los fabricantes de los equipos y las normas corporativas, si es que existen.<\/p>\n<p>En base a todo esto se propone una soluci\u00f3n que responda a las necesidades del Cliente y un plan de trabajo para implementar las oportunidades detectadas.[\/vc_column_text][vc_btn title=&#8221;DESCARGAR FICHA&#8221; style=&#8221;custom&#8221; custom_background=&#8221;#e1332c&#8221; custom_text=&#8221;#ffffff&#8221; shape=&#8221;square&#8221; size=&#8221;sm&#8221; align=&#8221;left&#8221; i_icon_fontawesome=&#8221;fa fa-download&#8221; add_icon=&#8221;true&#8221; link=&#8221;url:https%3A%2F%2Ftecin-mineria.com.ar%2Ffichas-servicios%2FSERVICIO%2520DE%2520ANALISIS%2520DE%2520RIESGO%2520DE%2520FLOTA.pdf|title:SERVICIO%20DE%20AUDITOR%C3%8DA%20DE%20RIESGO%20DE%20INCENDIO%20PARA%20FLOTA%20DE%20EQUIPOS%20PESADOS|target:%20_blank|&#8221; css=&#8221;.vc_custom_1633380511327{margin-top: 50px !important;}&#8221;][\/vc_column][\/vc_row]<\/p>\n","protected":false},"excerpt":{"rendered":"<p>[vc_row el_class=&#8221;row-list-wrapper&#8221; css=&#8221;.vc_custom_1501705481095{margin-bottom: 0px !important;}&#8221;][vc_column width=&#8221;1\/2&#8243;][vc_single_image image=&#8221;741&#8243; img_size=&#8221;full&#8221; alignment=&#8221;center&#8221; css=&#8221;.vc_custom_1660748481986{padding-bottom: 20px !important;}&#8221;][\/vc_column][vc_column width=&#8221;1\/2&#8243;][vc_column_text]Las estad\u00edsticas demuestran que los equipos pesados se incendian con una alarmante frecuencia. Estos equipos son susceptibles de incendiarse por muchas razones. Los mismos son operados por lapsos prolongados de tiempo, en muchas ocasiones las 24 horas del d\u00eda y los 365 d\u00edas<\/p>\n","protected":false},"author":4,"featured_media":0,"parent":9,"menu_order":0,"comment_status":"closed","ping_status":"closed","template":"","meta":{"footnotes":""},"class_list":["post-740","page","type-page","status-publish","hentry"],"yoast_head":"<!-- This site is optimized with the Yoast SEO plugin v27.1.1 - https:\/\/yoast.com\/product\/yoast-seo-wordpress\/ -->\n<title>Servicios de Auditoria de Riesgo de Incendio | Tecin-Miner\u00eda<\/title>\n<meta name=\"description\" content=\"Conoc\u00e9 nuestro sistema de an\u00e1lisis de riesgos de los equipos. Consideramos los riesgos de incendio, la limpieza y el mantenimiento de los equipos.\" \/>\n<meta name=\"robots\" content=\"index, follow, max-snippet:-1, max-image-preview:large, max-video-preview:-1\" \/>\n<link rel=\"canonical\" href=\"https:\/\/tecin-mineria.com.ar\/si20te17\/servicios\/servicio-de-auditoria-de-riesgo-de-incendio-para-flota-de-equipos-pesados\/\" \/>\n<meta property=\"og:locale\" content=\"es_ES\" \/>\n<meta property=\"og:type\" content=\"article\" \/>\n<meta property=\"og:title\" content=\"Servicios de Auditoria de Riesgo de Incendio | Tecin-Miner\u00eda\" \/>\n<meta property=\"og:description\" content=\"Conoc\u00e9 nuestro sistema de an\u00e1lisis de riesgos de los equipos. Consideramos los riesgos de incendio, la limpieza y el mantenimiento de los equipos.\" \/>\n<meta property=\"og:url\" content=\"https:\/\/tecin-mineria.com.ar\/si20te17\/servicios\/servicio-de-auditoria-de-riesgo-de-incendio-para-flota-de-equipos-pesados\/\" \/>\n<meta property=\"og:site_name\" content=\"TECIN - MINERIA\" \/>\n<meta property=\"article:modified_time\" content=\"2022-08-17T15:01:24+00:00\" \/>\n<meta name=\"twitter:card\" content=\"summary_large_image\" \/>\n<meta name=\"twitter:label1\" content=\"Tiempo de lectura\" \/>\n\t<meta name=\"twitter:data1\" content=\"2 minutos\" \/>\n<script type=\"application\/ld+json\" class=\"yoast-schema-graph\">{\"@context\":\"https:\/\/schema.org\",\"@graph\":[{\"@type\":\"WebPage\",\"@id\":\"https:\/\/tecin-mineria.com.ar\/si20te17\/servicios\/servicio-de-auditoria-de-riesgo-de-incendio-para-flota-de-equipos-pesados\/\",\"url\":\"https:\/\/tecin-mineria.com.ar\/si20te17\/servicios\/servicio-de-auditoria-de-riesgo-de-incendio-para-flota-de-equipos-pesados\/\",\"name\":\"Servicios de Auditoria de Riesgo de Incendio | Tecin-Miner\u00eda\",\"isPartOf\":{\"@id\":\"https:\/\/tecin-mineria.com.ar\/si20te17\/#website\"},\"datePublished\":\"2017-04-25T18:34:34+00:00\",\"dateModified\":\"2022-08-17T15:01:24+00:00\",\"description\":\"Conoc\u00e9 nuestro sistema de an\u00e1lisis de riesgos de los equipos. Consideramos los riesgos de incendio, la limpieza y el mantenimiento de los equipos.\",\"breadcrumb\":{\"@id\":\"https:\/\/tecin-mineria.com.ar\/si20te17\/servicios\/servicio-de-auditoria-de-riesgo-de-incendio-para-flota-de-equipos-pesados\/#breadcrumb\"},\"inLanguage\":\"es-AR\",\"potentialAction\":[{\"@type\":\"ReadAction\",\"target\":[\"https:\/\/tecin-mineria.com.ar\/si20te17\/servicios\/servicio-de-auditoria-de-riesgo-de-incendio-para-flota-de-equipos-pesados\/\"]}]},{\"@type\":\"BreadcrumbList\",\"@id\":\"https:\/\/tecin-mineria.com.ar\/si20te17\/servicios\/servicio-de-auditoria-de-riesgo-de-incendio-para-flota-de-equipos-pesados\/#breadcrumb\",\"itemListElement\":[{\"@type\":\"ListItem\",\"position\":1,\"name\":\"Inicio\",\"item\":\"https:\/\/tecin-mineria.com.ar\/si20te17\/\"},{\"@type\":\"ListItem\",\"position\":2,\"name\":\"Servicios\",\"item\":\"https:\/\/tecin-mineria.com.ar\/si20te17\/servicios\/\"},{\"@type\":\"ListItem\",\"position\":3,\"name\":\"AUDITOR\u00cdA DE RIESGO DE INCENDIO PARA FLOTA DE EQUIPOS PESADOS\"}]},{\"@type\":\"WebSite\",\"@id\":\"https:\/\/tecin-mineria.com.ar\/si20te17\/#website\",\"url\":\"https:\/\/tecin-mineria.com.ar\/si20te17\/\",\"name\":\"TECIN - MINERIA\",\"description\":\"SOCIOS EN LA SEGURIDAD\",\"publisher\":{\"@id\":\"https:\/\/tecin-mineria.com.ar\/si20te17\/#organization\"},\"potentialAction\":[{\"@type\":\"SearchAction\",\"target\":{\"@type\":\"EntryPoint\",\"urlTemplate\":\"https:\/\/tecin-mineria.com.ar\/si20te17\/?s={search_term_string}\"},\"query-input\":{\"@type\":\"PropertyValueSpecification\",\"valueRequired\":true,\"valueName\":\"search_term_string\"}}],\"inLanguage\":\"es-AR\"},{\"@type\":\"Organization\",\"@id\":\"https:\/\/tecin-mineria.com.ar\/si20te17\/#organization\",\"name\":\"Tecin Mineria\",\"url\":\"https:\/\/tecin-mineria.com.ar\/si20te17\/\",\"logo\":{\"@type\":\"ImageObject\",\"inLanguage\":\"es-AR\",\"@id\":\"https:\/\/tecin-mineria.com.ar\/si20te17\/#\/schema\/logo\/image\/\",\"url\":\"https:\/\/tecin-mineria.com.ar\/si20te17\/wp-content\/uploads\/2018\/12\/TECIN-Mineria-logo-3.png\",\"contentUrl\":\"https:\/\/tecin-mineria.com.ar\/si20te17\/wp-content\/uploads\/2018\/12\/TECIN-Mineria-logo-3.png\",\"width\":328,\"height\":195,\"caption\":\"Tecin Mineria\"},\"image\":{\"@id\":\"https:\/\/tecin-mineria.com.ar\/si20te17\/#\/schema\/logo\/image\/\"},\"sameAs\":[\"https:\/\/www.linkedin.com\/in\/daniel-ab\u00e9-07754027\/\"]}]}<\/script>\n<!-- \/ Yoast SEO plugin. -->","yoast_head_json":{"title":"Servicios de Auditoria de Riesgo de Incendio | Tecin-Miner\u00eda","description":"Conoc\u00e9 nuestro sistema de an\u00e1lisis de riesgos de los equipos. Consideramos los riesgos de incendio, la limpieza y el mantenimiento de los equipos.","robots":{"index":"index","follow":"follow","max-snippet":"max-snippet:-1","max-image-preview":"max-image-preview:large","max-video-preview":"max-video-preview:-1"},"canonical":"https:\/\/tecin-mineria.com.ar\/si20te17\/servicios\/servicio-de-auditoria-de-riesgo-de-incendio-para-flota-de-equipos-pesados\/","og_locale":"es_ES","og_type":"article","og_title":"Servicios de Auditoria de Riesgo de Incendio | Tecin-Miner\u00eda","og_description":"Conoc\u00e9 nuestro sistema de an\u00e1lisis de riesgos de los equipos. Consideramos los riesgos de incendio, la limpieza y el mantenimiento de los equipos.","og_url":"https:\/\/tecin-mineria.com.ar\/si20te17\/servicios\/servicio-de-auditoria-de-riesgo-de-incendio-para-flota-de-equipos-pesados\/","og_site_name":"TECIN - MINERIA","article_modified_time":"2022-08-17T15:01:24+00:00","twitter_card":"summary_large_image","twitter_misc":{"Tiempo de lectura":"2 minutos"},"schema":{"@context":"https:\/\/schema.org","@graph":[{"@type":"WebPage","@id":"https:\/\/tecin-mineria.com.ar\/si20te17\/servicios\/servicio-de-auditoria-de-riesgo-de-incendio-para-flota-de-equipos-pesados\/","url":"https:\/\/tecin-mineria.com.ar\/si20te17\/servicios\/servicio-de-auditoria-de-riesgo-de-incendio-para-flota-de-equipos-pesados\/","name":"Servicios de Auditoria de Riesgo de Incendio | Tecin-Miner\u00eda","isPartOf":{"@id":"https:\/\/tecin-mineria.com.ar\/si20te17\/#website"},"datePublished":"2017-04-25T18:34:34+00:00","dateModified":"2022-08-17T15:01:24+00:00","description":"Conoc\u00e9 nuestro sistema de an\u00e1lisis de riesgos de los equipos. Consideramos los riesgos de incendio, la limpieza y el mantenimiento de los equipos.","breadcrumb":{"@id":"https:\/\/tecin-mineria.com.ar\/si20te17\/servicios\/servicio-de-auditoria-de-riesgo-de-incendio-para-flota-de-equipos-pesados\/#breadcrumb"},"inLanguage":"es-AR","potentialAction":[{"@type":"ReadAction","target":["https:\/\/tecin-mineria.com.ar\/si20te17\/servicios\/servicio-de-auditoria-de-riesgo-de-incendio-para-flota-de-equipos-pesados\/"]}]},{"@type":"BreadcrumbList","@id":"https:\/\/tecin-mineria.com.ar\/si20te17\/servicios\/servicio-de-auditoria-de-riesgo-de-incendio-para-flota-de-equipos-pesados\/#breadcrumb","itemListElement":[{"@type":"ListItem","position":1,"name":"Inicio","item":"https:\/\/tecin-mineria.com.ar\/si20te17\/"},{"@type":"ListItem","position":2,"name":"Servicios","item":"https:\/\/tecin-mineria.com.ar\/si20te17\/servicios\/"},{"@type":"ListItem","position":3,"name":"AUDITOR\u00cdA DE RIESGO DE INCENDIO PARA FLOTA DE EQUIPOS PESADOS"}]},{"@type":"WebSite","@id":"https:\/\/tecin-mineria.com.ar\/si20te17\/#website","url":"https:\/\/tecin-mineria.com.ar\/si20te17\/","name":"TECIN - MINERIA","description":"SOCIOS EN LA SEGURIDAD","publisher":{"@id":"https:\/\/tecin-mineria.com.ar\/si20te17\/#organization"},"potentialAction":[{"@type":"SearchAction","target":{"@type":"EntryPoint","urlTemplate":"https:\/\/tecin-mineria.com.ar\/si20te17\/?s={search_term_string}"},"query-input":{"@type":"PropertyValueSpecification","valueRequired":true,"valueName":"search_term_string"}}],"inLanguage":"es-AR"},{"@type":"Organization","@id":"https:\/\/tecin-mineria.com.ar\/si20te17\/#organization","name":"Tecin Mineria","url":"https:\/\/tecin-mineria.com.ar\/si20te17\/","logo":{"@type":"ImageObject","inLanguage":"es-AR","@id":"https:\/\/tecin-mineria.com.ar\/si20te17\/#\/schema\/logo\/image\/","url":"https:\/\/tecin-mineria.com.ar\/si20te17\/wp-content\/uploads\/2018\/12\/TECIN-Mineria-logo-3.png","contentUrl":"https:\/\/tecin-mineria.com.ar\/si20te17\/wp-content\/uploads\/2018\/12\/TECIN-Mineria-logo-3.png","width":328,"height":195,"caption":"Tecin Mineria"},"image":{"@id":"https:\/\/tecin-mineria.com.ar\/si20te17\/#\/schema\/logo\/image\/"},"sameAs":["https:\/\/www.linkedin.com\/in\/daniel-ab\u00e9-07754027\/"]}]}},"_links":{"self":[{"href":"https:\/\/tecin-mineria.com.ar\/si20te17\/wp-json\/wp\/v2\/pages\/740","targetHints":{"allow":["GET"]}}],"collection":[{"href":"https:\/\/tecin-mineria.com.ar\/si20te17\/wp-json\/wp\/v2\/pages"}],"about":[{"href":"https:\/\/tecin-mineria.com.ar\/si20te17\/wp-json\/wp\/v2\/types\/page"}],"author":[{"embeddable":true,"href":"https:\/\/tecin-mineria.com.ar\/si20te17\/wp-json\/wp\/v2\/users\/4"}],"replies":[{"embeddable":true,"href":"https:\/\/tecin-mineria.com.ar\/si20te17\/wp-json\/wp\/v2\/comments?post=740"}],"version-history":[{"count":16,"href":"https:\/\/tecin-mineria.com.ar\/si20te17\/wp-json\/wp\/v2\/pages\/740\/revisions"}],"predecessor-version":[{"id":2164,"href":"https:\/\/tecin-mineria.com.ar\/si20te17\/wp-json\/wp\/v2\/pages\/740\/revisions\/2164"}],"up":[{"embeddable":true,"href":"https:\/\/tecin-mineria.com.ar\/si20te17\/wp-json\/wp\/v2\/pages\/9"}],"wp:attachment":[{"href":"https:\/\/tecin-mineria.com.ar\/si20te17\/wp-json\/wp\/v2\/media?parent=740"}],"curies":[{"name":"wp","href":"https:\/\/api.w.org\/{rel}","templated":true}]}}