{"id":976,"date":"2018-12-06T12:10:11","date_gmt":"2018-12-06T15:10:11","guid":{"rendered":"http:\/\/tecin-mineria.com.ar\/?page_id=976"},"modified":"2025-02-13T16:30:03","modified_gmt":"2025-02-13T19:30:03","slug":"lubricacion","status":"publish","type":"page","link":"https:\/\/tecin-mineria.com.ar\/si20te17\/productos\/lubricacion\/","title":{"rendered":"Sistemas autom\u00e1ticos de lubricaci\u00f3n"},"content":{"rendered":"<p>[vc_row container=&#8221;1&#8243; css=&#8221;.vc_custom_1544111614289{margin-top: 70px !important;margin-bottom: 70px !important;}&#8221;][vc_column][vc_single_image image=&#8221;2296&#8243; img_size=&#8221;full&#8221; alignment=&#8221;center&#8221; css=&#8221;.vc_custom_1738957410782{margin-bottom: 20px !important;}&#8221;][\/vc_column][\/vc_row][vc_row container=&#8221;1&#8243; el_class=&#8221;row-list-wrapper&#8221;][vc_column width=&#8221;2\/3&#8243;][vc_column_text]<span style=\"font-weight: 400;\">Graco ofrece una colecci\u00f3n completa de bombas, v\u00e1lvulas dosificadoras, controladores y accesorios para una lubricaci\u00f3n precisa y oportuna para los usuarios modernos y con mucha informaci\u00f3n de hoy, todo respaldado por el nombre confiable de Graco y con el\u00a0 servicio de atenci\u00f3n al cliente de Tecin Miner\u00eda.<\/span>[\/vc_column_text][\/vc_column][vc_column width=&#8221;1\/3&#8243;][vc_column_text]<\/p>\n<h6 style=\"text-align: left;\"><strong>\u2013 Cat\u00e1logo Completo<\/strong><\/h6>\n<p>[\/vc_column_text][vc_row_inner css=&#8221;.vc_custom_1739474374221{margin-top: 10px !important;}&#8221;][vc_column_inner width=&#8221;1\/2&#8243;][vc_btn title=&#8221;Graco Gu\u00eda General &#8221; style=&#8221;custom&#8221; custom_background=&#8221;#e1332c&#8221; custom_text=&#8221;#ffffff&#8221; shape=&#8221;square&#8221; align=&#8221;center&#8221; button_block=&#8221;true&#8221; link=&#8221;url:https%3A%2F%2Ftecin-mineria.com.ar%2Fsi20te17%2Fwp-content%2Fuploads%2F2025%2F02%2F352728EN-B-SELECTOR-DE-SISTEMA-DE-LUBRICACION_compressed.pdf|target:_blank&#8221;][\/vc_column_inner][vc_column_inner width=&#8221;1\/2&#8243;][vc_btn title=&#8221;Graco Gu\u00eda de Compradores&#8221; style=&#8221;custom&#8221; custom_background=&#8221;#e1332c&#8221; custom_text=&#8221;#ffffff&#8221; shape=&#8221;square&#8221; align=&#8221;center&#8221; button_block=&#8221;true&#8221; link=&#8221;url:https%3A%2F%2Ftecin-mineria.com.ar%2Fsi20te17%2Fwp-content%2Fuploads%2F2025%2F02%2FALE-Buyers-Guide-Nuevo-comprimido.pdf|target:_blank&#8221;][\/vc_column_inner][\/vc_row_inner][\/vc_column][\/vc_row][vc_row][vc_column][vc_raw_html css=&#8221;.vc_custom_1544111502958{margin-top: 30px !important;margin-bottom: 50px !important;}&#8221;]JTNDZGl2JTIwY2xhc3MlM0QlMjJhdXRvLWNvbnRhaW5lciUyMiUzRSUwQSUyMCUyMCUyMCUyMCUyMCUyMCUyMCUyMCUzQ2RpdiUyMGNsYXNzJTNEJTIyc2VjLXRpdGxlJTIwdGV4dC1jZW50ZXIlMjIlM0UlMEElMjAlMjAlMjAlMjAlMjAlMjAlMjAlMjAlMjAlMjAlMjAlMjAlM0NoMiUzRU5VRVNUUkFTJTIwU09MVUNJT05FUyUyMCUzQ3NwYW4lMjBjbGFzcyUzRCUyMnRoZW1lX2NvbG9yJTIyJTNFSU5DTFVZRU4lM0MlMkZzcGFuJTNFJTNDJTJGaDIlM0UlMEElMjAlMjAlMjAlMjAlMjAlMjAlMjAlMjAlMjAlMjAlMjAlMEElMjAlMjAlMjAlMjAlMjAlMjAlMjAlMjAlM0MlMkZkaXYlM0UlMEElM0MlMkZkaXYlM0U=[\/vc_raw_html][\/vc_column][\/vc_row][vc_row css=&#8221;.vc_custom_1544108714400{margin-bottom: 50px !important;}&#8221;][vc_column width=&#8221;1\/4&#8243;][vc_single_image image=&#8221;2297&#8243; img_size=&#8221;full&#8221; alignment=&#8221;center&#8221; style=&#8221;vc_box_shadow_3d&#8221;][vc_column_text css=&#8221;.vc_custom_1738957503802{margin-top: 15px !important;margin-bottom: 15px !important;}&#8221;]<\/p>\n<h6 style=\"text-align: center;\"><strong>Accesorios de lubricaci\u00f3n autom\u00e1tica<\/strong><\/h6>\n<p>[\/vc_column_text][vc_btn title=&#8221;VER M\u00c1S&#8221; style=&#8221;custom&#8221; custom_background=&#8221;#e1332c&#8221; custom_text=&#8221;#ffffff&#8221; shape=&#8221;square&#8221; size=&#8221;sm&#8221; align=&#8221;center&#8221; link=&#8221;url:https%3A%2F%2Ftecin-mineria.com.ar%2Fsi20te17%2Faccesorios-de-lubricacion-automatica%2F|title:VER%20FICHA&#8221;][\/vc_column][vc_column width=&#8221;1\/4&#8243;][vc_single_image image=&#8221;2298&#8243; img_size=&#8221;full&#8221; alignment=&#8221;center&#8221; style=&#8221;vc_box_shadow_3d&#8221;][vc_column_text css=&#8221;.vc_custom_1738957556379{margin-top: 15px !important;margin-bottom: 15px !important;}&#8221;]<\/p>\n<h6 style=\"text-align: center;\"><strong>Controladores de lubricaci\u00f3n autom\u00e1tica<\/strong><\/h6>\n<p>[\/vc_column_text][vc_btn title=&#8221;VER M\u00c1S&#8221; style=&#8221;custom&#8221; custom_background=&#8221;#e1332c&#8221; custom_text=&#8221;#ffffff&#8221; shape=&#8221;square&#8221; size=&#8221;sm&#8221; align=&#8221;center&#8221; link=&#8221;url:https%3A%2F%2Ftecin-mineria.com.ar%2Fsi20te17%2Fcontroladores-de-lubricacion-automatica%2F|title:VER%20FICHA&#8221;][\/vc_column][vc_column width=&#8221;1\/4&#8243;][vc_single_image image=&#8221;2299&#8243; img_size=&#8221;full&#8221; alignment=&#8221;center&#8221; style=&#8221;vc_box_shadow_3d&#8221;][vc_column_text css=&#8221;.vc_custom_1738957584429{margin-top: 15px !important;margin-bottom: 15px !important;}&#8221;]<\/p>\n<h6 style=\"text-align: center;\"><strong>Bombas autom\u00e1ticas de grasa y aceite<\/strong><\/h6>\n<p>[\/vc_column_text][vc_btn title=&#8221;VER M\u00c1S&#8221; style=&#8221;custom&#8221; custom_background=&#8221;#e1332c&#8221; custom_text=&#8221;#ffffff&#8221; shape=&#8221;square&#8221; size=&#8221;sm&#8221; align=&#8221;center&#8221; link=&#8221;url:https%3A%2F%2Ftecin-mineria.com.ar%2Fsi20te17%2Fbombas-automaticas-de-grasa-y-aceite%2F|title:VER%20FICHA&#8221;][\/vc_column][vc_column width=&#8221;1\/4&#8243;][vc_single_image image=&#8221;2300&#8243; img_size=&#8221;full&#8221; alignment=&#8221;center&#8221; style=&#8221;vc_box_shadow_3d&#8221;][vc_column_text css=&#8221;.vc_custom_1738957615381{margin-top: 15px !important;margin-bottom: 15px !important;}&#8221;]<\/p>\n<h6 style=\"text-align: center;\"><strong>Sistemas autom\u00e1ticos de engrase y aceite<\/strong><\/h6>\n<p>[\/vc_column_text][vc_btn title=&#8221;VER M\u00c1S&#8221; style=&#8221;custom&#8221; custom_background=&#8221;#e1332c&#8221; custom_text=&#8221;#ffffff&#8221; shape=&#8221;square&#8221; size=&#8221;sm&#8221; align=&#8221;center&#8221; link=&#8221;url:https%3A%2F%2Ftecin-mineria.com.ar%2Fsi20te17%2Fsistemas-automaticos-de-engrase-y-aceite%2F|title:VER%20FICHA&#8221;][\/vc_column][\/vc_row][vc_row css=&#8221;.vc_custom_1544110461167{margin-bottom: 50px !important;}&#8221;][vc_column width=&#8221;1\/4&#8243;][vc_single_image image=&#8221;2301&#8243; img_size=&#8221;full&#8221; alignment=&#8221;center&#8221; style=&#8221;vc_box_shadow_3d&#8221;][vc_column_text css=&#8221;.vc_custom_1738957652550{margin-top: 15px !important;margin-bottom: 15px !important;}&#8221;]<\/p>\n<h6 style=\"text-align: center;\"><strong>V\u00e1lvulas divisoras de flujo<\/strong><\/h6>\n<p>[\/vc_column_text][vc_btn title=&#8221;VER M\u00c1S&#8221; style=&#8221;custom&#8221; custom_background=&#8221;#e1332c&#8221; custom_text=&#8221;#ffffff&#8221; shape=&#8221;square&#8221; size=&#8221;sm&#8221; align=&#8221;center&#8221; link=&#8221;url:https%3A%2F%2Ftecin-mineria.com.ar%2Fsi20te17%2Fvalvulas-divisoras-de-flujo%2F|title:VER%20FICHA&#8221;][\/vc_column][vc_column width=&#8221;1\/4&#8243;][vc_single_image image=&#8221;2302&#8243; img_size=&#8221;full&#8221; alignment=&#8221;center&#8221; style=&#8221;vc_box_shadow_3d&#8221;][vc_column_text css=&#8221;.vc_custom_1738957679145{margin-top: 15px !important;margin-bottom: 15px !important;}&#8221;]<\/p>\n<h6 style=\"text-align: center;\"><strong>Inyectores de aceite y grasa<\/strong><\/h6>\n<p>[\/vc_column_text][vc_btn title=&#8221;VER M\u00c1S&#8221; style=&#8221;custom&#8221; custom_background=&#8221;#e1332c&#8221; custom_text=&#8221;#ffffff&#8221; shape=&#8221;square&#8221; size=&#8221;sm&#8221; align=&#8221;center&#8221; link=&#8221;url:https%3A%2F%2Ftecin-mineria.com.ar%2Fsi20te17%2Finyectores-de-aceite-y-grasa%2F|title:VER%20FICHA&#8221;][\/vc_column][\/vc_row][vc_row][vc_column][vc_separator][vc_custom_heading text=&#8221;DESCARGA DE CAT\u00c1LOGOS&#8221; font_container=&#8221;tag:h2|text_align:center&#8221; google_fonts=&#8221;font_family:Roboto%3A100%2C100italic%2C300%2C300italic%2Cregular%2Citalic%2C500%2C500italic%2C700%2C700italic%2C900%2C900italic|font_style:700%20bold%20regular%3A700%3Anormal&#8221; css=&#8221;.vc_custom_1739474593903{margin-bottom: 20px !important;}&#8221;][\/vc_column][\/vc_row][vc_row content_placement=&#8221;middle&#8221; css=&#8221;.vc_custom_1739474671963{padding-bottom: 0px !important;}&#8221;][vc_column width=&#8221;1\/5&#8243;][vc_btn title=&#8221;Graco Inyectores&#8221; style=&#8221;custom&#8221; custom_background=&#8221;#e1332c&#8221; custom_text=&#8221;#ffffff&#8221; shape=&#8221;square&#8221; size=&#8221;sm&#8221; align=&#8221;center&#8221; link=&#8221;url:https%3A%2F%2Ftecin-mineria.com.ar%2Fsi20te17%2Fwp-content%2Fuploads%2F2025%2F02%2FInjectors-Brochure.pdf|target:_blank&#8221;][\/vc_column][vc_column width=&#8221;1\/5&#8243;][vc_btn title=&#8221;Graco HDS&#8221; style=&#8221;custom&#8221; custom_background=&#8221;#e1332c&#8221; custom_text=&#8221;#ffffff&#8221; shape=&#8221;square&#8221; size=&#8221;sm&#8221; align=&#8221;center&#8221; link=&#8221;url:https%3A%2F%2Ftecin-mineria.com.ar%2Fsi20te17%2Fwp-content%2Fuploads%2F2025%2F02%2FHDS-Brochure.pdf|target:_blank&#8221;][\/vc_column][vc_column width=&#8221;1\/5&#8243;][vc_btn title=&#8221;Graco GLCX&#8221; style=&#8221;custom&#8221; custom_background=&#8221;#e1332c&#8221; custom_text=&#8221;#ffffff&#8221; shape=&#8221;square&#8221; size=&#8221;sm&#8221; align=&#8221;center&#8221; link=&#8221;url:https%3A%2F%2Ftecin-mineria.com.ar%2Fsi20te17%2Fwp-content%2Fuploads%2F2025%2F02%2FGLCX-Brochure.pdf|target:_blank&#8221;][\/vc_column][vc_column width=&#8221;1\/5&#8243;][vc_btn title=&#8221;Graco EDS&#8221; style=&#8221;custom&#8221; custom_background=&#8221;#e1332c&#8221; custom_text=&#8221;#ffffff&#8221; shape=&#8221;square&#8221; size=&#8221;sm&#8221; align=&#8221;center&#8221; link=&#8221;url:https%3A%2F%2Ftecin-mineria.com.ar%2Fsi20te17%2Fwp-content%2Fuploads%2F2025%2F02%2FEDS-Brochure.pdf|target:_blank&#8221;][\/vc_column][vc_column width=&#8221;1\/5&#8243;][vc_btn title=&#8221;Graco G3&#8243; style=&#8221;custom&#8221; custom_background=&#8221;#e1332c&#8221; custom_text=&#8221;#ffffff&#8221; shape=&#8221;square&#8221; size=&#8221;sm&#8221; align=&#8221;center&#8221; link=&#8221;url:https%3A%2F%2Ftecin-mineria.com.ar%2Fsi20te17%2Fwp-content%2Fuploads%2F2025%2F02%2FG3-Brochure.pdf|target:_blank&#8221;][\/vc_column][\/vc_row][vc_row content_placement=&#8221;middle&#8221;][vc_column width=&#8221;1\/5&#8243;][vc_btn title=&#8221;Graco CDS&#8221; style=&#8221;custom&#8221; custom_background=&#8221;#e1332c&#8221; custom_text=&#8221;#ffffff&#8221; shape=&#8221;square&#8221; size=&#8221;sm&#8221; align=&#8221;center&#8221; link=&#8221;url:https%3A%2F%2Ftecin-mineria.com.ar%2Fsi20te17%2Fwp-content%2Fuploads%2F2025%2F02%2FCDS-Flyer.pdf|target:_blank&#8221; css=&#8221;.vc_custom_1739474833981{margin-top: 20px !important;}&#8221;][\/vc_column][vc_column width=&#8221;1\/5&#8243;][vc_btn title=&#8221;Graco CSP&#8221; style=&#8221;custom&#8221; custom_background=&#8221;#e1332c&#8221; custom_text=&#8221;#ffffff&#8221; shape=&#8221;square&#8221; size=&#8221;sm&#8221; align=&#8221;center&#8221; link=&#8221;url:https%3A%2F%2Ftecin-mineria.com.ar%2Fsi20te17%2Fwp-content%2Fuploads%2F2025%2F02%2FCSP-Brochure.pdf|target:_blank&#8221; css=&#8221;.vc_custom_1739474846019{margin-top: 20px !important;}&#8221;][\/vc_column][vc_column width=&#8221;1\/5&#8243;][\/vc_column][\/vc_row]<\/p>\n","protected":false},"excerpt":{"rendered":"<p>[vc_row container=&#8221;1&#8243; css=&#8221;.vc_custom_1544111614289{margin-top: 70px !important;margin-bottom: 70px !important;}&#8221;][vc_column][vc_single_image image=&#8221;2296&#8243; img_size=&#8221;full&#8221; alignment=&#8221;center&#8221; css=&#8221;.vc_custom_1738957410782{margin-bottom: 20px !important;}&#8221;][\/vc_column][\/vc_row][vc_row container=&#8221;1&#8243; el_class=&#8221;row-list-wrapper&#8221;][vc_column width=&#8221;2\/3&#8243;][vc_column_text]Graco ofrece una colecci\u00f3n completa de bombas, v\u00e1lvulas dosificadoras, controladores y accesorios para una lubricaci\u00f3n precisa y oportuna para los usuarios modernos y con mucha informaci\u00f3n de hoy, todo respaldado por el nombre confiable de Graco y con el\u00a0 servicio<\/p>\n","protected":false},"author":4,"featured_media":0,"parent":440,"menu_order":0,"comment_status":"closed","ping_status":"closed","template":"","meta":{"footnotes":""},"class_list":["post-976","page","type-page","status-publish","hentry"],"yoast_head":"<!-- This site is optimized with the Yoast SEO plugin v27.1.1 - https:\/\/yoast.com\/product\/yoast-seo-wordpress\/ -->\n<title>Lubricaci\u00f3n - Productos | Tecin - Miner\u00eda<\/title>\n<meta name=\"description\" content=\"Contamos con soluciones que van desde lubricantes especiales hasta los sistemas de lubricaci\u00f3n m\u00e1s avanzados. Diagn\u00f3stico y an\u00e1lisis para cada cliente\" \/>\n<meta name=\"robots\" content=\"index, follow, max-snippet:-1, max-image-preview:large, max-video-preview:-1\" \/>\n<link rel=\"canonical\" href=\"https:\/\/tecin-mineria.com.ar\/si20te17\/productos\/lubricacion\/\" \/>\n<meta property=\"og:locale\" content=\"es_ES\" \/>\n<meta property=\"og:type\" content=\"article\" \/>\n<meta property=\"og:title\" content=\"Lubricaci\u00f3n - Productos | Tecin - Miner\u00eda\" \/>\n<meta property=\"og:description\" content=\"Contamos con soluciones que van desde lubricantes especiales hasta los sistemas de lubricaci\u00f3n m\u00e1s avanzados. Diagn\u00f3stico y an\u00e1lisis para cada cliente\" \/>\n<meta property=\"og:url\" content=\"https:\/\/tecin-mineria.com.ar\/si20te17\/productos\/lubricacion\/\" \/>\n<meta property=\"og:site_name\" content=\"TECIN - MINERIA\" \/>\n<meta property=\"article:modified_time\" content=\"2025-02-13T19:30:03+00:00\" \/>\n<meta name=\"twitter:card\" content=\"summary_large_image\" \/>\n<meta name=\"twitter:label1\" content=\"Tiempo de lectura\" \/>\n\t<meta name=\"twitter:data1\" content=\"2 minutos\" \/>\n<script type=\"application\/ld+json\" class=\"yoast-schema-graph\">{\"@context\":\"https:\/\/schema.org\",\"@graph\":[{\"@type\":\"WebPage\",\"@id\":\"https:\/\/tecin-mineria.com.ar\/si20te17\/productos\/lubricacion\/\",\"url\":\"https:\/\/tecin-mineria.com.ar\/si20te17\/productos\/lubricacion\/\",\"name\":\"Lubricaci\u00f3n - Productos | Tecin - Miner\u00eda\",\"isPartOf\":{\"@id\":\"https:\/\/tecin-mineria.com.ar\/si20te17\/#website\"},\"datePublished\":\"2018-12-06T15:10:11+00:00\",\"dateModified\":\"2025-02-13T19:30:03+00:00\",\"description\":\"Contamos con soluciones que van desde lubricantes especiales hasta los sistemas de lubricaci\u00f3n m\u00e1s avanzados. Diagn\u00f3stico y an\u00e1lisis para cada cliente\",\"breadcrumb\":{\"@id\":\"https:\/\/tecin-mineria.com.ar\/si20te17\/productos\/lubricacion\/#breadcrumb\"},\"inLanguage\":\"es-AR\",\"potentialAction\":[{\"@type\":\"ReadAction\",\"target\":[\"https:\/\/tecin-mineria.com.ar\/si20te17\/productos\/lubricacion\/\"]}]},{\"@type\":\"BreadcrumbList\",\"@id\":\"https:\/\/tecin-mineria.com.ar\/si20te17\/productos\/lubricacion\/#breadcrumb\",\"itemListElement\":[{\"@type\":\"ListItem\",\"position\":1,\"name\":\"Inicio\",\"item\":\"https:\/\/tecin-mineria.com.ar\/si20te17\/\"},{\"@type\":\"ListItem\",\"position\":2,\"name\":\"Productos\",\"item\":\"https:\/\/tecin-mineria.com.ar\/si20te17\/productos\/\"},{\"@type\":\"ListItem\",\"position\":3,\"name\":\"Sistemas autom\u00e1ticos de lubricaci\u00f3n\"}]},{\"@type\":\"WebSite\",\"@id\":\"https:\/\/tecin-mineria.com.ar\/si20te17\/#website\",\"url\":\"https:\/\/tecin-mineria.com.ar\/si20te17\/\",\"name\":\"TECIN - MINERIA\",\"description\":\"SOCIOS EN LA SEGURIDAD\",\"publisher\":{\"@id\":\"https:\/\/tecin-mineria.com.ar\/si20te17\/#organization\"},\"potentialAction\":[{\"@type\":\"SearchAction\",\"target\":{\"@type\":\"EntryPoint\",\"urlTemplate\":\"https:\/\/tecin-mineria.com.ar\/si20te17\/?s={search_term_string}\"},\"query-input\":{\"@type\":\"PropertyValueSpecification\",\"valueRequired\":true,\"valueName\":\"search_term_string\"}}],\"inLanguage\":\"es-AR\"},{\"@type\":\"Organization\",\"@id\":\"https:\/\/tecin-mineria.com.ar\/si20te17\/#organization\",\"name\":\"Tecin Mineria\",\"url\":\"https:\/\/tecin-mineria.com.ar\/si20te17\/\",\"logo\":{\"@type\":\"ImageObject\",\"inLanguage\":\"es-AR\",\"@id\":\"https:\/\/tecin-mineria.com.ar\/si20te17\/#\/schema\/logo\/image\/\",\"url\":\"https:\/\/tecin-mineria.com.ar\/si20te17\/wp-content\/uploads\/2018\/12\/TECIN-Mineria-logo-3.png\",\"contentUrl\":\"https:\/\/tecin-mineria.com.ar\/si20te17\/wp-content\/uploads\/2018\/12\/TECIN-Mineria-logo-3.png\",\"width\":328,\"height\":195,\"caption\":\"Tecin Mineria\"},\"image\":{\"@id\":\"https:\/\/tecin-mineria.com.ar\/si20te17\/#\/schema\/logo\/image\/\"},\"sameAs\":[\"https:\/\/www.linkedin.com\/in\/daniel-ab\u00e9-07754027\/\"]}]}<\/script>\n<!-- \/ Yoast SEO plugin. -->","yoast_head_json":{"title":"Lubricaci\u00f3n - Productos | Tecin - Miner\u00eda","description":"Contamos con soluciones que van desde lubricantes especiales hasta los sistemas de lubricaci\u00f3n m\u00e1s avanzados. Diagn\u00f3stico y an\u00e1lisis para cada cliente","robots":{"index":"index","follow":"follow","max-snippet":"max-snippet:-1","max-image-preview":"max-image-preview:large","max-video-preview":"max-video-preview:-1"},"canonical":"https:\/\/tecin-mineria.com.ar\/si20te17\/productos\/lubricacion\/","og_locale":"es_ES","og_type":"article","og_title":"Lubricaci\u00f3n - Productos | Tecin - Miner\u00eda","og_description":"Contamos con soluciones que van desde lubricantes especiales hasta los sistemas de lubricaci\u00f3n m\u00e1s avanzados. Diagn\u00f3stico y an\u00e1lisis para cada cliente","og_url":"https:\/\/tecin-mineria.com.ar\/si20te17\/productos\/lubricacion\/","og_site_name":"TECIN - MINERIA","article_modified_time":"2025-02-13T19:30:03+00:00","twitter_card":"summary_large_image","twitter_misc":{"Tiempo de lectura":"2 minutos"},"schema":{"@context":"https:\/\/schema.org","@graph":[{"@type":"WebPage","@id":"https:\/\/tecin-mineria.com.ar\/si20te17\/productos\/lubricacion\/","url":"https:\/\/tecin-mineria.com.ar\/si20te17\/productos\/lubricacion\/","name":"Lubricaci\u00f3n - Productos | Tecin - Miner\u00eda","isPartOf":{"@id":"https:\/\/tecin-mineria.com.ar\/si20te17\/#website"},"datePublished":"2018-12-06T15:10:11+00:00","dateModified":"2025-02-13T19:30:03+00:00","description":"Contamos con soluciones que van desde lubricantes especiales hasta los sistemas de lubricaci\u00f3n m\u00e1s avanzados. Diagn\u00f3stico y an\u00e1lisis para cada cliente","breadcrumb":{"@id":"https:\/\/tecin-mineria.com.ar\/si20te17\/productos\/lubricacion\/#breadcrumb"},"inLanguage":"es-AR","potentialAction":[{"@type":"ReadAction","target":["https:\/\/tecin-mineria.com.ar\/si20te17\/productos\/lubricacion\/"]}]},{"@type":"BreadcrumbList","@id":"https:\/\/tecin-mineria.com.ar\/si20te17\/productos\/lubricacion\/#breadcrumb","itemListElement":[{"@type":"ListItem","position":1,"name":"Inicio","item":"https:\/\/tecin-mineria.com.ar\/si20te17\/"},{"@type":"ListItem","position":2,"name":"Productos","item":"https:\/\/tecin-mineria.com.ar\/si20te17\/productos\/"},{"@type":"ListItem","position":3,"name":"Sistemas autom\u00e1ticos de lubricaci\u00f3n"}]},{"@type":"WebSite","@id":"https:\/\/tecin-mineria.com.ar\/si20te17\/#website","url":"https:\/\/tecin-mineria.com.ar\/si20te17\/","name":"TECIN - MINERIA","description":"SOCIOS EN LA SEGURIDAD","publisher":{"@id":"https:\/\/tecin-mineria.com.ar\/si20te17\/#organization"},"potentialAction":[{"@type":"SearchAction","target":{"@type":"EntryPoint","urlTemplate":"https:\/\/tecin-mineria.com.ar\/si20te17\/?s={search_term_string}"},"query-input":{"@type":"PropertyValueSpecification","valueRequired":true,"valueName":"search_term_string"}}],"inLanguage":"es-AR"},{"@type":"Organization","@id":"https:\/\/tecin-mineria.com.ar\/si20te17\/#organization","name":"Tecin Mineria","url":"https:\/\/tecin-mineria.com.ar\/si20te17\/","logo":{"@type":"ImageObject","inLanguage":"es-AR","@id":"https:\/\/tecin-mineria.com.ar\/si20te17\/#\/schema\/logo\/image\/","url":"https:\/\/tecin-mineria.com.ar\/si20te17\/wp-content\/uploads\/2018\/12\/TECIN-Mineria-logo-3.png","contentUrl":"https:\/\/tecin-mineria.com.ar\/si20te17\/wp-content\/uploads\/2018\/12\/TECIN-Mineria-logo-3.png","width":328,"height":195,"caption":"Tecin Mineria"},"image":{"@id":"https:\/\/tecin-mineria.com.ar\/si20te17\/#\/schema\/logo\/image\/"},"sameAs":["https:\/\/www.linkedin.com\/in\/daniel-ab\u00e9-07754027\/"]}]}},"_links":{"self":[{"href":"https:\/\/tecin-mineria.com.ar\/si20te17\/wp-json\/wp\/v2\/pages\/976","targetHints":{"allow":["GET"]}}],"collection":[{"href":"https:\/\/tecin-mineria.com.ar\/si20te17\/wp-json\/wp\/v2\/pages"}],"about":[{"href":"https:\/\/tecin-mineria.com.ar\/si20te17\/wp-json\/wp\/v2\/types\/page"}],"author":[{"embeddable":true,"href":"https:\/\/tecin-mineria.com.ar\/si20te17\/wp-json\/wp\/v2\/users\/4"}],"replies":[{"embeddable":true,"href":"https:\/\/tecin-mineria.com.ar\/si20te17\/wp-json\/wp\/v2\/comments?post=976"}],"version-history":[{"count":44,"href":"https:\/\/tecin-mineria.com.ar\/si20te17\/wp-json\/wp\/v2\/pages\/976\/revisions"}],"predecessor-version":[{"id":2442,"href":"https:\/\/tecin-mineria.com.ar\/si20te17\/wp-json\/wp\/v2\/pages\/976\/revisions\/2442"}],"up":[{"embeddable":true,"href":"https:\/\/tecin-mineria.com.ar\/si20te17\/wp-json\/wp\/v2\/pages\/440"}],"wp:attachment":[{"href":"https:\/\/tecin-mineria.com.ar\/si20te17\/wp-json\/wp\/v2\/media?parent=976"}],"curies":[{"name":"wp","href":"https:\/\/api.w.org\/{rel}","templated":true}]}}