{"id":993,"date":"2018-12-06T12:42:08","date_gmt":"2018-12-06T15:42:08","guid":{"rendered":"http:\/\/tecin-mineria.com.ar\/?page_id=993"},"modified":"2019-04-30T16:29:01","modified_gmt":"2019-04-30T19:29:01","slug":"transmision-de-potencia","status":"publish","type":"page","link":"https:\/\/tecin-mineria.com.ar\/si20te17\/productos\/transmision-de-potencia\/","title":{"rendered":"Transmisi\u00f3n de Potencia"},"content":{"rendered":"<p>[vc_row container=&#8221;1&#8243; css=&#8221;.vc_custom_1544111096182{margin-top: 70px !important;margin-bottom: 70px !important;}&#8221;][vc_column][vc_single_image image=&#8221;1052&#8243; img_size=&#8221;full&#8221; alignment=&#8221;center&#8221; style=&#8221;vc_box_shadow_3d&#8221;][\/vc_column][\/vc_row][vc_row container=&#8221;1&#8243; el_class=&#8221;row-list-wrapper&#8221;][vc_column width=&#8221;2\/3&#8243;][vc_column_text]<span style=\"font-weight: 400;\">Para transmitir potencia lo hacemos junto a los mejores. La l\u00ednea de componentes de transmisi\u00f3n de potencia de SKF incluye correas, cadenas, acoplamientos, poleas, ruedas dentadas, casquillos y cubos de alta calidad.<\/span><\/p>\n<p>Al elegir productos de transmisi\u00f3n de potencia de SKF, se est\u00e1 invirtiendo en soluciones de alta calidad y alto rendimiento que permiten que su maquinaria funcione de manera m\u00e1s eficiente y aumente su tiempo medio entre fallos o reparaciones.<\/p>\n<p>Esto se traduce en ahorros sustanciales en los costos de propiedad a medida que disfruta de una vida \u00fatil m\u00e1s larga, un menor mantenimiento del equipo y un mejor retorno de la inversi\u00f3n (ROI).[\/vc_column_text][\/vc_column][vc_column width=&#8221;1\/3&#8243;][vc_single_image image=&#8221;1003&#8243; img_size=&#8221;full&#8221; alignment=&#8221;center&#8221; style=&#8221;vc_box_shadow_3d&#8221;][vc_btn title=&#8221;VER FICHA&#8221; style=&#8221;custom&#8221; custom_background=&#8221;#e1332c&#8221; custom_text=&#8221;#ffffff&#8221; shape=&#8221;square&#8221; align=&#8221;center&#8221; link=&#8221;url:http%3A%2F%2Ftecin-mineria.com.ar%2Ffichas-productos%2FSKF%2520TRANSMISION%2520DE%2520POTENCIA.pdf|title:VER%20FICHA|target:%20_blank|&#8221; button_block=&#8221;true&#8221;][\/vc_column][\/vc_row]<\/p>\n","protected":false},"excerpt":{"rendered":"<p>[vc_row container=&#8221;1&#8243; css=&#8221;.vc_custom_1544111096182{margin-top: 70px !important;margin-bottom: 70px !important;}&#8221;][vc_column][vc_single_image image=&#8221;1052&#8243; img_size=&#8221;full&#8221; alignment=&#8221;center&#8221; style=&#8221;vc_box_shadow_3d&#8221;][\/vc_column][\/vc_row][vc_row container=&#8221;1&#8243; el_class=&#8221;row-list-wrapper&#8221;][vc_column width=&#8221;2\/3&#8243;][vc_column_text]Para transmitir potencia lo hacemos junto a los mejores. La l\u00ednea de componentes de transmisi\u00f3n de potencia de SKF incluye correas, cadenas, acoplamientos, poleas, ruedas dentadas, casquillos y cubos de alta calidad. Al elegir productos de transmisi\u00f3n de potencia de SKF, se<\/p>\n","protected":false},"author":4,"featured_media":0,"parent":440,"menu_order":0,"comment_status":"closed","ping_status":"closed","template":"","meta":{"footnotes":""},"class_list":["post-993","page","type-page","status-publish","hentry"],"yoast_head":"<!-- This site is optimized with the Yoast SEO plugin v27.1.1 - https:\/\/yoast.com\/product\/yoast-seo-wordpress\/ -->\n<title>Transmisi\u00f3n de Potencia \u2013 Productos | Tecin - Miner\u00eda<\/title>\n<meta name=\"description\" content=\"Entr\u00e1 y conoc\u00e9 todos los productos con los que trabajamos. La l\u00ednea de componentes de transmisi\u00f3n de potencia son SKF, empresa l\u00edder mundial. %\" \/>\n<meta name=\"robots\" content=\"index, follow, max-snippet:-1, max-image-preview:large, max-video-preview:-1\" \/>\n<link rel=\"canonical\" href=\"https:\/\/tecin-mineria.com.ar\/si20te17\/productos\/transmision-de-potencia\/\" \/>\n<meta property=\"og:locale\" content=\"es_ES\" \/>\n<meta property=\"og:type\" content=\"article\" \/>\n<meta property=\"og:title\" content=\"Transmisi\u00f3n de Potencia \u2013 Productos | Tecin - Miner\u00eda\" \/>\n<meta property=\"og:description\" content=\"Entr\u00e1 y conoc\u00e9 todos los productos con los que trabajamos. La l\u00ednea de componentes de transmisi\u00f3n de potencia son SKF, empresa l\u00edder mundial. %\" \/>\n<meta property=\"og:url\" content=\"https:\/\/tecin-mineria.com.ar\/si20te17\/productos\/transmision-de-potencia\/\" \/>\n<meta property=\"og:site_name\" content=\"TECIN - MINERIA\" \/>\n<meta property=\"article:modified_time\" content=\"2019-04-30T19:29:01+00:00\" \/>\n<meta name=\"twitter:card\" content=\"summary_large_image\" \/>\n<meta name=\"twitter:label1\" content=\"Tiempo de lectura\" \/>\n\t<meta name=\"twitter:data1\" content=\"1 minuto\" \/>\n<script type=\"application\/ld+json\" class=\"yoast-schema-graph\">{\"@context\":\"https:\/\/schema.org\",\"@graph\":[{\"@type\":\"WebPage\",\"@id\":\"https:\/\/tecin-mineria.com.ar\/si20te17\/productos\/transmision-de-potencia\/\",\"url\":\"https:\/\/tecin-mineria.com.ar\/si20te17\/productos\/transmision-de-potencia\/\",\"name\":\"Transmisi\u00f3n de Potencia \u2013 Productos | Tecin - Miner\u00eda\",\"isPartOf\":{\"@id\":\"https:\/\/tecin-mineria.com.ar\/si20te17\/#website\"},\"datePublished\":\"2018-12-06T15:42:08+00:00\",\"dateModified\":\"2019-04-30T19:29:01+00:00\",\"description\":\"Entr\u00e1 y conoc\u00e9 todos los productos con los que trabajamos. La l\u00ednea de componentes de transmisi\u00f3n de potencia son SKF, empresa l\u00edder mundial. %\",\"breadcrumb\":{\"@id\":\"https:\/\/tecin-mineria.com.ar\/si20te17\/productos\/transmision-de-potencia\/#breadcrumb\"},\"inLanguage\":\"es-AR\",\"potentialAction\":[{\"@type\":\"ReadAction\",\"target\":[\"https:\/\/tecin-mineria.com.ar\/si20te17\/productos\/transmision-de-potencia\/\"]}]},{\"@type\":\"BreadcrumbList\",\"@id\":\"https:\/\/tecin-mineria.com.ar\/si20te17\/productos\/transmision-de-potencia\/#breadcrumb\",\"itemListElement\":[{\"@type\":\"ListItem\",\"position\":1,\"name\":\"Inicio\",\"item\":\"https:\/\/tecin-mineria.com.ar\/si20te17\/\"},{\"@type\":\"ListItem\",\"position\":2,\"name\":\"Productos\",\"item\":\"https:\/\/tecin-mineria.com.ar\/si20te17\/productos\/\"},{\"@type\":\"ListItem\",\"position\":3,\"name\":\"Transmisi\u00f3n de Potencia\"}]},{\"@type\":\"WebSite\",\"@id\":\"https:\/\/tecin-mineria.com.ar\/si20te17\/#website\",\"url\":\"https:\/\/tecin-mineria.com.ar\/si20te17\/\",\"name\":\"TECIN - MINERIA\",\"description\":\"SOCIOS EN LA SEGURIDAD\",\"publisher\":{\"@id\":\"https:\/\/tecin-mineria.com.ar\/si20te17\/#organization\"},\"potentialAction\":[{\"@type\":\"SearchAction\",\"target\":{\"@type\":\"EntryPoint\",\"urlTemplate\":\"https:\/\/tecin-mineria.com.ar\/si20te17\/?s={search_term_string}\"},\"query-input\":{\"@type\":\"PropertyValueSpecification\",\"valueRequired\":true,\"valueName\":\"search_term_string\"}}],\"inLanguage\":\"es-AR\"},{\"@type\":\"Organization\",\"@id\":\"https:\/\/tecin-mineria.com.ar\/si20te17\/#organization\",\"name\":\"Tecin Mineria\",\"url\":\"https:\/\/tecin-mineria.com.ar\/si20te17\/\",\"logo\":{\"@type\":\"ImageObject\",\"inLanguage\":\"es-AR\",\"@id\":\"https:\/\/tecin-mineria.com.ar\/si20te17\/#\/schema\/logo\/image\/\",\"url\":\"https:\/\/tecin-mineria.com.ar\/si20te17\/wp-content\/uploads\/2018\/12\/TECIN-Mineria-logo-3.png\",\"contentUrl\":\"https:\/\/tecin-mineria.com.ar\/si20te17\/wp-content\/uploads\/2018\/12\/TECIN-Mineria-logo-3.png\",\"width\":328,\"height\":195,\"caption\":\"Tecin Mineria\"},\"image\":{\"@id\":\"https:\/\/tecin-mineria.com.ar\/si20te17\/#\/schema\/logo\/image\/\"},\"sameAs\":[\"https:\/\/www.linkedin.com\/in\/daniel-ab\u00e9-07754027\/\"]}]}<\/script>\n<!-- \/ Yoast SEO plugin. -->","yoast_head_json":{"title":"Transmisi\u00f3n de Potencia \u2013 Productos | Tecin - Miner\u00eda","description":"Entr\u00e1 y conoc\u00e9 todos los productos con los que trabajamos. La l\u00ednea de componentes de transmisi\u00f3n de potencia son SKF, empresa l\u00edder mundial. %","robots":{"index":"index","follow":"follow","max-snippet":"max-snippet:-1","max-image-preview":"max-image-preview:large","max-video-preview":"max-video-preview:-1"},"canonical":"https:\/\/tecin-mineria.com.ar\/si20te17\/productos\/transmision-de-potencia\/","og_locale":"es_ES","og_type":"article","og_title":"Transmisi\u00f3n de Potencia \u2013 Productos | Tecin - Miner\u00eda","og_description":"Entr\u00e1 y conoc\u00e9 todos los productos con los que trabajamos. La l\u00ednea de componentes de transmisi\u00f3n de potencia son SKF, empresa l\u00edder mundial. %","og_url":"https:\/\/tecin-mineria.com.ar\/si20te17\/productos\/transmision-de-potencia\/","og_site_name":"TECIN - MINERIA","article_modified_time":"2019-04-30T19:29:01+00:00","twitter_card":"summary_large_image","twitter_misc":{"Tiempo de lectura":"1 minuto"},"schema":{"@context":"https:\/\/schema.org","@graph":[{"@type":"WebPage","@id":"https:\/\/tecin-mineria.com.ar\/si20te17\/productos\/transmision-de-potencia\/","url":"https:\/\/tecin-mineria.com.ar\/si20te17\/productos\/transmision-de-potencia\/","name":"Transmisi\u00f3n de Potencia \u2013 Productos | Tecin - Miner\u00eda","isPartOf":{"@id":"https:\/\/tecin-mineria.com.ar\/si20te17\/#website"},"datePublished":"2018-12-06T15:42:08+00:00","dateModified":"2019-04-30T19:29:01+00:00","description":"Entr\u00e1 y conoc\u00e9 todos los productos con los que trabajamos. La l\u00ednea de componentes de transmisi\u00f3n de potencia son SKF, empresa l\u00edder mundial. %","breadcrumb":{"@id":"https:\/\/tecin-mineria.com.ar\/si20te17\/productos\/transmision-de-potencia\/#breadcrumb"},"inLanguage":"es-AR","potentialAction":[{"@type":"ReadAction","target":["https:\/\/tecin-mineria.com.ar\/si20te17\/productos\/transmision-de-potencia\/"]}]},{"@type":"BreadcrumbList","@id":"https:\/\/tecin-mineria.com.ar\/si20te17\/productos\/transmision-de-potencia\/#breadcrumb","itemListElement":[{"@type":"ListItem","position":1,"name":"Inicio","item":"https:\/\/tecin-mineria.com.ar\/si20te17\/"},{"@type":"ListItem","position":2,"name":"Productos","item":"https:\/\/tecin-mineria.com.ar\/si20te17\/productos\/"},{"@type":"ListItem","position":3,"name":"Transmisi\u00f3n de Potencia"}]},{"@type":"WebSite","@id":"https:\/\/tecin-mineria.com.ar\/si20te17\/#website","url":"https:\/\/tecin-mineria.com.ar\/si20te17\/","name":"TECIN - MINERIA","description":"SOCIOS EN LA SEGURIDAD","publisher":{"@id":"https:\/\/tecin-mineria.com.ar\/si20te17\/#organization"},"potentialAction":[{"@type":"SearchAction","target":{"@type":"EntryPoint","urlTemplate":"https:\/\/tecin-mineria.com.ar\/si20te17\/?s={search_term_string}"},"query-input":{"@type":"PropertyValueSpecification","valueRequired":true,"valueName":"search_term_string"}}],"inLanguage":"es-AR"},{"@type":"Organization","@id":"https:\/\/tecin-mineria.com.ar\/si20te17\/#organization","name":"Tecin Mineria","url":"https:\/\/tecin-mineria.com.ar\/si20te17\/","logo":{"@type":"ImageObject","inLanguage":"es-AR","@id":"https:\/\/tecin-mineria.com.ar\/si20te17\/#\/schema\/logo\/image\/","url":"https:\/\/tecin-mineria.com.ar\/si20te17\/wp-content\/uploads\/2018\/12\/TECIN-Mineria-logo-3.png","contentUrl":"https:\/\/tecin-mineria.com.ar\/si20te17\/wp-content\/uploads\/2018\/12\/TECIN-Mineria-logo-3.png","width":328,"height":195,"caption":"Tecin Mineria"},"image":{"@id":"https:\/\/tecin-mineria.com.ar\/si20te17\/#\/schema\/logo\/image\/"},"sameAs":["https:\/\/www.linkedin.com\/in\/daniel-ab\u00e9-07754027\/"]}]}},"_links":{"self":[{"href":"https:\/\/tecin-mineria.com.ar\/si20te17\/wp-json\/wp\/v2\/pages\/993","targetHints":{"allow":["GET"]}}],"collection":[{"href":"https:\/\/tecin-mineria.com.ar\/si20te17\/wp-json\/wp\/v2\/pages"}],"about":[{"href":"https:\/\/tecin-mineria.com.ar\/si20te17\/wp-json\/wp\/v2\/types\/page"}],"author":[{"embeddable":true,"href":"https:\/\/tecin-mineria.com.ar\/si20te17\/wp-json\/wp\/v2\/users\/4"}],"replies":[{"embeddable":true,"href":"https:\/\/tecin-mineria.com.ar\/si20te17\/wp-json\/wp\/v2\/comments?post=993"}],"version-history":[{"count":8,"href":"https:\/\/tecin-mineria.com.ar\/si20te17\/wp-json\/wp\/v2\/pages\/993\/revisions"}],"predecessor-version":[{"id":1055,"href":"https:\/\/tecin-mineria.com.ar\/si20te17\/wp-json\/wp\/v2\/pages\/993\/revisions\/1055"}],"up":[{"embeddable":true,"href":"https:\/\/tecin-mineria.com.ar\/si20te17\/wp-json\/wp\/v2\/pages\/440"}],"wp:attachment":[{"href":"https:\/\/tecin-mineria.com.ar\/si20te17\/wp-json\/wp\/v2\/media?parent=993"}],"curies":[{"name":"wp","href":"https:\/\/api.w.org\/{rel}","templated":true}]}}